{"id":13432,"date":"2026-01-12T16:22:00","date_gmt":"2026-01-12T15:22:00","guid":{"rendered":"https:\/\/motorrad-erinnerungen.de\/shop\/produkt\/oldtimer-praxis-09-2010-topolino-kombi-triumph-5ta-maico-350-gs\/"},"modified":"2026-01-12T22:39:37","modified_gmt":"2026-01-12T21:39:37","slug":"oldtimer-praxis-09-2010-topolino-kombi-triumph-5ta-maico-350-gs","status":"publish","type":"product","link":"https:\/\/motorrad-erinnerungen.de\/shop\/produkt\/oldtimer-praxis-09-2010-topolino-kombi-triumph-5ta-maico-350-gs\/","title":{"rendered":"Oldtimer Praxis 09\/2010 \u2013 Fiat Topolino C Belvedere; Triumph Speed Twin 5TA; Maico 350 GS"},"content":{"rendered":"<p>Erg\u00e4nzen Sie Ihre Sammlung mit der Originalausgabe <strong>Oldtimer Praxis 09\/2010<\/strong>.<\/p>\n<h2>\ud83d\udccc Titelthema dieser Ausgabe<\/h2>\n<ul>\n<li><strong>Fiat Topolino C Belvedere<\/strong>\u00a0\u2013 Ein bildsch\u00f6nes Komni-M\u00e4uschen<\/li>\n<\/ul>\n<h2>\ud83c\udfcd\ufe0f Motorr\u00e4der &amp; Zweir\u00e4der in dieser Ausgabe<\/h2>\n<ul>\n<li><strong>Triumph Speed Twin 5TA<\/strong> \u2013 Schick in Schale<\/li>\n<li><strong>Maico 350 GS<\/strong> \u2013 hier vorgesehen f\u00fcr den historischen Gel\u00e4ndesport<\/li>\n<li><strong>Nimbus-Vierzylinder<\/strong> \u2013 Im Fokus<\/li>\n<\/ul>\n<h2>\ud83d\ude97 Weitere Oldtimer-Themen<\/h2>\n<ul>\n<li><strong>BMW 3\/15 &#8218;Dixi&#8216;<\/strong> \u2013 Fahrtenbuch: 40 Jahre BMW 3\/15 &#8218;Dixi&#8216;<\/li>\n<li><strong>Datsun 1600 Fairlady<\/strong> \u2013 Es muss nicht immer MG sein! Der unbekannte Roadster<\/li>\n<li><strong>Ford Sierra XR4i<\/strong> \u2013 Die wilden Achtziger: Beinahe ausgestorben: Fords fixer Sierra XR4i<\/li>\n<li><strong>VW 1600 TL<\/strong> \u2013 der Typ 3 auf dem Weg der Besserung: Halbzeit einer echten Vollsanierung<\/li>\n<li><strong>Gurten und Kindersitze<\/strong> \u2013 Aber sicher! Kinder im Oldie \u2013 Tipps zur korrekten Montage von Gurten und Kindersitzen<\/li>\n<\/ul>\n<h2>\ud83d\udca1 Tipp<\/h2>\n<ul>\n<li>Eine Oldtimer-Zeitschrift kann auch eine willkommene \u00dcberraschung sein, f\u00fcr Liebhaber klassischer Autos und Motorr\u00e4der \u2013 zum Verschenken von Erinnerungen und Tr\u00e4umen.<\/li>\n<\/ul>\n<h2>\ud83d\udce6 Versand &amp; Service<\/h2>\n<ul>\n<li>Kostenloser Versand in Deutschland, Auslandsversand f\u00fcr eine geringe Pauschale<\/li>\n<li>Erfahrung aus weit \u00fcber 30.000 erfolgreichen Sendungen<\/li>\n<li>Ihre Zeitschrift wird sicher und liebevoll verpackt<\/li>\n<\/ul>\n<h2>\ud83c\udf0d Zustand der Zeitschrift<\/h2>\n<ul>\n<li>Gebraucht, weil gelesen, durchgebl\u00e4ttert, gestapelt, alles original \ud83d\ude09<\/li>\n<\/ul>\n","protected":false},"excerpt":{"rendered":"<p>Mehr als nur Altpapier: Diese Zeitschrift ist ein St\u00fcck Zeitgeschichte und technisches Archiv zugleich. Perfekt f\u00fcr Sammler und Schrauber, die tief in die Technik vergangener Jahrzehnte eintauchen m\u00f6chten.<\/p>\n","protected":false},"featured_media":13444,"template":"","meta":{"iawp_total_views":2},"product_brand":[],"product_cat":[10216],"product_tag":[11773,11774,10921,11268,11739,11740,11741,11742,11743,11771,11772],"class_list":{"0":"post-13432","1":"product","2":"type-product","3":"status-publish","4":"has-post-thumbnail","6":"product_cat-oldtimer-praxis","7":"product_tag-vw-1600-tl","8":"product_tag-triumph-speed-twin-5ta","9":"product_tag-bmw-dixi","10":"product_tag-nimbus","11":"product_tag-ford-sierra-xr4i","12":"product_tag-sicherheitsgurt","13":"product_tag-maico-350-gs","14":"product_tag-kindersitz","15":"product_tag-vw-typ-3","16":"product_tag-fiat-topolino-c-belvedere","17":"product_tag-datsun-1600-fairlady","19":"first","20":"instock","21":"shipping-taxable","22":"purchasable","23":"product-type-simple"},"_links":{"self":[{"href":"https:\/\/motorrad-erinnerungen.de\/shop\/wp-json\/wp\/v2\/product\/13432","targetHints":{"allow":["GET"]}}],"collection":[{"href":"https:\/\/motorrad-erinnerungen.de\/shop\/wp-json\/wp\/v2\/product"}],"about":[{"href":"https:\/\/motorrad-erinnerungen.de\/shop\/wp-json\/wp\/v2\/types\/product"}],"wp:featuredmedia":[{"embeddable":true,"href":"https:\/\/motorrad-erinnerungen.de\/shop\/wp-json\/wp\/v2\/media\/13444"}],"wp:attachment":[{"href":"https:\/\/motorrad-erinnerungen.de\/shop\/wp-json\/wp\/v2\/media?parent=13432"}],"wp:term":[{"taxonomy":"product_brand","embeddable":true,"href":"https:\/\/motorrad-erinnerungen.de\/shop\/wp-json\/wp\/v2\/product_brand?post=13432"},{"taxonomy":"product_cat","embeddable":true,"href":"https:\/\/motorrad-erinnerungen.de\/shop\/wp-json\/wp\/v2\/product_cat?post=13432"},{"taxonomy":"product_tag","embeddable":true,"href":"https:\/\/motorrad-erinnerungen.de\/shop\/wp-json\/wp\/v2\/product_tag?post=13432"}],"curies":[{"name":"wp","href":"https:\/\/api.w.org\/{rel}","templated":true}]}}