{"id":13593,"date":"2026-01-17T21:44:15","date_gmt":"2026-01-17T20:44:15","guid":{"rendered":"https:\/\/motorrad-erinnerungen.de\/shop\/produkt\/oldtimer-praxis-01-1992-nsu-prinz-3-gabelabstimmung\/"},"modified":"2026-01-17T22:00:51","modified_gmt":"2026-01-17T21:00:51","slug":"oldtimer-praxis-01-1992-nsu-prinz-3-gabelabstimmung","status":"publish","type":"product","link":"https:\/\/motorrad-erinnerungen.de\/shop\/produkt\/oldtimer-praxis-01-1992-nsu-prinz-3-gabelabstimmung\/","title":{"rendered":"Oldtimer Praxis 01\/1992 \u2013 NSU Prinz 3; Tornax V 200; Z\u00fcndapp KS 601"},"content":{"rendered":"<p>Erg\u00e4nzen Sie Ihre Sammlung mit der Originalausgabe <strong>Oldtimer Praxis 01\/1992<\/strong>.<\/p>\n<h2>\ud83d\udccc Titelthema dieser Ausgabe<\/h2>\n<ul>\n<li><strong>NSU Prinz 3<\/strong> \u2013 Aus den 60ern, Adel verpflichtet<\/li>\n<\/ul>\n<h2>\ud83c\udfcd\ufe0f Motorr\u00e4der &amp; Zweir\u00e4der in dieser Ausgabe<\/h2>\n<ul>\n<li><strong>Tornax V 200<\/strong> \u2013 die Restaurierung<\/li>\n<li><strong>Z\u00fcndapp KS 601<\/strong> \u2013 drei Jahre mit dem Tempo-Dreirad<\/li>\n<li><strong>Adler M 100<\/strong> \u2013 der Motor seziert, Teil 3<\/li>\n<li><strong>Gabelabstimmung<\/strong> \u2013 Aus der Praxis<\/li>\n<\/ul>\n<h2>\ud83d\ude97 Weitere Oldtimer-Themen<\/h2>\n<ul>\n<li><strong>BMW Dixi<\/strong> \u2013 Aus den 20ern, ein Meilenstein der Kompaktwagen-Szene<\/li>\n<li><strong>Ford 20 M P7a<\/strong> \u2013 Erinnerungen eines Euphorikers<\/li>\n<li><strong>Porsche 356 Coup\u00e9<\/strong> \u2013 die Haut gerettet bzw. restauriert<\/li>\n<li><strong>Tempo A 400<\/strong> \u2013 neuer Start ins Lasterleben<\/li>\n<\/ul>\n<h2>\ud83d\udca1 Tipp<\/h2>\n<ul>\n<li>Eine Oldtimer-Zeitschrift kann auch eine willkommene \u00dcberraschung sein, f\u00fcr Liebhaber klassischer Autos und Motorr\u00e4der \u2013 zum Verschenken von Erinnerungen und Tr\u00e4umen.<\/li>\n<\/ul>\n<h2>\ud83d\udce6 Versand &amp; Service<\/h2>\n<ul>\n<li>Kostenloser Versand in Deutschland, Auslandsversand f\u00fcr eine geringe Pauschale<\/li>\n<li>Erfahrung aus weit \u00fcber 30.000 erfolgreichen Sendungen<\/li>\n<li>Ihre Zeitschrift wird sicher und liebevoll verpackt<\/li>\n<\/ul>\n<h2>\ud83c\udf0d Zustand der Zeitschrift<\/h2>\n<ul>\n<li>Gebraucht, weil gelesen, durchgebl\u00e4ttert, gestapelt, alles original \ud83d\ude09<\/li>\n<\/ul>\n","protected":false},"excerpt":{"rendered":"<p>Oldtimer Praxis ist die Zeitschrift f\u00fcr Schrauberherzen: Technik, Praxis\u2011Tipps und Restaurierungsberichte f\u00fcr Oldtimer\u2011Autos und klassische Motorr\u00e4der \u2013 damit aus Erinnerungen wieder fahrbare Wirklichkeit wird.<\/p>\n","protected":false},"featured_media":13599,"template":"","meta":{"iawp_total_views":0},"product_brand":[],"product_cat":[10216],"product_tag":[4829,10921,11803,11804,11805,11819,11820,11821],"class_list":{"0":"post-13593","1":"product","2":"type-product","3":"status-publish","4":"has-post-thumbnail","6":"product_cat-oldtimer-praxis","7":"product_tag-tornax-v-200","8":"product_tag-bmw-dixi","9":"product_tag-gabelabstimmung","10":"product_tag-nsu-prinz-3","11":"product_tag-tempo-dreirad","12":"product_tag-ford-20-m-p7a","13":"product_tag-porsche-356-coupe","14":"product_tag-tempo-a-400","16":"first","17":"instock","18":"shipping-taxable","19":"purchasable","20":"product-type-simple"},"_links":{"self":[{"href":"https:\/\/motorrad-erinnerungen.de\/shop\/wp-json\/wp\/v2\/product\/13593","targetHints":{"allow":["GET"]}}],"collection":[{"href":"https:\/\/motorrad-erinnerungen.de\/shop\/wp-json\/wp\/v2\/product"}],"about":[{"href":"https:\/\/motorrad-erinnerungen.de\/shop\/wp-json\/wp\/v2\/types\/product"}],"wp:featuredmedia":[{"embeddable":true,"href":"https:\/\/motorrad-erinnerungen.de\/shop\/wp-json\/wp\/v2\/media\/13599"}],"wp:attachment":[{"href":"https:\/\/motorrad-erinnerungen.de\/shop\/wp-json\/wp\/v2\/media?parent=13593"}],"wp:term":[{"taxonomy":"product_brand","embeddable":true,"href":"https:\/\/motorrad-erinnerungen.de\/shop\/wp-json\/wp\/v2\/product_brand?post=13593"},{"taxonomy":"product_cat","embeddable":true,"href":"https:\/\/motorrad-erinnerungen.de\/shop\/wp-json\/wp\/v2\/product_cat?post=13593"},{"taxonomy":"product_tag","embeddable":true,"href":"https:\/\/motorrad-erinnerungen.de\/shop\/wp-json\/wp\/v2\/product_tag?post=13593"}],"curies":[{"name":"wp","href":"https:\/\/api.w.org\/{rel}","templated":true}]}}