{"id":13594,"date":"2026-01-17T21:44:15","date_gmt":"2026-01-17T20:44:15","guid":{"rendered":"https:\/\/motorrad-erinnerungen.de\/shop\/produkt\/oldtimer-praxis-02-1992-opel-kapitaen-zuendapp-k-800-trapezgabeln\/"},"modified":"2026-01-17T22:17:27","modified_gmt":"2026-01-17T21:17:27","slug":"oldtimer-praxis-02-1992-opel-kapitaen-zuendapp-k-800-trapezgabeln","status":"publish","type":"product","link":"https:\/\/motorrad-erinnerungen.de\/shop\/produkt\/oldtimer-praxis-02-1992-opel-kapitaen-zuendapp-k-800-trapezgabeln\/","title":{"rendered":"Oldtimer Praxis 02\/1992 \u2013 Opel Kapit\u00e4n; Z\u00fcndapp K 800; BMW R 25\/3"},"content":{"rendered":"<p>Erg\u00e4nzen Sie Ihre Sammlung mit der Originalausgabe <strong>Oldtimer Praxis 02\/1992<\/strong>.<\/p>\n<h2>\ud83d\udccc Titelthema dieser Ausgabe<\/h2>\n<ul>\n<li><strong>Opel Kapit\u00e4n<\/strong> \u2013 der dicke Dampfer wurde restauriert<\/li>\n<\/ul>\n<h2>\ud83c\udfcd\ufe0f Motorr\u00e4der &amp; Zweir\u00e4der in dieser Ausgabe<\/h2>\n<ul>\n<li><strong>Z\u00fcndapp K 800<\/strong> \u2013 der Schwergewichtsboxer, die gr\u00f6\u00dfte Z\u00fcndapp, die es jemals gab<\/li>\n<li><strong>BMW R 25\/3<\/strong> \u2013 die Liebe zum Gespann<\/li>\n<li><strong>Trapezgabeln<\/strong> \u2013 Praxis-Tip<\/li>\n<\/ul>\n<h2>\ud83d\ude97 Weitere Oldtimer-Themen<\/h2>\n<ul>\n<li><strong>VW Karmann Ghia Cabriolet<\/strong> \u2013 wie man zu einem &#8222;Karmaniac&#8220; wird<\/li>\n<li><strong>DKW F 5<\/strong> \u2013 hier hat einer den sozialistischen Alltag \u00fcberstanden<\/li>\n<li><strong>Volvo Amazon<\/strong> \u2013 Schweden-Stahl, fit im Alltag<\/li>\n<li><strong>Westautos im Trabantenland<\/strong> \u2013 Erinnerungen<\/li>\n<li><strong>Porsche 914 1.7<\/strong> \u2013 Ungarn-Restaurierung<\/li>\n<li><\/li>\n<\/ul>\n<h2>\ud83d\udca1 Tipp<\/h2>\n<ul>\n<li>Eine Oldtimer-Zeitschrift kann auch eine willkommene \u00dcberraschung sein, f\u00fcr Liebhaber klassischer Autos und Motorr\u00e4der \u2013 zum Verschenken von Erinnerungen und Tr\u00e4umen.<\/li>\n<\/ul>\n<h2>\ud83d\udce6 Versand &amp; Service<\/h2>\n<ul>\n<li>Kostenloser Versand in Deutschland, Auslandsversand f\u00fcr eine geringe Pauschale<\/li>\n<li>Erfahrung aus weit \u00fcber 30.000 erfolgreichen Sendungen<\/li>\n<li>Ihre Zeitschrift wird sicher und liebevoll verpackt<\/li>\n<\/ul>\n<h2>\ud83c\udf0d Zustand der Zeitschrift<\/h2>\n<ul>\n<li>Gebraucht, weil gelesen, durchgebl\u00e4ttert, gestapelt, alles original \ud83d\ude09<\/li>\n<\/ul>\n","protected":false},"excerpt":{"rendered":"<p>Oldtimer Praxis ist die Zeitschrift f\u00fcr Schrauberherzen: Technik, Praxis\u2011Tipps und Restaurierungsberichte f\u00fcr Oldtimer\u2011Autos und klassische Motorr\u00e4der \u2013 damit aus Erinnerungen wieder fahrbare Wirklichkeit wird.<\/p>\n","protected":false},"featured_media":13600,"template":"","meta":{"iawp_total_views":0},"product_brand":[],"product_cat":[10216],"product_tag":[10830,11056,11806,11822,11823,11824,11825,11826,622,4175],"class_list":{"0":"post-13594","1":"product","2":"type-product","3":"status-publish","4":"has-post-thumbnail","6":"product_cat-oldtimer-praxis","7":"product_tag-volvo-amazon","8":"product_tag-opel-kapitaen","9":"product_tag-trapezgabel","10":"product_tag-karmaniac","11":"product_tag-vw-karmann-ghia-cabriolet","12":"product_tag-dkw-f-5","13":"product_tag-westautos-im-trabantenland","14":"product_tag-porsche-914-1-7","15":"product_tag-zuendapp-k-800","16":"product_tag-bmw-r-25-3","18":"first","19":"instock","20":"shipping-taxable","21":"purchasable","22":"product-type-simple"},"_links":{"self":[{"href":"https:\/\/motorrad-erinnerungen.de\/shop\/wp-json\/wp\/v2\/product\/13594","targetHints":{"allow":["GET"]}}],"collection":[{"href":"https:\/\/motorrad-erinnerungen.de\/shop\/wp-json\/wp\/v2\/product"}],"about":[{"href":"https:\/\/motorrad-erinnerungen.de\/shop\/wp-json\/wp\/v2\/types\/product"}],"wp:featuredmedia":[{"embeddable":true,"href":"https:\/\/motorrad-erinnerungen.de\/shop\/wp-json\/wp\/v2\/media\/13600"}],"wp:attachment":[{"href":"https:\/\/motorrad-erinnerungen.de\/shop\/wp-json\/wp\/v2\/media?parent=13594"}],"wp:term":[{"taxonomy":"product_brand","embeddable":true,"href":"https:\/\/motorrad-erinnerungen.de\/shop\/wp-json\/wp\/v2\/product_brand?post=13594"},{"taxonomy":"product_cat","embeddable":true,"href":"https:\/\/motorrad-erinnerungen.de\/shop\/wp-json\/wp\/v2\/product_cat?post=13594"},{"taxonomy":"product_tag","embeddable":true,"href":"https:\/\/motorrad-erinnerungen.de\/shop\/wp-json\/wp\/v2\/product_tag?post=13594"}],"curies":[{"name":"wp","href":"https:\/\/api.w.org\/{rel}","templated":true}]}}