{"id":13595,"date":"2026-01-17T21:44:16","date_gmt":"2026-01-17T20:44:16","guid":{"rendered":"https:\/\/motorrad-erinnerungen.de\/shop\/produkt\/oldtimer-praxis-03-1992-porsche-356-c-zuendapp-db-201\/"},"modified":"2026-01-17T22:39:35","modified_gmt":"2026-01-17T21:39:35","slug":"oldtimer-praxis-03-1992-porsche-356-c-zuendapp-db-201","status":"publish","type":"product","link":"https:\/\/motorrad-erinnerungen.de\/shop\/produkt\/oldtimer-praxis-03-1992-porsche-356-c-zuendapp-db-201\/","title":{"rendered":"Oldtimer Praxis 03\/1992 \u2013 Porsche 356 C; Z\u00fcndapp DB 201; Kempe Hummel; NSU 750"},"content":{"rendered":"<p>Erg\u00e4nzen Sie Ihre Sammlung mit der Originalausgabe <strong>Oldtimer Praxis 03\/1992<\/strong>.<\/p>\n<h2>\ud83d\udccc Titelthema dieser Ausgabe<\/h2>\n<ul>\n<li><strong>Porsche 356 C<\/strong> \u2013 Kult-Auto, ist nicht unerreichbar<\/li>\n<\/ul>\n<h2>\ud83c\udfcd\ufe0f Motorr\u00e4der &amp; Zweir\u00e4der in dieser Ausgabe<\/h2>\n<ul>\n<li><strong>Z\u00fcndapp DB 201<\/strong> \u2013 ein Haufen Arbeit<\/li>\n<li><strong>Kempe Hummel<\/strong> \u2013 ein Roller-Unikum<\/li>\n<li><b>NSU 750<\/b>\u2013 faszinierendes Schlachtro\u00df von 1924<\/li>\n<\/ul>\n<h2>\ud83d\ude97 Weitere Oldtimer-Themen<\/h2>\n<ul>\n<li><strong>Econom Teddy<\/strong> \u2013 es gab drei Prototypen<\/li>\n<li><strong>Austin Healey Sprite<\/strong> \u2013 der Frosch wurde zum K\u00f6nig<\/li>\n<li><strong>Alfa Romeo GTV 2000<\/strong> \u2013 \u00fcber die P\u00e4sse mit dem Alfa Bertone<\/li>\n<li><strong>Giannini 500 TV <\/strong>\u2013 Italo-Power, rascher R\u00f6mer<\/li>\n<li><strong>DKW Munga <\/strong>\u2013 vom Kauf bis zur letzten Schraube, Start einer Restaurierungs-Serie<\/li>\n<li><strong>Nadellager<\/strong> \u2013 Technik-Tip<\/li>\n<\/ul>\n<h2>\ud83d\udca1 Tipp<\/h2>\n<ul>\n<li>Eine Oldtimer-Zeitschrift kann auch eine willkommene \u00dcberraschung sein, f\u00fcr Liebhaber klassischer Autos und Motorr\u00e4der \u2013 zum Verschenken von Erinnerungen und Tr\u00e4umen.<\/li>\n<\/ul>\n<h2>\ud83d\udce6 Versand &amp; Service<\/h2>\n<ul>\n<li>Kostenloser Versand in Deutschland, Auslandsversand f\u00fcr eine geringe Pauschale<\/li>\n<li>Erfahrung aus weit \u00fcber 30.000 erfolgreichen Sendungen<\/li>\n<li>Ihre Zeitschrift wird sicher und liebevoll verpackt<\/li>\n<\/ul>\n<h2>\ud83c\udf0d Zustand der Zeitschrift<\/h2>\n<ul>\n<li>Gebraucht, weil gelesen, durchgebl\u00e4ttert, gestapelt, alles original \ud83d\ude09<\/li>\n<\/ul>\n","protected":false},"excerpt":{"rendered":"<p>Oldtimer Praxis ist die Zeitschrift f\u00fcr Schrauberherzen: Technik, Praxis\u2011Tipps und Restaurierungsberichte f\u00fcr Oldtimer\u2011Autos und klassische Motorr\u00e4der \u2013 damit aus Erinnerungen wieder fahrbare Wirklichkeit wird.<\/p>\n","protected":false},"featured_media":13601,"template":"","meta":{"iawp_total_views":3},"product_brand":[],"product_cat":[10216],"product_tag":[11809,11827,11828,11829,11830,11831,11832,4736,11191,11808],"class_list":{"0":"post-13595","1":"product","2":"type-product","3":"status-publish","4":"has-post-thumbnail","6":"product_cat-oldtimer-praxis","7":"product_tag-porsche-356-c","8":"product_tag-econom-teddy","9":"product_tag-kempe-hummel","10":"product_tag-alfa-romeo-gtv-2000","11":"product_tag-giannini-500-tv","12":"product_tag-nsu-750","13":"product_tag-dkw-munga","14":"product_tag-zuendapp-db-201","15":"product_tag-austin-healey-sprite","16":"product_tag-nadellager","18":"first","19":"instock","20":"shipping-taxable","21":"purchasable","22":"product-type-simple"},"_links":{"self":[{"href":"https:\/\/motorrad-erinnerungen.de\/shop\/wp-json\/wp\/v2\/product\/13595","targetHints":{"allow":["GET"]}}],"collection":[{"href":"https:\/\/motorrad-erinnerungen.de\/shop\/wp-json\/wp\/v2\/product"}],"about":[{"href":"https:\/\/motorrad-erinnerungen.de\/shop\/wp-json\/wp\/v2\/types\/product"}],"wp:featuredmedia":[{"embeddable":true,"href":"https:\/\/motorrad-erinnerungen.de\/shop\/wp-json\/wp\/v2\/media\/13601"}],"wp:attachment":[{"href":"https:\/\/motorrad-erinnerungen.de\/shop\/wp-json\/wp\/v2\/media?parent=13595"}],"wp:term":[{"taxonomy":"product_brand","embeddable":true,"href":"https:\/\/motorrad-erinnerungen.de\/shop\/wp-json\/wp\/v2\/product_brand?post=13595"},{"taxonomy":"product_cat","embeddable":true,"href":"https:\/\/motorrad-erinnerungen.de\/shop\/wp-json\/wp\/v2\/product_cat?post=13595"},{"taxonomy":"product_tag","embeddable":true,"href":"https:\/\/motorrad-erinnerungen.de\/shop\/wp-json\/wp\/v2\/product_tag?post=13595"}],"curies":[{"name":"wp","href":"https:\/\/api.w.org\/{rel}","templated":true}]}}