{"id":13620,"date":"2026-01-18T11:47:43","date_gmt":"2026-01-18T10:47:43","guid":{"rendered":"https:\/\/motorrad-erinnerungen.de\/shop\/produkt\/oldtimer-praxis-01-1993-mercedes-220-motorrad-kupplung-beulen-im-tank\/"},"modified":"2026-01-18T12:20:54","modified_gmt":"2026-01-18T11:20:54","slug":"oldtimer-praxis-01-1993-mercedes-220-motorrad-kupplung-beulen-im-tank","status":"publish","type":"product","link":"https:\/\/motorrad-erinnerungen.de\/shop\/produkt\/oldtimer-praxis-01-1993-mercedes-220-motorrad-kupplung-beulen-im-tank\/","title":{"rendered":"Oldtimer Praxis 01\/1993 \u2013 Mercedes 220 S; Heinkel Tourist; Solo Electra; Victoria FM 38 L"},"content":{"rendered":"<p>Erg\u00e4nzen Sie Ihre Sammlung mit der Originalausgabe <strong>Oldtimer Praxis 01\/1993<\/strong>.<\/p>\n<h2>\ud83d\udccc Titelthema dieser Ausgabe<\/h2>\n<ul>\n<li><strong>Mercedes 220 S<\/strong> \u2013 Top-Restaurierung!<\/li>\n<\/ul>\n<h2>\ud83c\udfcd\ufe0f Motorr\u00e4der &amp; Zweir\u00e4der in dieser Ausgabe<\/h2>\n<ul>\n<li><strong>Heinkel Tourist<\/strong> \u2013 Werkstatt-Story: wieder reiseklar<\/li>\n<li><strong>Solo Electra<\/strong> \u2013 tankte Saft aus der Steckdose<\/li>\n<li><strong>DKW SB 350<\/strong> \u2013 Elektro-Tipps<\/li>\n<li><strong>BMW R 62<\/strong> \u2013 Zwischenrad-Reparatur, Ein Fall f\u00fcr Taktiker<\/li>\n<li><strong>Victoria FM 38 L<\/strong> \u2013 Vicky I, der Fahrrad-Hilfsmotor<\/li>\n<li><strong>Motorrad-Kupplung<\/strong> \u2013 Technik<\/li>\n<li><strong>Beulen im Tank<\/strong> \u2013 Praxis-Tip<\/li>\n<\/ul>\n<h2>\ud83d\ude97 Weitere Oldtimer-Themen<\/h2>\n<ul>\n<li><strong>Frogeye<\/strong> \u2013 Roadster-Rettung eines Austin Healey Sprite<\/li>\n<li><strong>BMW Isetta<\/strong> \u2013 Erfahrungen in einem Report<\/li>\n<li><strong>Goggomobil<\/strong> \u2013 Goggo-Mania<\/li>\n<li><strong>Seat 600 L<\/strong> \u2013 Echte Fans macht selbst Askese gl\u00fccklich<\/li>\n<li><strong>Kalifornien<\/strong> \u2013 Kauf-Report<\/li>\n<\/ul>\n<h2>\ud83d\udca1 Tipp<\/h2>\n<ul>\n<li>Eine Oldtimer-Zeitschrift kann auch eine willkommene \u00dcberraschung sein, f\u00fcr Liebhaber klassischer Autos und Motorr\u00e4der \u2013 zum Verschenken von Erinnerungen und Tr\u00e4umen.<\/li>\n<\/ul>\n<h2>\ud83d\udce6 Versand &amp; Service<\/h2>\n<ul>\n<li>Kostenloser Versand in Deutschland, Auslandsversand f\u00fcr eine geringe Pauschale<\/li>\n<li>Erfahrung aus weit \u00fcber 30.000 erfolgreichen Sendungen<\/li>\n<li>Ihre Zeitschrift wird sicher und liebevoll verpackt<\/li>\n<\/ul>\n<h2>\ud83c\udf0d Zustand der Zeitschrift<\/h2>\n<ul>\n<li>Gebraucht, weil gelesen, durchgebl\u00e4ttert, gestapelt, alles original \ud83d\ude09<\/li>\n<\/ul>\n","protected":false},"excerpt":{"rendered":"<p>Oldtimer Praxis ist die Zeitschrift f\u00fcr Schrauberherzen: Technik, Praxis\u2011Tipps und Restaurierungsberichte f\u00fcr Oldtimer\u2011Autos und klassische Motorr\u00e4der \u2013 damit aus Erinnerungen wieder fahrbare Wirklichkeit wird.<\/p>\n","protected":false},"featured_media":13626,"template":"","meta":{"iawp_total_views":1},"product_brand":[],"product_cat":[10216],"product_tag":[11191,11370,11501,11839,11840,11841,1530,11843,4111,11864,4901,11865,11866,10804],"class_list":{"0":"post-13620","1":"product","2":"type-product","3":"status-publish","4":"has-post-thumbnail","6":"product_cat-oldtimer-praxis","7":"product_tag-austin-healey-sprite","8":"product_tag-mercedes-220-s","9":"product_tag-bmw-isetta","10":"product_tag-beulen-im-tank","11":"product_tag-frogeye","12":"product_tag-kalifornien","13":"product_tag-heinkel-tourist","14":"product_tag-motorrad-kupplung","15":"product_tag-bmw-r-62","16":"product_tag-dkw-sb-350","17":"product_tag-solo-electra","18":"product_tag-seat-600-l","19":"product_tag-victoria-fm-38-l","20":"product_tag-goggomobil","22":"first","23":"instock","24":"shipping-taxable","25":"purchasable","26":"product-type-simple"},"_links":{"self":[{"href":"https:\/\/motorrad-erinnerungen.de\/shop\/wp-json\/wp\/v2\/product\/13620","targetHints":{"allow":["GET"]}}],"collection":[{"href":"https:\/\/motorrad-erinnerungen.de\/shop\/wp-json\/wp\/v2\/product"}],"about":[{"href":"https:\/\/motorrad-erinnerungen.de\/shop\/wp-json\/wp\/v2\/types\/product"}],"wp:featuredmedia":[{"embeddable":true,"href":"https:\/\/motorrad-erinnerungen.de\/shop\/wp-json\/wp\/v2\/media\/13626"}],"wp:attachment":[{"href":"https:\/\/motorrad-erinnerungen.de\/shop\/wp-json\/wp\/v2\/media?parent=13620"}],"wp:term":[{"taxonomy":"product_brand","embeddable":true,"href":"https:\/\/motorrad-erinnerungen.de\/shop\/wp-json\/wp\/v2\/product_brand?post=13620"},{"taxonomy":"product_cat","embeddable":true,"href":"https:\/\/motorrad-erinnerungen.de\/shop\/wp-json\/wp\/v2\/product_cat?post=13620"},{"taxonomy":"product_tag","embeddable":true,"href":"https:\/\/motorrad-erinnerungen.de\/shop\/wp-json\/wp\/v2\/product_tag?post=13620"}],"curies":[{"name":"wp","href":"https:\/\/api.w.org\/{rel}","templated":true}]}}