{"id":13670,"date":"2026-01-21T17:05:24","date_gmt":"2026-01-21T16:05:24","guid":{"rendered":"https:\/\/motorrad-erinnerungen.de\/shop\/produkt\/oldtimer-praxis-01-1994-mgb-gt-v8-bsa-rocket\/"},"modified":"2026-01-21T18:21:05","modified_gmt":"2026-01-21T17:21:05","slug":"oldtimer-praxis-01-1994-mgb-gt-v8-bsa-rocket","status":"publish","type":"product","link":"https:\/\/motorrad-erinnerungen.de\/shop\/produkt\/oldtimer-praxis-01-1994-mgb-gt-v8-bsa-rocket\/","title":{"rendered":"Oldtimer Praxis 01\/1994 \u2013 MGB GT V8; BSA Rocket; NSU Konsul 350 und 500"},"content":{"rendered":"<p>Erg\u00e4nzen Sie Ihre Sammlung mit der Originalausgabe <strong>Oldtimer Praxis 01\/1994<\/strong>.<\/p>\n<h2>\ud83d\udccc Titelthema dieser Ausgabe<\/h2>\n<ul>\n<li><strong>MGB GT V8<\/strong> \u2013 Makelloser Achtender<\/li>\n<\/ul>\n<h2>\ud83c\udfcd\ufe0f Motorr\u00e4der &amp; Zweir\u00e4der in dieser Ausgabe<\/h2>\n<ul>\n<li><strong>BSA A10 Road Rocket<\/strong> \u2013 wie ein Sammler aus Rheinhessen seine britische Rakete z\u00fcndete<\/li>\n<li><strong>NSU Konsul 350 und 500<\/strong> \u2013 doppelt und dreifach \u00fcberholt<\/li>\n<\/ul>\n<h2>\ud83d\ude97 Weitere Oldtimer-Themen<\/h2>\n<ul>\n<li><strong>NSU Konsul<\/strong> \u2013 Doppel-Restaurierung<\/li>\n<li><strong>VW Bulli (1957)<\/strong> \u2013 wie aus dem Feuerwehrkasten ein feiner Fensterbus wurde<\/li>\n<li><strong>Renault Primastella<\/strong> \u2013 Restaurierungs-Tagebuch<\/li>\n<li><strong>Autobianchi Kombi<\/strong> \u2013 Alltags-Erfahrungen<\/li>\n<li><strong>Volvo-B20-Motor<\/strong> \u2013 demontiert und restauriert, Teil 5 und Schlu\u00df<\/li>\n<li><strong>Krupp Widder<\/strong> \u2013 ein Lastwagen-Klassiker,Unikat von 1960<\/li>\n<li><strong>Sto\u00dfstangen<\/strong> \u2013 Technik-Thema<\/li>\n<\/ul>\n<h2>\ud83d\udca1 Tipp<\/h2>\n<ul>\n<li>Eine Oldtimer-Zeitschrift kann auch eine willkommene \u00dcberraschung sein, f\u00fcr Liebhaber klassischer Autos und Motorr\u00e4der \u2013 zum Verschenken von Erinnerungen und Tr\u00e4umen.<\/li>\n<\/ul>\n<h2>\ud83d\udce6 Versand &amp; Service<\/h2>\n<ul>\n<li>Kostenloser Versand in Deutschland, Auslandsversand f\u00fcr eine geringe Pauschale<\/li>\n<li>Erfahrung aus weit \u00fcber 30.000 erfolgreichen Sendungen<\/li>\n<li>Ihre Zeitschrift wird sicher und liebevoll verpackt<\/li>\n<\/ul>\n<h2>\ud83c\udf0d Zustand der Zeitschrift<\/h2>\n<ul>\n<li>Gebraucht, weil gelesen, durchgebl\u00e4ttert, gestapelt, alles original \ud83d\ude09<\/li>\n<\/ul>\n","protected":false},"excerpt":{"rendered":"<p>Oldtimer Praxis ist die Zeitschrift f\u00fcr Schrauberherzen: Technik, Praxis\u2011Tipps und Restaurierungsberichte f\u00fcr Oldtimer\u2011Autos und klassische Motorr\u00e4der \u2013 damit aus Erinnerungen wieder fahrbare Wirklichkeit wird.<\/p>\n","protected":false},"featured_media":13681,"template":"","meta":{"iawp_total_views":0},"product_brand":[],"product_cat":[10216],"product_tag":[11943,11944,11975,11976,11977,11978,4657,11246,11515,11913],"class_list":{"0":"post-13670","1":"product","2":"type-product","3":"status-publish","4":"has-post-thumbnail","6":"product_cat-oldtimer-praxis","7":"product_tag-mgb-gt-v8","8":"product_tag-stossstangen","9":"product_tag-bsa-a10-road-rocket","10":"product_tag-renault-primastella","11":"product_tag-nsu-konsul-350-und-500","12":"product_tag-krupp-widder","13":"product_tag-nsu-konsul","14":"product_tag-vw-t1","15":"product_tag-vw-bulli","16":"product_tag-volvo-b20-motor","18":"first","19":"instock","20":"shipping-taxable","21":"purchasable","22":"product-type-simple"},"_links":{"self":[{"href":"https:\/\/motorrad-erinnerungen.de\/shop\/wp-json\/wp\/v2\/product\/13670","targetHints":{"allow":["GET"]}}],"collection":[{"href":"https:\/\/motorrad-erinnerungen.de\/shop\/wp-json\/wp\/v2\/product"}],"about":[{"href":"https:\/\/motorrad-erinnerungen.de\/shop\/wp-json\/wp\/v2\/types\/product"}],"wp:featuredmedia":[{"embeddable":true,"href":"https:\/\/motorrad-erinnerungen.de\/shop\/wp-json\/wp\/v2\/media\/13681"}],"wp:attachment":[{"href":"https:\/\/motorrad-erinnerungen.de\/shop\/wp-json\/wp\/v2\/media?parent=13670"}],"wp:term":[{"taxonomy":"product_brand","embeddable":true,"href":"https:\/\/motorrad-erinnerungen.de\/shop\/wp-json\/wp\/v2\/product_brand?post=13670"},{"taxonomy":"product_cat","embeddable":true,"href":"https:\/\/motorrad-erinnerungen.de\/shop\/wp-json\/wp\/v2\/product_cat?post=13670"},{"taxonomy":"product_tag","embeddable":true,"href":"https:\/\/motorrad-erinnerungen.de\/shop\/wp-json\/wp\/v2\/product_tag?post=13670"}],"curies":[{"name":"wp","href":"https:\/\/api.w.org\/{rel}","templated":true}]}}