{"id":13672,"date":"2026-01-21T17:05:25","date_gmt":"2026-01-21T16:05:25","guid":{"rendered":"https:\/\/motorrad-erinnerungen.de\/shop\/produkt\/oldtimer-praxis-04-1994-audi-100-coupe-bmw-r-12\/"},"modified":"2026-01-21T21:20:32","modified_gmt":"2026-01-21T20:20:32","slug":"oldtimer-praxis-04-1994-audi-100-coupe-bmw-r-12","status":"publish","type":"product","link":"https:\/\/motorrad-erinnerungen.de\/shop\/produkt\/oldtimer-praxis-04-1994-audi-100-coupe-bmw-r-12\/","title":{"rendered":"Oldtimer Praxis 04\/1994 \u2013 Audi 100 Coup\u00e9; BMW R 12; Heinkel Roller"},"content":{"rendered":"<p>Erg\u00e4nzen Sie Ihre Sammlung mit der Originalausgabe <strong>Oldtimer Praxis 04\/1994<\/strong>.<\/p>\n<h2>\ud83d\udccc Titelthema dieser Ausgabe<\/h2>\n<ul>\n<li><strong>Audi 100 Coup\u00e9 S<\/strong> \u2013 100 Prozent original, 100 % perfekt<\/li>\n<\/ul>\n<h2>\ud83c\udfcd\ufe0f Motorr\u00e4der &amp; Zweir\u00e4der in dieser Ausgabe<\/h2>\n<ul>\n<li><strong>BMW R 12<\/strong> \u2013 fast komplett, von Patina \u00fcberzogen, hatte sie \u00fcberlebt. Und wurde zum Objekt einer Erstlings-Restaurierung!<\/li>\n<li><strong>Heinkel Roller<\/strong> \u2013 neue Restaurationsserie, Schritt f\u00fcr Schritt<\/li>\n<\/ul>\n<h2>\ud83d\ude97 Weitere Oldtimer-Themen<\/h2>\n<ul>\n<li><strong>Heinkel-Roller<\/strong> \u2013 Neue Serie: So restauriert man Heinkel-Roller<\/li>\n<li><strong>Porsche 911 T<\/strong> \u2013 erniedrigt, verbreitert, verheizt. Vater und Sohn befreiten ihn von Rostgeschw\u00fcren und Spoiler-Ged\u00f6ns<\/li>\n<li><strong>Buick Le Sabre<\/strong> \u2013 schneller, gr\u00f6\u00dfer, breiter, wie neu<\/li>\n<\/ul>\n<h2>\ud83d\udca1 Tipp<\/h2>\n<ul>\n<li>Eine Oldtimer-Zeitschrift kann auch eine willkommene \u00dcberraschung sein, f\u00fcr Liebhaber klassischer Autos und Motorr\u00e4der \u2013 zum Verschenken von Erinnerungen und Tr\u00e4umen.<\/li>\n<\/ul>\n<h2>\ud83d\udce6 Versand &amp; Service<\/h2>\n<ul>\n<li>Kostenloser Versand in Deutschland, Auslandsversand f\u00fcr eine geringe Pauschale<\/li>\n<li>Erfahrung aus weit \u00fcber 30.000 erfolgreichen Sendungen<\/li>\n<li>Ihre Zeitschrift wird sicher und liebevoll verpackt<\/li>\n<\/ul>\n<h2>\ud83c\udf0d Zustand der Zeitschrift<\/h2>\n<ul>\n<li>Gebraucht, weil gelesen, durchgebl\u00e4ttert, gestapelt, alles original \ud83d\ude09<\/li>\n<\/ul>\n","protected":false},"excerpt":{"rendered":"<p>Oldtimer Praxis ist die Zeitschrift f\u00fcr Schrauberherzen: Technik, Praxis\u2011Tipps und Restaurierungsberichte f\u00fcr Oldtimer\u2011Autos und klassische Motorr\u00e4der \u2013 damit aus Erinnerungen wieder fahrbare Wirklichkeit wird.<\/p>\n","protected":false},"featured_media":13684,"template":"","meta":{"iawp_total_views":4},"product_brand":[],"product_cat":[10216],"product_tag":[11951,11952,6156,8219,11950],"class_list":{"0":"post-13672","1":"product","2":"type-product","3":"status-publish","4":"has-post-thumbnail","6":"product_cat-oldtimer-praxis","7":"product_tag-buick-le-sabre","8":"product_tag-porsche-911-t","9":"product_tag-bmw-r-12","10":"product_tag-heinkel-roller","11":"product_tag-audi-100-coupe","13":"first","14":"instock","15":"shipping-taxable","16":"purchasable","17":"product-type-simple"},"_links":{"self":[{"href":"https:\/\/motorrad-erinnerungen.de\/shop\/wp-json\/wp\/v2\/product\/13672","targetHints":{"allow":["GET"]}}],"collection":[{"href":"https:\/\/motorrad-erinnerungen.de\/shop\/wp-json\/wp\/v2\/product"}],"about":[{"href":"https:\/\/motorrad-erinnerungen.de\/shop\/wp-json\/wp\/v2\/types\/product"}],"wp:featuredmedia":[{"embeddable":true,"href":"https:\/\/motorrad-erinnerungen.de\/shop\/wp-json\/wp\/v2\/media\/13684"}],"wp:attachment":[{"href":"https:\/\/motorrad-erinnerungen.de\/shop\/wp-json\/wp\/v2\/media?parent=13672"}],"wp:term":[{"taxonomy":"product_brand","embeddable":true,"href":"https:\/\/motorrad-erinnerungen.de\/shop\/wp-json\/wp\/v2\/product_brand?post=13672"},{"taxonomy":"product_cat","embeddable":true,"href":"https:\/\/motorrad-erinnerungen.de\/shop\/wp-json\/wp\/v2\/product_cat?post=13672"},{"taxonomy":"product_tag","embeddable":true,"href":"https:\/\/motorrad-erinnerungen.de\/shop\/wp-json\/wp\/v2\/product_tag?post=13672"}],"curies":[{"name":"wp","href":"https:\/\/api.w.org\/{rel}","templated":true}]}}