{"id":13675,"date":"2026-01-21T17:05:25","date_gmt":"2026-01-21T16:05:25","guid":{"rendered":"https:\/\/motorrad-erinnerungen.de\/shop\/produkt\/oldtimer-praxis-08-1994-mg-tf-hecker-v-200-mit-villiers-motor\/"},"modified":"2026-01-21T21:54:32","modified_gmt":"2026-01-21T20:54:32","slug":"oldtimer-praxis-08-1994-mg-tf-hecker-v-200-mit-villiers-motor","status":"publish","type":"product","link":"https:\/\/motorrad-erinnerungen.de\/shop\/produkt\/oldtimer-praxis-08-1994-mg-tf-hecker-v-200-mit-villiers-motor\/","title":{"rendered":"Oldtimer Praxis 08\/1994 \u2013 MG TF; Hecker V 200 mit Villiers-Motor; Heinkel Roller"},"content":{"rendered":"<p>Erg\u00e4nzen Sie Ihre Sammlung mit der Originalausgabe <strong>Oldtimer Praxis 08\/1994<\/strong>.<\/p>\n<h2>\ud83d\udccc Titelthema dieser Ausgabe<\/h2>\n<ul>\n<li><strong>MG TF<\/strong> \u2013 gl\u00e4nzendes Roadster-Revival<\/li>\n<\/ul>\n<h2>\ud83c\udfcd\ufe0f Motorr\u00e4der &amp; Zweir\u00e4der in dieser Ausgabe<\/h2>\n<ul>\n<li><strong>Hecker V 200 mit Villiers-Motor<\/strong> \u2013 die Suche nach Teilen geriet zum Gedulds-Puzzle<\/li>\n<li><strong>Heinkel Roller restaurieren<\/strong> \u2013 Teil 4 und Schlu\u00df<\/li>\n<li><strong>Rixe mit 50er Sachs<\/strong> \u2013 Jahrgang 1953, sauber restauriert<\/li>\n<li><\/li>\n<\/ul>\n<h2>\ud83d\ude97 Weitere Oldtimer-Themen<\/h2>\n<ul>\n<li><strong>Lancia Flavia Pininfarina Coup\u00e9<\/strong> \u2013 Garagen-Tagebuch<\/li>\n<li><strong>BMW 600<\/strong> \u2013 die Stretch-Isetta fiel einem Perfektions-Guru in die H\u00e4nde<\/li>\n<li><strong>Panhard PL 17<\/strong> \u2013 ein Avantgardist und der Alltag<\/li>\n<li><\/li>\n<\/ul>\n<h2>\ud83d\udca1 Tipp<\/h2>\n<ul>\n<li>Eine Oldtimer-Zeitschrift kann auch eine willkommene \u00dcberraschung sein, f\u00fcr Liebhaber klassischer Autos und Motorr\u00e4der \u2013 zum Verschenken von Erinnerungen und Tr\u00e4umen.<\/li>\n<\/ul>\n<h2>\ud83d\udce6 Versand &amp; Service<\/h2>\n<ul>\n<li>Kostenloser Versand in Deutschland, Auslandsversand f\u00fcr eine geringe Pauschale<\/li>\n<li>Erfahrung aus weit \u00fcber 30.000 erfolgreichen Sendungen<\/li>\n<li>Ihre Zeitschrift wird sicher und liebevoll verpackt<\/li>\n<\/ul>\n<h2>\ud83c\udf0d Zustand der Zeitschrift<\/h2>\n<ul>\n<li>Gebraucht, weil gelesen, durchgebl\u00e4ttert, gestapelt, alles original \ud83d\ude09<\/li>\n<\/ul>\n","protected":false},"excerpt":{"rendered":"<p>Oldtimer Praxis ist die Zeitschrift f\u00fcr Schrauberherzen: Technik, Praxis\u2011Tipps und Restaurierungsberichte f\u00fcr Oldtimer\u2011Autos und klassische Motorr\u00e4der \u2013 damit aus Erinnerungen wieder fahrbare Wirklichkeit wird.<\/p>\n","protected":false},"featured_media":13688,"template":"","meta":{"iawp_total_views":1},"product_brand":[],"product_cat":[10216],"product_tag":[11959,11960,11961,11985,11986,11987,4513,8219],"class_list":{"0":"post-13675","1":"product","2":"type-product","3":"status-publish","4":"has-post-thumbnail","6":"product_cat-oldtimer-praxis","7":"product_tag-hecker-v-200","8":"product_tag-mg-tf","9":"product_tag-villiers-motor","10":"product_tag-panhard-pl-17","11":"product_tag-lancia-flavia-pininfarina-coupe","12":"product_tag-rixe-mit-50er-sachs","13":"product_tag-bmw-600","14":"product_tag-heinkel-roller","16":"first","17":"instock","18":"shipping-taxable","19":"purchasable","20":"product-type-simple"},"_links":{"self":[{"href":"https:\/\/motorrad-erinnerungen.de\/shop\/wp-json\/wp\/v2\/product\/13675","targetHints":{"allow":["GET"]}}],"collection":[{"href":"https:\/\/motorrad-erinnerungen.de\/shop\/wp-json\/wp\/v2\/product"}],"about":[{"href":"https:\/\/motorrad-erinnerungen.de\/shop\/wp-json\/wp\/v2\/types\/product"}],"wp:featuredmedia":[{"embeddable":true,"href":"https:\/\/motorrad-erinnerungen.de\/shop\/wp-json\/wp\/v2\/media\/13688"}],"wp:attachment":[{"href":"https:\/\/motorrad-erinnerungen.de\/shop\/wp-json\/wp\/v2\/media?parent=13675"}],"wp:term":[{"taxonomy":"product_brand","embeddable":true,"href":"https:\/\/motorrad-erinnerungen.de\/shop\/wp-json\/wp\/v2\/product_brand?post=13675"},{"taxonomy":"product_cat","embeddable":true,"href":"https:\/\/motorrad-erinnerungen.de\/shop\/wp-json\/wp\/v2\/product_cat?post=13675"},{"taxonomy":"product_tag","embeddable":true,"href":"https:\/\/motorrad-erinnerungen.de\/shop\/wp-json\/wp\/v2\/product_tag?post=13675"}],"curies":[{"name":"wp","href":"https:\/\/api.w.org\/{rel}","templated":true}]}}