{"id":13676,"date":"2026-01-21T17:05:25","date_gmt":"2026-01-21T16:05:25","guid":{"rendered":"https:\/\/motorrad-erinnerungen.de\/shop\/produkt\/oldtimer-praxis-09-1994-opel-rekord-p1-steyr-puch-500-d-norton-flattank\/"},"modified":"2026-01-21T22:11:12","modified_gmt":"2026-01-21T21:11:12","slug":"oldtimer-praxis-09-1994-opel-rekord-p1-steyr-puch-500-d-norton-flattank","status":"publish","type":"product","link":"https:\/\/motorrad-erinnerungen.de\/shop\/produkt\/oldtimer-praxis-09-1994-opel-rekord-p1-steyr-puch-500-d-norton-flattank\/","title":{"rendered":"Oldtimer Praxis 09\/1994 \u2013 Opel Rekord P1; Norton Flattank; Husqvarna Military Automatic"},"content":{"rendered":"<p>Erg\u00e4nzen Sie Ihre Sammlung mit der Originalausgabe <strong>Oldtimer Praxis 09\/1994<\/strong>.<\/p>\n<h2>\ud83d\udccc Titelthema dieser Ausgabe<\/h2>\n<ul>\n<li><strong>Opel Rekord P1<\/strong> \u2013 robust wie sein Ruf?<\/li>\n<\/ul>\n<h2>\ud83c\udfcd\ufe0f Motorr\u00e4der &amp; Zweir\u00e4der in dieser Ausgabe<\/h2>\n<ul>\n<li><strong>Norton Flattank<\/strong> \u2013 Rauh und reif \u2013 acht Rennsport-Jahre hinterlie\u00dfen die Flattank-Norton als Bausteile<\/li>\n<li><strong>Husqvarna Military Automatic<\/strong> \u2013 der Kraxel Klassiker<\/li>\n<li><strong>Victoria KR 26<\/strong> \u2013 Motor-Technik<\/li>\n<\/ul>\n<h2>\ud83d\ude97 Weitere Oldtimer-Themen<\/h2>\n<ul>\n<li><strong>Steyr Puch 500 D<\/strong> \u2013 Klein und kaputt \u2013 der Restaurator des unfa\u00dfbar morschen packt aus<\/li>\n<li><strong>Opel Olympia<\/strong> \u2013 Erinnerungen<\/li>\n<li><strong>Tempo Hanseat A 400 von 1940<\/strong> \u2013 nach 29 Jahren Trennung wieder in erster Hand<\/li>\n<li><strong>Karmann Ghia<\/strong> \u2013 rostfrei und ungeschwei\u00dft<\/li>\n<\/ul>\n<h2>\ud83d\udca1 Tipp<\/h2>\n<ul>\n<li>Eine Oldtimer-Zeitschrift kann auch eine willkommene \u00dcberraschung sein, f\u00fcr Liebhaber klassischer Autos und Motorr\u00e4der \u2013 zum Verschenken von Erinnerungen und Tr\u00e4umen.<\/li>\n<\/ul>\n<h2>\ud83d\udce6 Versand &amp; Service<\/h2>\n<ul>\n<li>Kostenloser Versand in Deutschland, Auslandsversand f\u00fcr eine geringe Pauschale<\/li>\n<li>Erfahrung aus weit \u00fcber 30.000 erfolgreichen Sendungen<\/li>\n<li>Ihre Zeitschrift wird sicher und liebevoll verpackt<\/li>\n<\/ul>\n<h2>\ud83c\udf0d Zustand der Zeitschrift<\/h2>\n<ul>\n<li>Gebraucht, weil gelesen, durchgebl\u00e4ttert, gestapelt, alles original \ud83d\ude09<\/li>\n<\/ul>\n","protected":false},"excerpt":{"rendered":"<p>Oldtimer Praxis ist die Zeitschrift f\u00fcr Schrauberherzen: Technik, Praxis\u2011Tipps und Restaurierungsberichte f\u00fcr Oldtimer\u2011Autos und klassische Motorr\u00e4der \u2013 damit aus Erinnerungen wieder fahrbare Wirklichkeit wird.<\/p>\n","protected":false},"featured_media":13689,"template":"","meta":{"iawp_total_views":3},"product_brand":[],"product_cat":[10216],"product_tag":[10819,11962,11963,11964,11965,11988,11989],"class_list":{"0":"post-13676","1":"product","2":"type-product","3":"status-publish","4":"has-post-thumbnail","6":"product_cat-oldtimer-praxis","7":"product_tag-karmann-ghia","8":"product_tag-norton-flattank","9":"product_tag-opel-rekord-p1","10":"product_tag-steyr-puch-500-d","11":"product_tag-victoria-kr-26","12":"product_tag-tempo-hanseat-a-400","13":"product_tag-husqvarna-military-automatic","15":"first","16":"instock","17":"shipping-taxable","18":"purchasable","19":"product-type-simple"},"_links":{"self":[{"href":"https:\/\/motorrad-erinnerungen.de\/shop\/wp-json\/wp\/v2\/product\/13676","targetHints":{"allow":["GET"]}}],"collection":[{"href":"https:\/\/motorrad-erinnerungen.de\/shop\/wp-json\/wp\/v2\/product"}],"about":[{"href":"https:\/\/motorrad-erinnerungen.de\/shop\/wp-json\/wp\/v2\/types\/product"}],"wp:featuredmedia":[{"embeddable":true,"href":"https:\/\/motorrad-erinnerungen.de\/shop\/wp-json\/wp\/v2\/media\/13689"}],"wp:attachment":[{"href":"https:\/\/motorrad-erinnerungen.de\/shop\/wp-json\/wp\/v2\/media?parent=13676"}],"wp:term":[{"taxonomy":"product_brand","embeddable":true,"href":"https:\/\/motorrad-erinnerungen.de\/shop\/wp-json\/wp\/v2\/product_brand?post=13676"},{"taxonomy":"product_cat","embeddable":true,"href":"https:\/\/motorrad-erinnerungen.de\/shop\/wp-json\/wp\/v2\/product_cat?post=13676"},{"taxonomy":"product_tag","embeddable":true,"href":"https:\/\/motorrad-erinnerungen.de\/shop\/wp-json\/wp\/v2\/product_tag?post=13676"}],"curies":[{"name":"wp","href":"https:\/\/api.w.org\/{rel}","templated":true}]}}