{"id":13679,"date":"2026-01-21T17:05:26","date_gmt":"2026-01-21T16:05:26","guid":{"rendered":"https:\/\/motorrad-erinnerungen.de\/shop\/produkt\/oldtimer-praxis-12-1994-vw-kaefer-harley-davidson-max-aus-neckarsulm\/"},"modified":"2026-01-21T22:50:13","modified_gmt":"2026-01-21T21:50:13","slug":"oldtimer-praxis-12-1994-vw-kaefer-harley-davidson-max-aus-neckarsulm","status":"publish","type":"product","link":"https:\/\/motorrad-erinnerungen.de\/shop\/produkt\/oldtimer-praxis-12-1994-vw-kaefer-harley-davidson-max-aus-neckarsulm\/","title":{"rendered":"Oldtimer Praxis 12\/1994 \u2013 VW K\u00e4fer Cabriolet und Eriba Puck; Harley-Davidson Flathead"},"content":{"rendered":"<p>Erg\u00e4nzen Sie Ihre Sammlung mit der Originalausgabe <strong>Oldtimer Praxis 12\/1994<\/strong>.<\/p>\n<h2>\ud83d\udccc Titelthema dieser Ausgabe<\/h2>\n<ul>\n<li><strong>VW K\u00e4fer Cabriolet und Eriba Puck<\/strong>\u00a0\u2013 VW-Bonbon: K\u00e4fer mit Koje!<\/li>\n<\/ul>\n<h2>\ud83c\udfcd\ufe0f Motorr\u00e4der &amp; Zweir\u00e4der in dieser Ausgabe<\/h2>\n<ul>\n<li><strong>Harley-Davidson Flathead <\/strong>von 1947 \u2013 Satte zehn Jahre \u2013 so lange dauerte es, bis die Harley den Asphalt wiedersah<\/li>\n<\/ul>\n<h2>\ud83d\ude97 Weitere Oldtimer-Themen<\/h2>\n<ul>\n<li><strong>Saab 96 Sport<\/strong> \u2013 Gesagt, getan! Der furchtbar por\u00f6se 96 Sport lie\u00df seinen Restaurator kr\u00e4ftig buckeln<\/li>\n<li><b>Opel Olympia Caravan<\/b>\u2013 auf der Stra\u00dfe zu langweilig, hier auf Schienen<\/li>\n<li><strong>Maserati Quattroporte<\/strong> \u2013 Im Alltag, der Ur-Quattro<\/li>\n<li><strong>Garagen-Grundausstattung<\/strong> \u2013 Tips<\/li>\n<\/ul>\n<h2>\ud83d\udca1 Tipp<\/h2>\n<ul>\n<li>Eine Oldtimer-Zeitschrift kann auch eine willkommene \u00dcberraschung sein, f\u00fcr Liebhaber klassischer Autos und Motorr\u00e4der \u2013 zum Verschenken von Erinnerungen und Tr\u00e4umen.<\/li>\n<\/ul>\n<h2>\ud83d\udce6 Versand &amp; Service<\/h2>\n<ul>\n<li>Kostenloser Versand in Deutschland, Auslandsversand f\u00fcr eine geringe Pauschale<\/li>\n<li>Erfahrung aus weit \u00fcber 30.000 erfolgreichen Sendungen<\/li>\n<li>Ihre Zeitschrift wird sicher und liebevoll verpackt<\/li>\n<\/ul>\n<h2>\ud83c\udf0d Zustand der Zeitschrift<\/h2>\n<ul>\n<li>Gebraucht, weil gelesen, durchgebl\u00e4ttert, gestapelt, alles original \ud83d\ude09<\/li>\n<\/ul>\n","protected":false},"excerpt":{"rendered":"<p>Oldtimer Praxis ist die Zeitschrift f\u00fcr Schrauberherzen: Technik, Praxis\u2011Tipps und Restaurierungsberichte f\u00fcr Oldtimer\u2011Autos und klassische Motorr\u00e4der \u2013 damit aus Erinnerungen wieder fahrbare Wirklichkeit wird.<\/p>\n","protected":false},"featured_media":13692,"template":"","meta":{"iawp_total_views":0},"product_brand":[],"product_cat":[10216],"product_tag":[11998,11999,84,10246,11973,11974,11996,11997],"class_list":{"0":"post-13679","1":"product","2":"type-product","3":"status-publish","4":"has-post-thumbnail","6":"product_cat-oldtimer-praxis","7":"product_tag-saab-96-sport","8":"product_tag-opel-olympia-caravan","9":"product_tag-nsu-max","10":"product_tag-harley-davidson-flathead","11":"product_tag-garagen-grundausstattung","12":"product_tag-maserati-quattroporte","13":"product_tag-vw-kaefer-cabriolet","14":"product_tag-eriba-puck","16":"first","17":"instock","18":"shipping-taxable","19":"purchasable","20":"product-type-simple"},"_links":{"self":[{"href":"https:\/\/motorrad-erinnerungen.de\/shop\/wp-json\/wp\/v2\/product\/13679","targetHints":{"allow":["GET"]}}],"collection":[{"href":"https:\/\/motorrad-erinnerungen.de\/shop\/wp-json\/wp\/v2\/product"}],"about":[{"href":"https:\/\/motorrad-erinnerungen.de\/shop\/wp-json\/wp\/v2\/types\/product"}],"wp:featuredmedia":[{"embeddable":true,"href":"https:\/\/motorrad-erinnerungen.de\/shop\/wp-json\/wp\/v2\/media\/13692"}],"wp:attachment":[{"href":"https:\/\/motorrad-erinnerungen.de\/shop\/wp-json\/wp\/v2\/media?parent=13679"}],"wp:term":[{"taxonomy":"product_brand","embeddable":true,"href":"https:\/\/motorrad-erinnerungen.de\/shop\/wp-json\/wp\/v2\/product_brand?post=13679"},{"taxonomy":"product_cat","embeddable":true,"href":"https:\/\/motorrad-erinnerungen.de\/shop\/wp-json\/wp\/v2\/product_cat?post=13679"},{"taxonomy":"product_tag","embeddable":true,"href":"https:\/\/motorrad-erinnerungen.de\/shop\/wp-json\/wp\/v2\/product_tag?post=13679"}],"curies":[{"name":"wp","href":"https:\/\/api.w.org\/{rel}","templated":true}]}}