{"id":13704,"date":"2026-01-22T16:58:36","date_gmt":"2026-01-22T15:58:36","guid":{"rendered":"https:\/\/motorrad-erinnerungen.de\/shop\/produkt\/oldtimer-praxis-01-1995-austin-healey-sprite-d-rad-r-06\/"},"modified":"2026-01-22T22:11:09","modified_gmt":"2026-01-22T21:11:09","slug":"oldtimer-praxis-01-1995-austin-healey-sprite-d-rad-r-06","status":"publish","type":"product","link":"https:\/\/motorrad-erinnerungen.de\/shop\/produkt\/oldtimer-praxis-01-1995-austin-healey-sprite-d-rad-r-06\/","title":{"rendered":"Oldtimer Praxis 01\/1995 \u2013 Austin-Healey Sprite; D-Rad R 06; Adler M 125"},"content":{"rendered":"<p>Erg\u00e4nzen Sie Ihre Sammlung mit der Originalausgabe <strong>Oldtimer Praxis 01\/1995<\/strong>.<\/p>\n<h2>\ud83d\udccc Titelthema dieser Ausgabe<\/h2>\n<ul>\n<li><strong>Austin-Healey Sprite<\/strong> \u2013 Freche Fr\u00f6sche<\/li>\n<\/ul>\n<h2>\ud83c\udfcd\ufe0f Motorr\u00e4der &amp; Zweir\u00e4der in dieser Ausgabe<\/h2>\n<ul>\n<li><strong>D-Rad R 06<\/strong> \u2013 Kennzeichen D: Baujahr 1928 &#8211; so sch\u00f6n und original wie vor 66 Jahren!<\/li>\n<li><strong>Adler M 125<\/strong> \u2013 war nicht hoffnungslos zerrottet<\/li>\n<\/ul>\n<h2>\ud83d\ude97 Weitere Oldtimer-Themen<\/h2>\n<ul>\n<li><strong>Lloyd Alexander TS<\/strong> \u2013 Hier kommt Alex: Ein Lloyd Alexander TS von 1959<\/li>\n<li><strong>Packard Caribbean<\/strong> \u2013 ein \u00fcberaus seltenes Auto<\/li>\n<li><strong>Lancia Flaminia Coup\u00e9<\/strong> \u2013 Erinnerungen<\/li>\n<li><strong>Fiat Topolino<\/strong> \u2013 als Alltagswagen<\/li>\n<li><strong>Volvo-M-41-Getriebe<\/strong> \u2013Teil 1: Demontage und Fehlersuche<\/li>\n<\/ul>\n<h2>\ud83d\udca1 Tipp<\/h2>\n<ul>\n<li>Eine Oldtimer-Zeitschrift kann auch eine willkommene \u00dcberraschung sein, f\u00fcr Liebhaber klassischer Autos und Motorr\u00e4der \u2013 zum Verschenken von Erinnerungen und Tr\u00e4umen.<\/li>\n<\/ul>\n<h2>\ud83d\udce6 Versand &amp; Service<\/h2>\n<ul>\n<li>Kostenloser Versand in Deutschland, Auslandsversand f\u00fcr eine geringe Pauschale<\/li>\n<li>Erfahrung aus weit \u00fcber 30.000 erfolgreichen Sendungen<\/li>\n<li>Ihre Zeitschrift wird sicher und liebevoll verpackt<\/li>\n<\/ul>\n<h2>\ud83c\udf0d Zustand der Zeitschrift<\/h2>\n<ul>\n<li>Gebraucht, weil gelesen, durchgebl\u00e4ttert, gestapelt, alles original \ud83d\ude09<\/li>\n<\/ul>\n","protected":false},"excerpt":{"rendered":"<p>Oldtimer Praxis ist die Zeitschrift f\u00fcr Schrauberherzen: Technik, Praxis\u2011Tipps und Restaurierungsberichte f\u00fcr Oldtimer\u2011Autos und klassische Motorr\u00e4der \u2013 damit aus Erinnerungen wieder fahrbare Wirklichkeit wird.<\/p>\n","protected":false},"featured_media":13714,"template":"","meta":{"iawp_total_views":1},"product_brand":[],"product_cat":[10216],"product_tag":[11840,12002,12030,12031,12032,12033,10827,11191,11337],"class_list":{"0":"post-13704","1":"product","2":"type-product","3":"status-publish","4":"has-post-thumbnail","6":"product_cat-oldtimer-praxis","7":"product_tag-frogeye","8":"product_tag-d-rad-r-06","9":"product_tag-packard-caribbean","10":"product_tag-lancia-flaminia-coupe","11":"product_tag-adler-m-125","12":"product_tag-volvo-m-41-getriebe","13":"product_tag-lloyd-alexander-ts","14":"product_tag-austin-healey-sprite","15":"product_tag-fiat-topolino","17":"first","18":"instock","19":"shipping-taxable","20":"purchasable","21":"product-type-simple"},"_links":{"self":[{"href":"https:\/\/motorrad-erinnerungen.de\/shop\/wp-json\/wp\/v2\/product\/13704","targetHints":{"allow":["GET"]}}],"collection":[{"href":"https:\/\/motorrad-erinnerungen.de\/shop\/wp-json\/wp\/v2\/product"}],"about":[{"href":"https:\/\/motorrad-erinnerungen.de\/shop\/wp-json\/wp\/v2\/types\/product"}],"wp:featuredmedia":[{"embeddable":true,"href":"https:\/\/motorrad-erinnerungen.de\/shop\/wp-json\/wp\/v2\/media\/13714"}],"wp:attachment":[{"href":"https:\/\/motorrad-erinnerungen.de\/shop\/wp-json\/wp\/v2\/media?parent=13704"}],"wp:term":[{"taxonomy":"product_brand","embeddable":true,"href":"https:\/\/motorrad-erinnerungen.de\/shop\/wp-json\/wp\/v2\/product_brand?post=13704"},{"taxonomy":"product_cat","embeddable":true,"href":"https:\/\/motorrad-erinnerungen.de\/shop\/wp-json\/wp\/v2\/product_cat?post=13704"},{"taxonomy":"product_tag","embeddable":true,"href":"https:\/\/motorrad-erinnerungen.de\/shop\/wp-json\/wp\/v2\/product_tag?post=13704"}],"curies":[{"name":"wp","href":"https:\/\/api.w.org\/{rel}","templated":true}]}}