{"id":13737,"date":"2026-01-23T13:02:59","date_gmt":"2026-01-23T12:02:59","guid":{"rendered":"https:\/\/motorrad-erinnerungen.de\/shop\/produkt\/oldtimer-praxis-02-1996-porsche-912-zuendapp-k-500\/"},"modified":"2026-01-23T18:11:46","modified_gmt":"2026-01-23T17:11:46","slug":"oldtimer-praxis-02-1996-porsche-912-zuendapp-k-500","status":"publish","type":"product","link":"https:\/\/motorrad-erinnerungen.de\/shop\/produkt\/oldtimer-praxis-02-1996-porsche-912-zuendapp-k-500\/","title":{"rendered":"Oldtimer Praxis 02\/1996 \u2013 Porsche 912; Z\u00fcndapp K 500; Adler MB 200"},"content":{"rendered":"<p>Erg\u00e4nzen Sie Ihre Sammlung mit der Originalausgabe <strong>Oldtimer Praxis 02\/1996<\/strong>.<\/p>\n<h2>\ud83d\udccc Titelthema dieser Ausgabe<\/h2>\n<ul>\n<li><strong>Porsche 912<\/strong> \u2013 Alternative zum Elfer?<\/li>\n<\/ul>\n<h2>\ud83c\udfcd\ufe0f Motorr\u00e4der &amp; Zweir\u00e4der in dieser Ausgabe<\/h2>\n<ul>\n<li><strong>Z\u00fcndapp K 500<\/strong> \u2013 Tu&#8217;s nicht, rieten befreundete Schrauber \u2013 trotzdem ging die Eignerin an ihr gewichtiges Werk<\/li>\n<li><strong>Adler MB 200<\/strong> \u2013 Restauration der kleinen N\u00fcrnbergerin<\/li>\n<\/ul>\n<h2>\ud83d\ude97 Weitere Oldtimer-Themen<\/h2>\n<ul>\n<li><strong>NSU Prinz 1000<\/strong> \u2013 Perfekt gemacht, aber nicht teurer als ein Dritthand-Golf!<\/li>\n<li><b>Ford 20 M \u2013 <\/b>Oldtimer-Erfahrungen<\/li>\n<li><b>Opel Admiral 2.8 E \u2013 <\/b>in Erster Hand seit 1969, Serie, Teil 7<\/li>\n<li><b>Alfa Romeo GTC<\/b> von 1966<b> \u2013 <\/b>ein hartes St\u00fcck Arbeit<\/li>\n<li><strong>Kurbelwellen auswuchten<\/strong> \u2013 Technik-Exkurs<\/li>\n<\/ul>\n<h2>\ud83d\udca1 Tipp<\/h2>\n<ul>\n<li>Eine Oldtimer-Zeitschrift kann auch eine willkommene \u00dcberraschung sein, f\u00fcr Liebhaber klassischer Autos und Motorr\u00e4der \u2013 zum Verschenken von Erinnerungen und Tr\u00e4umen.<\/li>\n<\/ul>\n<h2>\ud83d\udce6 Versand &amp; Service<\/h2>\n<ul>\n<li>Kostenloser Versand in Deutschland, Auslandsversand f\u00fcr eine geringe Pauschale<\/li>\n<li>Erfahrung aus weit \u00fcber 30.000 erfolgreichen Sendungen<\/li>\n<li>Ihre Zeitschrift wird sicher und liebevoll verpackt<\/li>\n<\/ul>\n<h2>\ud83c\udf0d Zustand der Zeitschrift<\/h2>\n<ul>\n<li>Gebraucht, weil gelesen, durchgebl\u00e4ttert, gestapelt, alles original \ud83d\ude09<\/li>\n<\/ul>\n","protected":false},"excerpt":{"rendered":"<p>Oldtimer Praxis ist die Zeitschrift f\u00fcr Schrauberherzen: Technik, Praxis\u2011Tipps und Restaurierungsberichte f\u00fcr Oldtimer\u2011Autos und klassische Motorr\u00e4der \u2013 damit aus Erinnerungen wieder fahrbare Wirklichkeit wird.<\/p>\n","protected":false},"featured_media":13744,"template":"","meta":{"iawp_total_views":0},"product_brand":[],"product_cat":[10216],"product_tag":[12070,12086,12087,12088,12089,12090,11321,12068,12069],"class_list":{"0":"post-13737","1":"product","2":"type-product","3":"status-publish","4":"has-post-thumbnail","6":"product_cat-oldtimer-praxis","7":"product_tag-zuendapp-k-500","8":"product_tag-fiat-128","9":"product_tag-adler-mb-200","10":"product_tag-ford-20-m","11":"product_tag-opel-admiral-2-8-e","12":"product_tag-alfa-romeo-gtc","13":"product_tag-porsche-912","14":"product_tag-kurbelwellen","15":"product_tag-nsu-prinz-1000","17":"first","18":"instock","19":"shipping-taxable","20":"purchasable","21":"product-type-simple"},"_links":{"self":[{"href":"https:\/\/motorrad-erinnerungen.de\/shop\/wp-json\/wp\/v2\/product\/13737","targetHints":{"allow":["GET"]}}],"collection":[{"href":"https:\/\/motorrad-erinnerungen.de\/shop\/wp-json\/wp\/v2\/product"}],"about":[{"href":"https:\/\/motorrad-erinnerungen.de\/shop\/wp-json\/wp\/v2\/types\/product"}],"wp:featuredmedia":[{"embeddable":true,"href":"https:\/\/motorrad-erinnerungen.de\/shop\/wp-json\/wp\/v2\/media\/13744"}],"wp:attachment":[{"href":"https:\/\/motorrad-erinnerungen.de\/shop\/wp-json\/wp\/v2\/media?parent=13737"}],"wp:term":[{"taxonomy":"product_brand","embeddable":true,"href":"https:\/\/motorrad-erinnerungen.de\/shop\/wp-json\/wp\/v2\/product_brand?post=13737"},{"taxonomy":"product_cat","embeddable":true,"href":"https:\/\/motorrad-erinnerungen.de\/shop\/wp-json\/wp\/v2\/product_cat?post=13737"},{"taxonomy":"product_tag","embeddable":true,"href":"https:\/\/motorrad-erinnerungen.de\/shop\/wp-json\/wp\/v2\/product_tag?post=13737"}],"curies":[{"name":"wp","href":"https:\/\/api.w.org\/{rel}","templated":true}]}}