{"id":13742,"date":"2026-01-23T13:03:00","date_gmt":"2026-01-23T12:03:00","guid":{"rendered":"https:\/\/motorrad-erinnerungen.de\/shop\/produkt\/oldtimer-praxis-11-1996-lloyd-arabella-bmw-r-69-s\/"},"modified":"2026-01-23T22:19:17","modified_gmt":"2026-01-23T21:19:17","slug":"oldtimer-praxis-11-1996-lloyd-arabella-bmw-r-69-s","status":"publish","type":"product","link":"https:\/\/motorrad-erinnerungen.de\/shop\/produkt\/oldtimer-praxis-11-1996-lloyd-arabella-bmw-r-69-s\/","title":{"rendered":"Oldtimer Praxis 11\/1996 \u2013 Lloyd Arabella; BMW R 69 S; Yamaha XS 500"},"content":{"rendered":"<p>Erg\u00e4nzen Sie Ihre Sammlung mit der Originalausgabe <strong>Oldtimer Praxis 11\/1996<\/strong>.<\/p>\n<h2>\ud83d\udccc Titelthema dieser Ausgabe<\/h2>\n<ul>\n<li><strong>Lloyd Arabella<\/strong> \u2013 klein, aber fein!<\/li>\n<\/ul>\n<h2>\ud83c\udfcd\ufe0f Motorr\u00e4der &amp; Zweir\u00e4der in dieser Ausgabe<\/h2>\n<ul>\n<li><strong>BMW R 69 S<\/strong> \u2013 Technik-Tips rund um die sch\u00f6ne, schnelle K\u00f6nigin der Schwingen-BMW<\/li>\n<li><strong>Yamaha XS 500<\/strong> \u2013 vollrestauriert, Klassiker in spe?<\/li>\n<\/ul>\n<h2>\ud83d\ude97 Weitere Oldtimer-Themen<\/h2>\n<ul>\n<li><strong>Triumph TR 4<\/strong> \u2013 auf den Spuren der Rallye Shell 4000 quer durch Kanada<\/li>\n<li><strong>Citro\u00ebn DS<\/strong> \u2013 In erster Hand! 25 Jahre mit der sanften G\u00f6ttin<\/li>\n<\/ul>\n<h2>\ud83d\udca1 Tipp<\/h2>\n<ul>\n<li>Eine Oldtimer-Zeitschrift kann auch eine willkommene \u00dcberraschung sein, f\u00fcr Liebhaber klassischer Autos und Motorr\u00e4der \u2013 zum Verschenken von Erinnerungen und Tr\u00e4umen.<\/li>\n<\/ul>\n<h2>\ud83d\udce6 Versand &amp; Service<\/h2>\n<ul>\n<li>Kostenloser Versand in Deutschland, Auslandsversand f\u00fcr eine geringe Pauschale<\/li>\n<li>Erfahrung aus weit \u00fcber 30.000 erfolgreichen Sendungen<\/li>\n<li>Ihre Zeitschrift wird sicher und liebevoll verpackt<\/li>\n<\/ul>\n<h2>\ud83c\udf0d Zustand der Zeitschrift<\/h2>\n<ul>\n<li>Gebraucht, weil gelesen, durchgebl\u00e4ttert, gestapelt, alles original \ud83d\ude09<\/li>\n<\/ul>\n","protected":false},"excerpt":{"rendered":"<p>Oldtimer Praxis ist die Zeitschrift f\u00fcr Schrauberherzen: Technik, Praxis\u2011Tipps und Restaurierungsberichte f\u00fcr Oldtimer\u2011Autos und klassische Motorr\u00e4der \u2013 damit aus Erinnerungen wieder fahrbare Wirklichkeit wird.<\/p>\n","protected":false},"featured_media":13754,"template":"","meta":{"iawp_total_views":0},"product_brand":[],"product_cat":[10216],"product_tag":[575,3628,11118,11639,11992,12085],"class_list":{"0":"post-13742","1":"product","2":"type-product","3":"status-publish","4":"has-post-thumbnail","6":"product_cat-oldtimer-praxis","7":"product_tag-yamaha-xs-500","8":"product_tag-bmw-r-69-s","9":"product_tag-volvo-pv-544","10":"product_tag-citroen-ds","11":"product_tag-triumph-tr-4","12":"product_tag-lloyd-arabella","14":"first","15":"instock","16":"shipping-taxable","17":"purchasable","18":"product-type-simple"},"_links":{"self":[{"href":"https:\/\/motorrad-erinnerungen.de\/shop\/wp-json\/wp\/v2\/product\/13742","targetHints":{"allow":["GET"]}}],"collection":[{"href":"https:\/\/motorrad-erinnerungen.de\/shop\/wp-json\/wp\/v2\/product"}],"about":[{"href":"https:\/\/motorrad-erinnerungen.de\/shop\/wp-json\/wp\/v2\/types\/product"}],"wp:featuredmedia":[{"embeddable":true,"href":"https:\/\/motorrad-erinnerungen.de\/shop\/wp-json\/wp\/v2\/media\/13754"}],"wp:attachment":[{"href":"https:\/\/motorrad-erinnerungen.de\/shop\/wp-json\/wp\/v2\/media?parent=13742"}],"wp:term":[{"taxonomy":"product_brand","embeddable":true,"href":"https:\/\/motorrad-erinnerungen.de\/shop\/wp-json\/wp\/v2\/product_brand?post=13742"},{"taxonomy":"product_cat","embeddable":true,"href":"https:\/\/motorrad-erinnerungen.de\/shop\/wp-json\/wp\/v2\/product_cat?post=13742"},{"taxonomy":"product_tag","embeddable":true,"href":"https:\/\/motorrad-erinnerungen.de\/shop\/wp-json\/wp\/v2\/product_tag?post=13742"}],"curies":[{"name":"wp","href":"https:\/\/api.w.org\/{rel}","templated":true}]}}