{"id":13812,"date":"2026-01-26T17:44:35","date_gmt":"2026-01-26T16:44:35","guid":{"rendered":"https:\/\/motorrad-erinnerungen.de\/shop\/produkt\/oldtimer-praxis-03-1999-mercedes-w-111-coupe-kreidler-florett-velocette-v2-gespann\/"},"modified":"2026-01-26T17:48:22","modified_gmt":"2026-01-26T16:48:22","slug":"oldtimer-praxis-03-1999-mercedes-w-111-coupe-kreidler-florett-velocette-v2-gespann","status":"publish","type":"product","link":"https:\/\/motorrad-erinnerungen.de\/shop\/produkt\/oldtimer-praxis-03-1999-mercedes-w-111-coupe-kreidler-florett-velocette-v2-gespann\/","title":{"rendered":"Oldtimer Praxis 03\/1999 \u2013 Mercedes W 111 Coup\u00e9; Kreidler Florett; Velocette V2 Gespann"},"content":{"rendered":"<p>Erg\u00e4nzen Sie Ihre Sammlung mit der Originalausgabe <strong>Oldtimer Praxis 03\/1999<\/strong>.<\/p>\n<h2>\ud83d\udccc Titelthema dieser Ausgabe<\/h2>\n<ul>\n<li><strong>Mercedes W 111 Coup\u00e9<\/strong> \u2013 Sternstunden<\/li>\n<\/ul>\n<h2>\ud83c\udfcd\ufe0f Motorr\u00e4der &amp; Zweir\u00e4der in dieser Ausgabe<\/h2>\n<ul>\n<li><strong>Kreidler Florett<\/strong> \u2013 Technik, Historie, Schrauber-Tipps \u2013 die schnellen F\u00fcnziger aus Kornwestheim unter der Lupe<\/li>\n<li><strong>Velocette V2 Gespann<\/strong> \u2013 Eigenbau vom Feinsten<\/li>\n<\/ul>\n<h2>\ud83d\ude97 Weitere Oldtimer-Themen<\/h2>\n<ul>\n<li><strong>Volvo P 1800 S<\/strong> \u2013 Weltrekord in erster Hand: Die unglaubliche Geschichte eines Volvo P 1800 S mit 2,6 Millionen Kilometern<\/li>\n<li><strong>Chevrolet Pickup<\/strong> \u2013 Last und Lust<\/li>\n<li><strong>NSU Prinz 2<\/strong> \u2013 Klein und fein<\/li>\n<li><strong>Nebenstrom\u00f6lfilter<\/strong> \u2013 Technik-Tipps f\u00fcr Praktiker<\/li>\n<li><strong>Sechs-Volt-Elektrik<\/strong> \u2013 Technik-Tipps f\u00fcr Praktiker<\/li>\n<\/ul>\n<h2>\ud83d\udca1 Tipp<\/h2>\n<ul>\n<li>Eine Oldtimer-Zeitschrift kann auch eine willkommene \u00dcberraschung sein, f\u00fcr Liebhaber klassischer Autos und Motorr\u00e4der \u2013 zum Verschenken von Erinnerungen und Tr\u00e4umen.<\/li>\n<\/ul>\n<h2>\ud83d\udce6 Versand &amp; Service<\/h2>\n<ul>\n<li>Kostenloser Versand in Deutschland, Auslandsversand f\u00fcr eine geringe Pauschale<\/li>\n<li>Erfahrung aus weit \u00fcber 30.000 erfolgreichen Sendungen<\/li>\n<li>Ihre Zeitschrift wird sicher und liebevoll verpackt<\/li>\n<\/ul>\n<h2>\ud83c\udf0d Zustand der Zeitschrift<\/h2>\n<ul>\n<li>Gebraucht, weil gelesen, durchgebl\u00e4ttert, gestapelt, alles original \ud83d\ude09<\/li>\n<\/ul>\n","protected":false},"excerpt":{"rendered":"<p>Oldtimer Praxis ist die Zeitschrift f\u00fcr Schrauberherzen: Technik, Praxis\u2011Tipps und Restaurierungsberichte f\u00fcr Oldtimer\u2011Autos und klassische Motorr\u00e4der \u2013 damit aus Erinnerungen wieder fahrbare Wirklichkeit wird.<\/p>\n","protected":false},"featured_media":13818,"template":"","meta":{"iawp_total_views":1},"product_brand":[],"product_cat":[10216],"product_tag":[163,12185,12186,12187,12188,12189,12190],"class_list":{"0":"post-13812","1":"product","2":"type-product","3":"status-publish","4":"has-post-thumbnail","6":"product_cat-oldtimer-praxis","7":"product_tag-kreidler-florett","8":"product_tag-chevrolet-pickup","9":"product_tag-mercedes-w-111","10":"product_tag-nsu-prinz-2","11":"product_tag-nebenstromoelfilter","12":"product_tag-velocette-v2","13":"product_tag-volvo-p-1800","15":"first","16":"instock","17":"shipping-taxable","18":"purchasable","19":"product-type-simple"},"_links":{"self":[{"href":"https:\/\/motorrad-erinnerungen.de\/shop\/wp-json\/wp\/v2\/product\/13812","targetHints":{"allow":["GET"]}}],"collection":[{"href":"https:\/\/motorrad-erinnerungen.de\/shop\/wp-json\/wp\/v2\/product"}],"about":[{"href":"https:\/\/motorrad-erinnerungen.de\/shop\/wp-json\/wp\/v2\/types\/product"}],"wp:featuredmedia":[{"embeddable":true,"href":"https:\/\/motorrad-erinnerungen.de\/shop\/wp-json\/wp\/v2\/media\/13818"}],"wp:attachment":[{"href":"https:\/\/motorrad-erinnerungen.de\/shop\/wp-json\/wp\/v2\/media?parent=13812"}],"wp:term":[{"taxonomy":"product_brand","embeddable":true,"href":"https:\/\/motorrad-erinnerungen.de\/shop\/wp-json\/wp\/v2\/product_brand?post=13812"},{"taxonomy":"product_cat","embeddable":true,"href":"https:\/\/motorrad-erinnerungen.de\/shop\/wp-json\/wp\/v2\/product_cat?post=13812"},{"taxonomy":"product_tag","embeddable":true,"href":"https:\/\/motorrad-erinnerungen.de\/shop\/wp-json\/wp\/v2\/product_tag?post=13812"}],"curies":[{"name":"wp","href":"https:\/\/api.w.org\/{rel}","templated":true}]}}