{"id":13814,"date":"2026-01-26T17:44:35","date_gmt":"2026-01-26T16:44:35","guid":{"rendered":"https:\/\/motorrad-erinnerungen.de\/shop\/produkt\/oldtimer-praxis-07-1999-peugeot-404-cabrio-benelli-sei-duerkopp-md-150\/"},"modified":"2026-01-26T20:14:02","modified_gmt":"2026-01-26T19:14:02","slug":"oldtimer-praxis-07-1999-peugeot-404-cabrio-benelli-sei-duerkopp-md-150","status":"publish","type":"product","link":"https:\/\/motorrad-erinnerungen.de\/shop\/produkt\/oldtimer-praxis-07-1999-peugeot-404-cabrio-benelli-sei-duerkopp-md-150\/","title":{"rendered":"Oldtimer Praxis 07\/1999 \u2013 Peugeot 404 Cabrio; Benelli Sei; D\u00fcrkopp MD 150"},"content":{"rendered":"<p>Erg\u00e4nzen Sie Ihre Sammlung mit der Originalausgabe <strong>Oldtimer Praxis 07\/1999<\/strong>.<\/p>\n<h2>\ud83d\udccc Titelthema dieser Ausgabe<\/h2>\n<ul>\n<li><strong>Peugeot 404 Cabrio<\/strong> \u2013 Elegance \u00e0 la francaise<\/li>\n<\/ul>\n<h2>\ud83c\udfcd\ufe0f Motorr\u00e4der &amp; Zweir\u00e4der in dieser Ausgabe<\/h2>\n<ul>\n<li><strong>Benelli Sei<\/strong> \u2013 Ein bekennender Italo-Fan und der Sechs-Appeal \u2013 das Pl\u00e4doyer f\u00fcr ein wirklich au\u00dfergew\u00f6hnliches Motorrad<\/li>\n<li><strong>D\u00fcrkopp MD 150<\/strong> \u2013 Klein und fein, was mit Mini-Budget alles m\u00f6glich ist<\/li>\n<\/ul>\n<h2>\ud83d\ude97 Weitere Oldtimer-Themen<\/h2>\n<ul>\n<li><strong>DKW AU 1000 Sp Coup\u00e9<\/strong> \u2013 In erster Hand!<\/li>\n<li><strong>Mercedes 190c<\/strong> \u2013 Es muss nicht immer S-Klasse sein \u2013 meint der Mann, der die kleinste Heckflosse mit gr\u00f6\u00dftem Aufwand sanierte<\/li>\n<li><strong>Alfa Romeo Matta<\/strong> \u2013 Der Acker-Alfa<\/li>\n<li><strong>Werkzeug im Praxis-Test<\/strong> \u2013 Farbe und Rost entfernen \u2013 was taugen Vorsatzwerkzeuge?<\/li>\n<\/ul>\n<h2>\ud83d\udca1 Tipp<\/h2>\n<ul>\n<li>Eine Oldtimer-Zeitschrift kann auch eine willkommene \u00dcberraschung sein, f\u00fcr Liebhaber klassischer Autos und Motorr\u00e4der \u2013 zum Verschenken von Erinnerungen und Tr\u00e4umen.<\/li>\n<\/ul>\n<h2>\ud83d\udce6 Versand &amp; Service<\/h2>\n<ul>\n<li>Kostenloser Versand in Deutschland, Auslandsversand f\u00fcr eine geringe Pauschale<\/li>\n<li>Erfahrung aus weit \u00fcber 30.000 erfolgreichen Sendungen<\/li>\n<li>Ihre Zeitschrift wird sicher und liebevoll verpackt<\/li>\n<\/ul>\n<h2>\ud83c\udf0d Zustand der Zeitschrift<\/h2>\n<ul>\n<li>Gebraucht, weil gelesen, durchgebl\u00e4ttert, gestapelt, alles original \ud83d\ude09<\/li>\n<\/ul>\n","protected":false},"excerpt":{"rendered":"<p>Oldtimer Praxis ist die Zeitschrift f\u00fcr Schrauberherzen: Technik, Praxis\u2011Tipps und Restaurierungsberichte f\u00fcr Oldtimer\u2011Autos und klassische Motorr\u00e4der \u2013 damit aus Erinnerungen wieder fahrbare Wirklichkeit wird.<\/p>\n","protected":false},"featured_media":13820,"template":"","meta":{"iawp_total_views":1},"product_brand":[],"product_cat":[10216],"product_tag":[12196,12198,12199,12215,12216,4231,7753],"class_list":{"0":"post-13814","1":"product","2":"type-product","3":"status-publish","4":"has-post-thumbnail","6":"product_cat-oldtimer-praxis","7":"product_tag-alfa-romeo-matta","8":"product_tag-peugeot-404-cabrio","9":"product_tag-werkzeugtest","10":"product_tag-dkw-au-1000-sp-coupe","11":"product_tag-mercedes-190c","12":"product_tag-duerkopp-md-150","13":"product_tag-benelli-sei","15":"first","16":"instock","17":"shipping-taxable","18":"purchasable","19":"product-type-simple"},"_links":{"self":[{"href":"https:\/\/motorrad-erinnerungen.de\/shop\/wp-json\/wp\/v2\/product\/13814","targetHints":{"allow":["GET"]}}],"collection":[{"href":"https:\/\/motorrad-erinnerungen.de\/shop\/wp-json\/wp\/v2\/product"}],"about":[{"href":"https:\/\/motorrad-erinnerungen.de\/shop\/wp-json\/wp\/v2\/types\/product"}],"wp:featuredmedia":[{"embeddable":true,"href":"https:\/\/motorrad-erinnerungen.de\/shop\/wp-json\/wp\/v2\/media\/13820"}],"wp:attachment":[{"href":"https:\/\/motorrad-erinnerungen.de\/shop\/wp-json\/wp\/v2\/media?parent=13814"}],"wp:term":[{"taxonomy":"product_brand","embeddable":true,"href":"https:\/\/motorrad-erinnerungen.de\/shop\/wp-json\/wp\/v2\/product_brand?post=13814"},{"taxonomy":"product_cat","embeddable":true,"href":"https:\/\/motorrad-erinnerungen.de\/shop\/wp-json\/wp\/v2\/product_cat?post=13814"},{"taxonomy":"product_tag","embeddable":true,"href":"https:\/\/motorrad-erinnerungen.de\/shop\/wp-json\/wp\/v2\/product_tag?post=13814"}],"curies":[{"name":"wp","href":"https:\/\/api.w.org\/{rel}","templated":true}]}}