{"id":13829,"date":"2026-01-26T22:19:13","date_gmt":"2026-01-26T21:19:13","guid":{"rendered":"https:\/\/motorrad-erinnerungen.de\/shop\/produkt\/oldtimer-praxis-04-2000-mg-tc-royal-enfield-meteor-700-nsu-fox\/"},"modified":"2026-01-26T22:25:25","modified_gmt":"2026-01-26T21:25:25","slug":"oldtimer-praxis-04-2000-mg-tc-royal-enfield-meteor-700-nsu-fox","status":"publish","type":"product","link":"https:\/\/motorrad-erinnerungen.de\/shop\/produkt\/oldtimer-praxis-04-2000-mg-tc-royal-enfield-meteor-700-nsu-fox\/","title":{"rendered":"Oldtimer Praxis 04\/2000 \u2013 MG TC; Royal Enfield Meteor 700; NSU Fox"},"content":{"rendered":"<p>Erg\u00e4nzen Sie Ihre Sammlung mit der Originalausgabe <strong>Oldtimer Praxis 04\/2000<\/strong>.<\/p>\n<h2>\ud83d\udccc Titelthema dieser Ausgabe<\/h2>\n<ul>\n<li><strong>MG TC<\/strong> \u2013 der Kult-Roadster (Beinhart \u2013 und alltagstauglich!)<\/li>\n<\/ul>\n<h2>\ud83c\udfcd\ufe0f Motorr\u00e4der &amp; Zweir\u00e4der in dieser Ausgabe<\/h2>\n<ul>\n<li><strong>Royal Enfield Meteor 700<\/strong> \u2013 Faszinierender Twin<\/li>\n<li><strong>NSU Fox<\/strong> \u2013 mal ganz anders: Ein Veteranentrial-Fan lie\u00df das kleine Krad im Offroad-Outfit der F\u00fcnziger auferstehen<\/li>\n<\/ul>\n<h2>\ud83d\ude97 Weitere Oldtimer-Themen<\/h2>\n<ul>\n<li><strong>Chevrolet Bel Air 1957<\/strong> \u2013 Ein Hobby-Schrauber wagte sich an die Vollrestaurierung des fantastischen US-Sauriers<\/li>\n<li><strong>AWZ P 70<\/strong> \u2013 Nicht von Pappe<\/li>\n<li><strong>VW Bus Drehleiter DL 10<\/strong> \u2013 In Erster Hand bei der Freiwilligen Feuerwehr Bardowick<\/li>\n<li><\/li>\n<li><strong>Instrumente \u00fcberholen<\/strong> \u2013 Tipps und Technik<\/li>\n<\/ul>\n<h2>\ud83d\udca1 Tipp<\/h2>\n<ul>\n<li>Eine Oldtimer-Zeitschrift kann auch eine willkommene \u00dcberraschung sein, f\u00fcr Liebhaber klassischer Autos und Motorr\u00e4der \u2013 zum Verschenken von Erinnerungen und Tr\u00e4umen.<\/li>\n<\/ul>\n<h2>\ud83d\udce6 Versand &amp; Service<\/h2>\n<ul>\n<li>Kostenloser Versand in Deutschland, Auslandsversand f\u00fcr eine geringe Pauschale<\/li>\n<li>Erfahrung aus weit \u00fcber 30.000 erfolgreichen Sendungen<\/li>\n<li>Ihre Zeitschrift wird sicher und liebevoll verpackt<\/li>\n<\/ul>\n<h2>\ud83c\udf0d Zustand der Zeitschrift<\/h2>\n<ul>\n<li>Gebraucht, weil gelesen, durchgebl\u00e4ttert, gestapelt, alles original \ud83d\ude09<\/li>\n<\/ul>\n","protected":false},"excerpt":{"rendered":"<p>Oldtimer Praxis ist die Zeitschrift f\u00fcr Schrauberherzen: Technik, Praxis\u2011Tipps und Restaurierungsberichte f\u00fcr Oldtimer\u2011Autos und klassische Motorr\u00e4der \u2013 damit aus Erinnerungen wieder fahrbare Wirklichkeit wird.<\/p>\n","protected":false},"featured_media":13836,"template":"","meta":{"iawp_total_views":0},"product_brand":[],"product_cat":[10216],"product_tag":[12220,12221,12251,136,3453,11397,11508],"class_list":{"0":"post-13829","1":"product","2":"type-product","3":"status-publish","4":"has-post-thumbnail","6":"product_cat-oldtimer-praxis","7":"product_tag-awz-p-70","8":"product_tag-mg-tc","9":"product_tag-vw-bus-drehleiter-dl-10","10":"product_tag-nsu-fox","11":"product_tag-royal-enfield-meteor-700","12":"product_tag-chevrolet-bel-air","13":"product_tag-instrumente","15":"first","16":"instock","17":"shipping-taxable","18":"purchasable","19":"product-type-simple"},"_links":{"self":[{"href":"https:\/\/motorrad-erinnerungen.de\/shop\/wp-json\/wp\/v2\/product\/13829","targetHints":{"allow":["GET"]}}],"collection":[{"href":"https:\/\/motorrad-erinnerungen.de\/shop\/wp-json\/wp\/v2\/product"}],"about":[{"href":"https:\/\/motorrad-erinnerungen.de\/shop\/wp-json\/wp\/v2\/types\/product"}],"wp:featuredmedia":[{"embeddable":true,"href":"https:\/\/motorrad-erinnerungen.de\/shop\/wp-json\/wp\/v2\/media\/13836"}],"wp:attachment":[{"href":"https:\/\/motorrad-erinnerungen.de\/shop\/wp-json\/wp\/v2\/media?parent=13829"}],"wp:term":[{"taxonomy":"product_brand","embeddable":true,"href":"https:\/\/motorrad-erinnerungen.de\/shop\/wp-json\/wp\/v2\/product_brand?post=13829"},{"taxonomy":"product_cat","embeddable":true,"href":"https:\/\/motorrad-erinnerungen.de\/shop\/wp-json\/wp\/v2\/product_cat?post=13829"},{"taxonomy":"product_tag","embeddable":true,"href":"https:\/\/motorrad-erinnerungen.de\/shop\/wp-json\/wp\/v2\/product_tag?post=13829"}],"curies":[{"name":"wp","href":"https:\/\/api.w.org\/{rel}","templated":true}]}}