{"id":13835,"date":"2026-01-26T22:19:15","date_gmt":"2026-01-26T21:19:15","guid":{"rendered":"https:\/\/motorrad-erinnerungen.de\/shop\/produkt\/oldtimer-praxis-11-2000-citroen-sm-maico-m-250-b-nsu-osl-350\/"},"modified":"2026-01-27T21:50:26","modified_gmt":"2026-01-27T20:50:26","slug":"oldtimer-praxis-11-2000-citroen-sm-maico-m-250-b-nsu-osl-350","status":"publish","type":"product","link":"https:\/\/motorrad-erinnerungen.de\/shop\/produkt\/oldtimer-praxis-11-2000-citroen-sm-maico-m-250-b-nsu-osl-350\/","title":{"rendered":"Oldtimer Praxis 11\/2000 \u2013 Citro\u00ebn SM; Maico M 250\/B; NSU OSL 351"},"content":{"rendered":"<p>Erg\u00e4nzen Sie Ihre Sammlung mit der Originalausgabe <strong>Oldtimer Praxis 11\/2000<\/strong>.<\/p>\n<h2>\ud83d\udccc Titelthema dieser Ausgabe<\/h2>\n<ul>\n<li><strong>Citro\u00ebn SM<\/strong> \u2013 Wunder der Technik<\/li>\n<\/ul>\n<h2>\ud83c\udfcd\ufe0f Motorr\u00e4der &amp; Zweir\u00e4der in dieser Ausgabe<\/h2>\n<ul>\n<li><strong>Maico M 250\/B<\/strong> \u2013 Der Ratgeber f\u00fcr alle, die das wackere Bundeswehr-Krad &#8218;zivilisieren&#8216; m\u00f6chten<\/li>\n<li><strong>NSU OSL 351<\/strong>\u00a0\u2013 Neue Serie, Teil 1: Motorradrestaurierung &#8211; Alle Arbeitsschritte im Detail<\/li>\n<\/ul>\n<h2>\ud83d\ude97 Weitere Oldtimer-Themen<\/h2>\n<ul>\n<li><strong>BMW Isetta<\/strong> \u2013 Ganz wenig Auto, ganz viel Spa\u00df. Steigen Sie mit uns ein<\/li>\n<li><strong>Hanomag Garant<\/strong> \u2013 Qualit\u00e4t aus Hannover<\/li>\n<li><strong>Audi 50 GL<\/strong> \u2013 voll restauriert, die Story<\/li>\n<li><strong>Hartl\u00f6ten<\/strong> \u2013 Ratgeber Technik: Die Kunst des Hartl\u00f6tens<\/li>\n<\/ul>\n<h2>\ud83d\udca1 Tipp<\/h2>\n<ul>\n<li>Eine Oldtimer-Zeitschrift kann auch eine willkommene \u00dcberraschung sein, f\u00fcr Liebhaber klassischer Autos und Motorr\u00e4der \u2013 zum Verschenken von Erinnerungen und Tr\u00e4umen.<\/li>\n<\/ul>\n<h2>\ud83d\udce6 Versand &amp; Service<\/h2>\n<ul>\n<li>Kostenloser Versand in Deutschland, Auslandsversand f\u00fcr eine geringe Pauschale<\/li>\n<li>Erfahrung aus weit \u00fcber 30.000 erfolgreichen Sendungen<\/li>\n<li>Ihre Zeitschrift wird sicher und liebevoll verpackt<\/li>\n<\/ul>\n<h2>\ud83c\udf0d Zustand der Zeitschrift<\/h2>\n<ul>\n<li>Gebraucht, weil gelesen, durchgebl\u00e4ttert, gestapelt, alles original \ud83d\ude09<\/li>\n<\/ul>\n","protected":false},"excerpt":{"rendered":"<p>Oldtimer Praxis ist die Zeitschrift f\u00fcr Schrauberherzen: Technik, Praxis\u2011Tipps und Restaurierungsberichte f\u00fcr Oldtimer\u2011Autos und klassische Motorr\u00e4der \u2013 damit aus Erinnerungen wieder fahrbare Wirklichkeit wird.<\/p>\n","protected":false},"featured_media":13843,"template":"","meta":{"iawp_total_views":0},"product_brand":[],"product_cat":[10216],"product_tag":[12247,12248,12249,12250,12258,1565,11501],"class_list":{"0":"post-13835","1":"product","2":"type-product","3":"status-publish","4":"has-post-thumbnail","6":"product_cat-oldtimer-praxis","7":"product_tag-citroen-sm","8":"product_tag-hanomag-garant","9":"product_tag-hartloeten","10":"product_tag-maico-m-250-b-2","11":"product_tag-audi-50-gl","12":"product_tag-nsu-osl-351","13":"product_tag-bmw-isetta","15":"first","16":"instock","17":"shipping-taxable","18":"purchasable","19":"product-type-simple"},"_links":{"self":[{"href":"https:\/\/motorrad-erinnerungen.de\/shop\/wp-json\/wp\/v2\/product\/13835","targetHints":{"allow":["GET"]}}],"collection":[{"href":"https:\/\/motorrad-erinnerungen.de\/shop\/wp-json\/wp\/v2\/product"}],"about":[{"href":"https:\/\/motorrad-erinnerungen.de\/shop\/wp-json\/wp\/v2\/types\/product"}],"wp:featuredmedia":[{"embeddable":true,"href":"https:\/\/motorrad-erinnerungen.de\/shop\/wp-json\/wp\/v2\/media\/13843"}],"wp:attachment":[{"href":"https:\/\/motorrad-erinnerungen.de\/shop\/wp-json\/wp\/v2\/media?parent=13835"}],"wp:term":[{"taxonomy":"product_brand","embeddable":true,"href":"https:\/\/motorrad-erinnerungen.de\/shop\/wp-json\/wp\/v2\/product_brand?post=13835"},{"taxonomy":"product_cat","embeddable":true,"href":"https:\/\/motorrad-erinnerungen.de\/shop\/wp-json\/wp\/v2\/product_cat?post=13835"},{"taxonomy":"product_tag","embeddable":true,"href":"https:\/\/motorrad-erinnerungen.de\/shop\/wp-json\/wp\/v2\/product_tag?post=13835"}],"curies":[{"name":"wp","href":"https:\/\/api.w.org\/{rel}","templated":true}]}}