{"id":13853,"date":"2026-01-26T23:23:25","date_gmt":"2026-01-26T22:23:25","guid":{"rendered":"https:\/\/motorrad-erinnerungen.de\/shop\/produkt\/oldtimer-praxis-02-2002-der-renntransporter-bmw-r-25-kawasaki-h-bomben\/"},"modified":"2026-01-27T00:12:12","modified_gmt":"2026-01-26T23:12:12","slug":"oldtimer-praxis-02-2002-der-renntransporter-bmw-r-25-kawasaki-h-bomben","status":"publish","type":"product","link":"https:\/\/motorrad-erinnerungen.de\/shop\/produkt\/oldtimer-praxis-02-2002-der-renntransporter-bmw-r-25-kawasaki-h-bomben\/","title":{"rendered":"Oldtimer Praxis 02\/2002 \u2013 Mercedes-Renntransporter; BMW R 25; Kawasaki H1 \/ H2 Mach III und IV"},"content":{"rendered":"<p>Erg\u00e4nzen Sie Ihre Sammlung mit der Originalausgabe <strong>Oldtimer Praxis 02\/2002<\/strong>.<\/p>\n<h2>\ud83d\udccc Titelthema dieser Ausgabe<\/h2>\n<ul>\n<li><strong>Der Mercedes-Renntransporter<\/strong> \u2013 Wiedergeburt einer Legende (Blaues Wunder)<\/li>\n<\/ul>\n<h2>\ud83c\udfcd\ufe0f Motorr\u00e4der &amp; Zweir\u00e4der in dieser Ausgabe<\/h2>\n<ul>\n<li><strong>BMW R 25<\/strong> \u2013 F\u00fcr immer mein: Die Lebensgeschichte einer BMW R 25, die seit einem halben Jahrhundert in erster Hand ist<\/li>\n<li><strong>Kawasaki H-Bomben<\/strong> \u2013 Mach III und IV, drei Zylinder im Zweitakt<\/li>\n<li><strong>NSU OSL 351<\/strong> \u2013 Serie, Teil 16: Motorradrestaurierung \u2013 Alle Arbeitsschritte im Detail<\/li>\n<\/ul>\n<h2>\ud83d\ude97 Weitere Oldtimer-Themen<\/h2>\n<ul>\n<li><strong>Peugeot 203 Commerciale<\/strong> \u2013 Ein Alltags-Kombi soll&#8217;s sein, und zwar ein richtig gro\u00dfer?<\/li>\n<li><strong>Hillman Imp<\/strong> \u2013 Hauptsache Heckmotor: der Briten-NSU<\/li>\n<li><strong>Z\u00fcndverteiler<\/strong> \u2013 Tipps und Technik: Alles \u00fcber den Z\u00fcndverteiler<\/li>\n<\/ul>\n<h2>\ud83d\udca1 Tipp<\/h2>\n<ul>\n<li>Eine Oldtimer-Zeitschrift kann auch eine willkommene \u00dcberraschung sein, f\u00fcr Liebhaber klassischer Autos und Motorr\u00e4der \u2013 zum Verschenken von Erinnerungen und Tr\u00e4umen.<\/li>\n<\/ul>\n<h2>\ud83d\udce6 Versand &amp; Service<\/h2>\n<ul>\n<li>Kostenloser Versand in Deutschland, Auslandsversand f\u00fcr eine geringe Pauschale<\/li>\n<li>Erfahrung aus weit \u00fcber 30.000 erfolgreichen Sendungen<\/li>\n<li>Ihre Zeitschrift wird sicher und liebevoll verpackt<\/li>\n<\/ul>\n<h2>\ud83c\udf0d Zustand der Zeitschrift<\/h2>\n<ul>\n<li>Gebraucht, weil gelesen, durchgebl\u00e4ttert, gestapelt, alles original \ud83d\ude09<\/li>\n<\/ul>\n","protected":false},"excerpt":{"rendered":"<p>Oldtimer Praxis ist die Zeitschrift f\u00fcr Schrauberherzen: Technik, Praxis\u2011Tipps und Restaurierungsberichte f\u00fcr Oldtimer\u2011Autos und klassische Motorr\u00e4der \u2013 damit aus Erinnerungen wieder fahrbare Wirklichkeit wird.<\/p>\n","protected":false},"featured_media":13862,"template":"","meta":{"iawp_total_views":1},"product_brand":[],"product_cat":[10216],"product_tag":[12265,12266,12267,12268,12281,1565,4824,11627],"class_list":{"0":"post-13853","1":"product","2":"type-product","3":"status-publish","4":"has-post-thumbnail","6":"product_cat-oldtimer-praxis","7":"product_tag-hillman-imp","8":"product_tag-kawasaki-h1","9":"product_tag-renntransporter","10":"product_tag-zuendverteiler","11":"product_tag-kawasaki-h-bomben-mach-iii-und-iv","12":"product_tag-nsu-osl-351","13":"product_tag-bmw-r-25","14":"product_tag-peugeot-203","16":"first","17":"instock","18":"shipping-taxable","19":"purchasable","20":"product-type-simple"},"_links":{"self":[{"href":"https:\/\/motorrad-erinnerungen.de\/shop\/wp-json\/wp\/v2\/product\/13853","targetHints":{"allow":["GET"]}}],"collection":[{"href":"https:\/\/motorrad-erinnerungen.de\/shop\/wp-json\/wp\/v2\/product"}],"about":[{"href":"https:\/\/motorrad-erinnerungen.de\/shop\/wp-json\/wp\/v2\/types\/product"}],"wp:featuredmedia":[{"embeddable":true,"href":"https:\/\/motorrad-erinnerungen.de\/shop\/wp-json\/wp\/v2\/media\/13862"}],"wp:attachment":[{"href":"https:\/\/motorrad-erinnerungen.de\/shop\/wp-json\/wp\/v2\/media?parent=13853"}],"wp:term":[{"taxonomy":"product_brand","embeddable":true,"href":"https:\/\/motorrad-erinnerungen.de\/shop\/wp-json\/wp\/v2\/product_brand?post=13853"},{"taxonomy":"product_cat","embeddable":true,"href":"https:\/\/motorrad-erinnerungen.de\/shop\/wp-json\/wp\/v2\/product_cat?post=13853"},{"taxonomy":"product_tag","embeddable":true,"href":"https:\/\/motorrad-erinnerungen.de\/shop\/wp-json\/wp\/v2\/product_tag?post=13853"}],"curies":[{"name":"wp","href":"https:\/\/api.w.org\/{rel}","templated":true}]}}