{"id":13855,"date":"2026-01-26T23:23:25","date_gmt":"2026-01-26T22:23:25","guid":{"rendered":"https:\/\/motorrad-erinnerungen.de\/shop\/produkt\/oldtimer-praxis-07-2002-volvo-p-1900-yamaha-sr-500-heinkel-tourist\/"},"modified":"2026-01-27T10:26:37","modified_gmt":"2026-01-27T09:26:37","slug":"oldtimer-praxis-07-2002-volvo-p-1900-yamaha-sr-500-heinkel-tourist","status":"publish","type":"product","link":"https:\/\/motorrad-erinnerungen.de\/shop\/produkt\/oldtimer-praxis-07-2002-volvo-p-1900-yamaha-sr-500-heinkel-tourist\/","title":{"rendered":"Oldtimer Praxis 07\/2002 \u2013 Volvo P 1900; Yamaha SR 500; Heinkel Tourist"},"content":{"rendered":"<p>Erg\u00e4nzen Sie Ihre Sammlung mit der Originalausgabe <strong>Oldtimer Praxis 07\/2002<\/strong>.<\/p>\n<h2>\ud83d\udccc Titelthema dieser Ausgabe<\/h2>\n<ul>\n<li><strong>Volvo P 1900<\/strong> \u2013 Superselten und fast vergessen<\/li>\n<\/ul>\n<h2>\ud83c\udfcd\ufe0f Motorr\u00e4der &amp; Zweir\u00e4der in dieser Ausgabe<\/h2>\n<ul>\n<li><strong>Yamaha SR 500<\/strong> \u2013 Ein Klassiker ab Werk, Nippons Kult-Single<\/li>\n<li><strong>Heinkel Tourist<\/strong> \u2013 Die Geschichte eines originalen Post-Rollers im Topzustand<\/li>\n<\/ul>\n<h2>\ud83d\ude97 Weitere Oldtimer-Themen<\/h2>\n<ul>\n<li><strong>Austin Seven Beaulieu<\/strong> \u2013 Erbaut in zwei Tagen!<\/li>\n<li><strong>Mercedes 220 S<\/strong> \u2013 Es sollte eine Vorzeige-Restaurierung werden \u2013 doch dann kam alles ganz, ganz anders<\/li>\n<li><strong>Opel Kadett C<\/strong> \u2013 Tiefer, breiter, kr\u00e4ftiger \u2013 aus dem Leben eines Opel Kadett C<\/li>\n<li><strong>Solex-Vergaser<\/strong> \u2013 Funktion, Reparatur, Einstellung: unter der Lupe<\/li>\n<\/ul>\n<h2>\ud83d\udca1 Tipp<\/h2>\n<ul>\n<li>Eine Oldtimer-Zeitschrift kann auch eine willkommene \u00dcberraschung sein, f\u00fcr Liebhaber klassischer Autos und Motorr\u00e4der \u2013 zum Verschenken von Erinnerungen und Tr\u00e4umen.<\/li>\n<\/ul>\n<h2>\ud83d\udce6 Versand &amp; Service<\/h2>\n<ul>\n<li>Kostenloser Versand in Deutschland, Auslandsversand f\u00fcr eine geringe Pauschale<\/li>\n<li>Erfahrung aus weit \u00fcber 30.000 erfolgreichen Sendungen<\/li>\n<li>Ihre Zeitschrift wird sicher und liebevoll verpackt<\/li>\n<\/ul>\n<h2>\ud83c\udf0d Zustand der Zeitschrift<\/h2>\n<ul>\n<li>Gebraucht, weil gelesen, durchgebl\u00e4ttert, gestapelt, alles original \ud83d\ude09<\/li>\n<\/ul>\n","protected":false},"excerpt":{"rendered":"<p>Oldtimer Praxis ist die Zeitschrift f\u00fcr Schrauberherzen: Technik, Praxis\u2011Tipps und Restaurierungsberichte f\u00fcr Oldtimer\u2011Autos und klassische Motorr\u00e4der \u2013 damit aus Erinnerungen wieder fahrbare Wirklichkeit wird.<\/p>\n","protected":false},"featured_media":13866,"template":"","meta":{"iawp_total_views":2},"product_brand":[],"product_cat":[10216],"product_tag":[11375,11536,12102,12273,731,1530,11370],"class_list":{"0":"post-13855","1":"product","2":"type-product","3":"status-publish","4":"has-post-thumbnail","6":"product_cat-oldtimer-praxis","7":"product_tag-opel-kadett-c","8":"product_tag-solex-vergaser","9":"product_tag-austin-seven","10":"product_tag-volvo-p-1900","11":"product_tag-yamaha-sr-500","12":"product_tag-heinkel-tourist","13":"product_tag-mercedes-220-s","15":"first","16":"instock","17":"shipping-taxable","18":"purchasable","19":"product-type-simple"},"_links":{"self":[{"href":"https:\/\/motorrad-erinnerungen.de\/shop\/wp-json\/wp\/v2\/product\/13855","targetHints":{"allow":["GET"]}}],"collection":[{"href":"https:\/\/motorrad-erinnerungen.de\/shop\/wp-json\/wp\/v2\/product"}],"about":[{"href":"https:\/\/motorrad-erinnerungen.de\/shop\/wp-json\/wp\/v2\/types\/product"}],"wp:featuredmedia":[{"embeddable":true,"href":"https:\/\/motorrad-erinnerungen.de\/shop\/wp-json\/wp\/v2\/media\/13866"}],"wp:attachment":[{"href":"https:\/\/motorrad-erinnerungen.de\/shop\/wp-json\/wp\/v2\/media?parent=13855"}],"wp:term":[{"taxonomy":"product_brand","embeddable":true,"href":"https:\/\/motorrad-erinnerungen.de\/shop\/wp-json\/wp\/v2\/product_brand?post=13855"},{"taxonomy":"product_cat","embeddable":true,"href":"https:\/\/motorrad-erinnerungen.de\/shop\/wp-json\/wp\/v2\/product_cat?post=13855"},{"taxonomy":"product_tag","embeddable":true,"href":"https:\/\/motorrad-erinnerungen.de\/shop\/wp-json\/wp\/v2\/product_tag?post=13855"}],"curies":[{"name":"wp","href":"https:\/\/api.w.org\/{rel}","templated":true}]}}