{"id":13856,"date":"2026-01-26T23:23:25","date_gmt":"2026-01-26T22:23:25","guid":{"rendered":"https:\/\/motorrad-erinnerungen.de\/shop\/produkt\/oldtimer-praxis-09-2002-fiat-500-kombi-ducati-250-renner-zuendapp-ks-175\/"},"modified":"2026-01-27T10:34:39","modified_gmt":"2026-01-27T09:34:39","slug":"oldtimer-praxis-09-2002-fiat-500-kombi-ducati-250-renner-zuendapp-ks-175","status":"publish","type":"product","link":"https:\/\/motorrad-erinnerungen.de\/shop\/produkt\/oldtimer-praxis-09-2002-fiat-500-kombi-ducati-250-renner-zuendapp-ks-175\/","title":{"rendered":"Oldtimer Praxis 09\/2002 \u2013 Fiat 500 Kombi; Ducati 250 Renner; Z\u00fcndapp KS 175"},"content":{"rendered":"<p>Erg\u00e4nzen Sie Ihre Sammlung mit der Originalausgabe <strong>Oldtimer Praxis 09\/2002<\/strong>.<\/p>\n<h2>\ud83d\udccc Titelthema dieser Ausgabe<\/h2>\n<ul>\n<li><strong>Fiat 500 Familiare<\/strong> \u2013 ein Kombi zum Verlieben!<\/li>\n<\/ul>\n<h2>\ud83c\udfcd\ufe0f Motorr\u00e4der &amp; Zweir\u00e4der in dieser Ausgabe<\/h2>\n<ul>\n<li><strong>Ducati 250 Renner<\/strong> \u2013 Motorrad-Rennsport muss nicht teuer sein: Wie aus einem Ducati-Teilespender ein 250-Kubik-Renner wurde<\/li>\n<li><strong>Z\u00fcndapp KS 175<\/strong> \u2013 Der letzte Versuch<\/li>\n<li><strong>NSU OSL 351<\/strong> \u2013 Motorradrestaurierung \u2013 Alle Arbeitsschritte im Detail, Serie, Teil 22<\/li>\n<\/ul>\n<h2>\ud83d\ude97 Weitere Oldtimer-Themen<\/h2>\n<ul>\n<li><strong>Wartburg 353 WR und Rallyetrans<\/strong> \u2013 Und noch eine Renntransporter-Replika: Wie zwei Wartburg-Fans den Rallyetrans neu aufleben lie\u00dfen<\/li>\n<li><strong>Gr\u00e4f &amp; Stift C 12<\/strong> \u2013 Einmalig: ein Traum von einem Auto!<\/li>\n<li><strong>Arbeitssicherheit<\/strong> \u2013 Damit nichts schiefgeht: Praxis-Ratgeber<\/li>\n<li><strong>Handlinieren<\/strong> \u2013 Die Kunst des Handlinierens<\/li>\n<\/ul>\n<h2>\ud83d\udca1 Tipp<\/h2>\n<ul>\n<li>Eine Oldtimer-Zeitschrift kann auch eine willkommene \u00dcberraschung sein, f\u00fcr Liebhaber klassischer Autos und Motorr\u00e4der \u2013 zum Verschenken von Erinnerungen und Tr\u00e4umen.<\/li>\n<\/ul>\n<h2>\ud83d\udce6 Versand &amp; Service<\/h2>\n<ul>\n<li>Kostenloser Versand in Deutschland, Auslandsversand f\u00fcr eine geringe Pauschale<\/li>\n<li>Erfahrung aus weit \u00fcber 30.000 erfolgreichen Sendungen<\/li>\n<li>Ihre Zeitschrift wird sicher und liebevoll verpackt<\/li>\n<\/ul>\n<h2>\ud83c\udf0d Zustand der Zeitschrift<\/h2>\n<ul>\n<li>Gebraucht, weil gelesen, durchgebl\u00e4ttert, gestapelt, alles original \ud83d\ude09<\/li>\n<\/ul>\n","protected":false},"excerpt":{"rendered":"<p>Oldtimer Praxis ist die Zeitschrift f\u00fcr Schrauberherzen: Technik, Praxis\u2011Tipps und Restaurierungsberichte f\u00fcr Oldtimer\u2011Autos und klassische Motorr\u00e4der \u2013 damit aus Erinnerungen wieder fahrbare Wirklichkeit wird.<\/p>\n","protected":false},"featured_media":13868,"template":"","meta":{"iawp_total_views":1},"product_brand":[],"product_cat":[10216],"product_tag":[12274,12276,12277,12286,12287,686,1565,10721],"class_list":{"0":"post-13856","1":"product","2":"type-product","3":"status-publish","4":"has-post-thumbnail","6":"product_cat-oldtimer-praxis","7":"product_tag-arbeitssicherheit","8":"product_tag-graef-stift","9":"product_tag-handlinieren","10":"product_tag-fiat-500-familiare","11":"product_tag-wartburg-353-wr-und-rallyetrans","12":"product_tag-zuendapp-ks-175","13":"product_tag-nsu-osl-351","14":"product_tag-ducati-250","16":"first","17":"instock","18":"shipping-taxable","19":"purchasable","20":"product-type-simple"},"_links":{"self":[{"href":"https:\/\/motorrad-erinnerungen.de\/shop\/wp-json\/wp\/v2\/product\/13856","targetHints":{"allow":["GET"]}}],"collection":[{"href":"https:\/\/motorrad-erinnerungen.de\/shop\/wp-json\/wp\/v2\/product"}],"about":[{"href":"https:\/\/motorrad-erinnerungen.de\/shop\/wp-json\/wp\/v2\/types\/product"}],"wp:featuredmedia":[{"embeddable":true,"href":"https:\/\/motorrad-erinnerungen.de\/shop\/wp-json\/wp\/v2\/media\/13868"}],"wp:attachment":[{"href":"https:\/\/motorrad-erinnerungen.de\/shop\/wp-json\/wp\/v2\/media?parent=13856"}],"wp:term":[{"taxonomy":"product_brand","embeddable":true,"href":"https:\/\/motorrad-erinnerungen.de\/shop\/wp-json\/wp\/v2\/product_brand?post=13856"},{"taxonomy":"product_cat","embeddable":true,"href":"https:\/\/motorrad-erinnerungen.de\/shop\/wp-json\/wp\/v2\/product_cat?post=13856"},{"taxonomy":"product_tag","embeddable":true,"href":"https:\/\/motorrad-erinnerungen.de\/shop\/wp-json\/wp\/v2\/product_tag?post=13856"}],"curies":[{"name":"wp","href":"https:\/\/api.w.org\/{rel}","templated":true}]}}