{"id":13874,"date":"2026-01-27T14:33:18","date_gmt":"2026-01-27T13:33:18","guid":{"rendered":"https:\/\/motorrad-erinnerungen.de\/shop\/produkt\/oldtimer-praxis-09-2003-opel-kadett-b-coupe-honda-cb-350-und-400-four\/"},"modified":"2026-01-27T15:02:47","modified_gmt":"2026-01-27T14:02:47","slug":"oldtimer-praxis-09-2003-opel-kadett-b-coupe-honda-cb-350-und-400-four","status":"publish","type":"product","link":"https:\/\/motorrad-erinnerungen.de\/shop\/produkt\/oldtimer-praxis-09-2003-opel-kadett-b-coupe-honda-cb-350-und-400-four\/","title":{"rendered":"Oldtimer Praxis 09\/2003 \u2013 Opel Kadett B Coup\u00e9; Honda CB 350 \/ 400 Four; NSU Lambretta"},"content":{"rendered":"<p>Erg\u00e4nzen Sie Ihre Sammlung mit der Originalausgabe <strong>Oldtimer Praxis 09\/2003<\/strong>.<\/p>\n<h2>\ud83d\udccc Titelthema dieser Ausgabe<\/h2>\n<ul>\n<li><strong>Opel Kadett B Coup\u00e9<\/strong> \u2013 Perfekt restauriert!<\/li>\n<\/ul>\n<h2>\ud83c\udfcd\ufe0f Motorr\u00e4der &amp; Zweir\u00e4der in dieser Ausgabe<\/h2>\n<ul>\n<li><strong>Honda CB 350 und 400 Four<\/strong> \u2013 Viererbande: vom Leben und Schrauben mit den zeitlosen Vierzylinder-Evergreens<\/li>\n<li><strong>NSU Lambretta<\/strong> \u2013 Vespa-Alternative<\/li>\n<\/ul>\n<h2>\ud83d\ude97 Weitere Oldtimer-Themen<\/h2>\n<ul>\n<li><strong>BMW Alpina C1<\/strong> \u2013 So jung \u2013 und so verdorben: Die Story eines BMW Alpina C1, der schon mit 19 Jahren ein Fall f\u00fcr eine Vollrestaurierung war<\/li>\n<li><strong>Magirus Uranus<\/strong> \u2013 Zw\u00f6lf Zylinder, 16 Tonnen, ein feuerrotes Spielmobil<\/li>\n<li><strong>DKW Sonderklasse<\/strong> \u2013 nur wenige mit dem extravaganten Ladepumpen-V4 haben \u00fcberlebt<\/li>\n<li><strong>Fiat 600<\/strong> \u2013 war dabei beim gro\u00dfen Treffen der kleinen Autos \u2013 in Spanien<\/li>\n<li><strong>Der \u00d6lkreislauf<\/strong> \u2013 Pumpe, Filter &amp; Co: unter der Lupe<\/li>\n<\/ul>\n<h2>\ud83d\udca1 Tipp<\/h2>\n<ul>\n<li>Eine Oldtimer-Zeitschrift kann auch eine willkommene \u00dcberraschung sein, f\u00fcr Liebhaber klassischer Autos und Motorr\u00e4der \u2013 zum Verschenken von Erinnerungen und Tr\u00e4umen.<\/li>\n<\/ul>\n<h2>\ud83d\udce6 Versand &amp; Service<\/h2>\n<ul>\n<li>Kostenloser Versand in Deutschland, Auslandsversand f\u00fcr eine geringe Pauschale<\/li>\n<li>Erfahrung aus weit \u00fcber 30.000 erfolgreichen Sendungen<\/li>\n<li>Ihre Zeitschrift wird sicher und liebevoll verpackt<\/li>\n<\/ul>\n<h2>\ud83c\udf0d Zustand der Zeitschrift<\/h2>\n<ul>\n<li>Gebraucht, weil gelesen, durchgebl\u00e4ttert, gestapelt, alles original \ud83d\ude09<\/li>\n<\/ul>\n","protected":false},"excerpt":{"rendered":"<p>Oldtimer Praxis ist die Zeitschrift f\u00fcr Schrauberherzen: Technik, Praxis\u2011Tipps und Restaurierungsberichte f\u00fcr Oldtimer\u2011Autos und klassische Motorr\u00e4der \u2013 damit aus Erinnerungen wieder fahrbare Wirklichkeit wird.<\/p>\n","protected":false},"featured_media":13882,"template":"","meta":{"iawp_total_views":0},"product_brand":[],"product_cat":[10216],"product_tag":[12314,379,487,4349,11295,11707,12302,12303,12304],"class_list":{"0":"post-13874","1":"product","2":"type-product","3":"status-publish","4":"has-post-thumbnail","6":"product_cat-oldtimer-praxis","7":"product_tag-dkw-sonderklasse","8":"product_tag-honda-cb-350-four","9":"product_tag-honda-cb-400-four","10":"product_tag-nsu-lambretta","11":"product_tag-oelkreislauf","12":"product_tag-fiat-600","13":"product_tag-bmw-alpina-c1","14":"product_tag-magirus-uranus","15":"product_tag-opel-kadett-b-coupe","17":"first","18":"instock","19":"shipping-taxable","20":"purchasable","21":"product-type-simple"},"_links":{"self":[{"href":"https:\/\/motorrad-erinnerungen.de\/shop\/wp-json\/wp\/v2\/product\/13874","targetHints":{"allow":["GET"]}}],"collection":[{"href":"https:\/\/motorrad-erinnerungen.de\/shop\/wp-json\/wp\/v2\/product"}],"about":[{"href":"https:\/\/motorrad-erinnerungen.de\/shop\/wp-json\/wp\/v2\/types\/product"}],"wp:featuredmedia":[{"embeddable":true,"href":"https:\/\/motorrad-erinnerungen.de\/shop\/wp-json\/wp\/v2\/media\/13882"}],"wp:attachment":[{"href":"https:\/\/motorrad-erinnerungen.de\/shop\/wp-json\/wp\/v2\/media?parent=13874"}],"wp:term":[{"taxonomy":"product_brand","embeddable":true,"href":"https:\/\/motorrad-erinnerungen.de\/shop\/wp-json\/wp\/v2\/product_brand?post=13874"},{"taxonomy":"product_cat","embeddable":true,"href":"https:\/\/motorrad-erinnerungen.de\/shop\/wp-json\/wp\/v2\/product_cat?post=13874"},{"taxonomy":"product_tag","embeddable":true,"href":"https:\/\/motorrad-erinnerungen.de\/shop\/wp-json\/wp\/v2\/product_tag?post=13874"}],"curies":[{"name":"wp","href":"https:\/\/api.w.org\/{rel}","templated":true}]}}