{"id":13887,"date":"2026-01-27T16:13:21","date_gmt":"2026-01-27T15:13:21","guid":{"rendered":"https:\/\/motorrad-erinnerungen.de\/shop\/produkt\/oldtimer-praxis-05-2004-volvo-p-1800-s-honda-xl-250\/"},"modified":"2026-01-27T16:19:06","modified_gmt":"2026-01-27T15:19:06","slug":"oldtimer-praxis-05-2004-volvo-p-1800-s-honda-xl-250","status":"publish","type":"product","link":"https:\/\/motorrad-erinnerungen.de\/shop\/produkt\/oldtimer-praxis-05-2004-volvo-p-1800-s-honda-xl-250\/","title":{"rendered":"Oldtimer Praxis 05\/2004 \u2013 Volvo P 1800 S; Honda XL 250; Puch P 800"},"content":{"rendered":"<p>Erg\u00e4nzen Sie Ihre Sammlung mit der Originalausgabe <strong>Oldtimer Praxis 05\/2004<\/strong>.<\/p>\n<h2>\ud83d\udccc Titelthema dieser Ausgabe<\/h2>\n<ul>\n<li><strong>Volvo P 1800 S<\/strong> \u2013 Schwedens Sch\u00f6nster!<\/li>\n<\/ul>\n<h2>\ud83c\udfcd\ufe0f Motorr\u00e4der &amp; Zweir\u00e4der in dieser Ausgabe<\/h2>\n<ul>\n<li><strong>Honda XL 250<\/strong> \u2013 Die kleine Enduro mit Vierventiltechnik deb\u00fctierte vor 30 Jahren. Wir nehmen sie unter die Lupe<\/li>\n<li><strong>Puch P 800<\/strong> \u2013 Der vergessene Vierzylinder: die Rarit\u00e4t aus Graz<\/li>\n<\/ul>\n<h2>\ud83d\ude97 Weitere Oldtimer-Themen<\/h2>\n<ul>\n<li><strong>Dannenhauer &amp; Stauss<\/strong> \u2013 Viel seltener geht nicht: Von der Rettung eines ganz besonderen K\u00e4fer-Derivats<\/li>\n<li><strong>DKW F5<\/strong> \u2013 H\u00fcrdenlauf im Zweitakt: Wie ein DKW F5 gerettet wurde<\/li>\n<li><strong>Renault 12<\/strong> \u2013 einst ein echter Bestseller, heute fast vergessen<\/li>\n<li><strong>Anh\u00e4ngerkupplungen<\/strong> \u2013 Alles \u00fcber Anh\u00e4ngerkupplungen f\u00fcr Oldtimer: Tipps aus der Praxis<\/li>\n<\/ul>\n<h2>\ud83d\udca1 Tipp<\/h2>\n<ul>\n<li>Eine Oldtimer-Zeitschrift kann auch eine willkommene \u00dcberraschung sein, f\u00fcr Liebhaber klassischer Autos und Motorr\u00e4der \u2013 zum Verschenken von Erinnerungen und Tr\u00e4umen.<\/li>\n<\/ul>\n<h2>\ud83d\udce6 Versand &amp; Service<\/h2>\n<ul>\n<li>Kostenloser Versand in Deutschland, Auslandsversand f\u00fcr eine geringe Pauschale<\/li>\n<li>Erfahrung aus weit \u00fcber 30.000 erfolgreichen Sendungen<\/li>\n<li>Ihre Zeitschrift wird sicher und liebevoll verpackt<\/li>\n<\/ul>\n<h2>\ud83c\udf0d Zustand der Zeitschrift<\/h2>\n<ul>\n<li>Gebraucht, weil gelesen, durchgebl\u00e4ttert, gestapelt, alles original \ud83d\ude09<\/li>\n<\/ul>\n","protected":false},"excerpt":{"rendered":"<p>Oldtimer Praxis ist die Zeitschrift f\u00fcr Schrauberherzen: Technik, Praxis\u2011Tipps und Restaurierungsberichte f\u00fcr Oldtimer\u2011Autos und klassische Motorr\u00e4der \u2013 damit aus Erinnerungen wieder fahrbare Wirklichkeit wird.<\/p>\n","protected":false},"featured_media":13889,"template":"","meta":{"iawp_total_views":2},"product_brand":[],"product_cat":[10216],"product_tag":[460,11532,12317,12318,12319,12320,12326],"class_list":{"0":"post-13887","1":"product","2":"type-product","3":"status-publish","4":"has-post-thumbnail","6":"product_cat-oldtimer-praxis","7":"product_tag-honda-xl-250","8":"product_tag-dkw-f5","9":"product_tag-anhaengerkupplungen","10":"product_tag-dannenhauer-stauss","11":"product_tag-puch-p-800","12":"product_tag-volvo-p-1800-s","13":"product_tag-renault-12","15":"first","16":"instock","17":"shipping-taxable","18":"purchasable","19":"product-type-simple"},"_links":{"self":[{"href":"https:\/\/motorrad-erinnerungen.de\/shop\/wp-json\/wp\/v2\/product\/13887","targetHints":{"allow":["GET"]}}],"collection":[{"href":"https:\/\/motorrad-erinnerungen.de\/shop\/wp-json\/wp\/v2\/product"}],"about":[{"href":"https:\/\/motorrad-erinnerungen.de\/shop\/wp-json\/wp\/v2\/types\/product"}],"wp:featuredmedia":[{"embeddable":true,"href":"https:\/\/motorrad-erinnerungen.de\/shop\/wp-json\/wp\/v2\/media\/13889"}],"wp:attachment":[{"href":"https:\/\/motorrad-erinnerungen.de\/shop\/wp-json\/wp\/v2\/media?parent=13887"}],"wp:term":[{"taxonomy":"product_brand","embeddable":true,"href":"https:\/\/motorrad-erinnerungen.de\/shop\/wp-json\/wp\/v2\/product_brand?post=13887"},{"taxonomy":"product_cat","embeddable":true,"href":"https:\/\/motorrad-erinnerungen.de\/shop\/wp-json\/wp\/v2\/product_cat?post=13887"},{"taxonomy":"product_tag","embeddable":true,"href":"https:\/\/motorrad-erinnerungen.de\/shop\/wp-json\/wp\/v2\/product_tag?post=13887"}],"curies":[{"name":"wp","href":"https:\/\/api.w.org\/{rel}","templated":true}]}}