{"id":13922,"date":"2026-01-30T12:59:14","date_gmt":"2026-01-30T11:59:14","guid":{"rendered":"https:\/\/motorrad-erinnerungen.de\/shop\/produkt\/oldtimer-praxis-01-2011-porsche-911-1972-nsu-konsul-500-motoms-50er-viertakter\/"},"modified":"2026-01-30T23:37:20","modified_gmt":"2026-01-30T22:37:20","slug":"oldtimer-praxis-01-2011-porsche-911-1972-nsu-konsul-500-motoms-50er-viertakter","status":"publish","type":"product","link":"https:\/\/motorrad-erinnerungen.de\/shop\/produkt\/oldtimer-praxis-01-2011-porsche-911-1972-nsu-konsul-500-motoms-50er-viertakter\/","title":{"rendered":"Oldtimer Praxis 01\/2011 \u2013 Porsche 911; NSU Konsul 500; Motoms 50er-Viertakter"},"content":{"rendered":"<p>Ein St\u00fcck Zeitgeschichte f\u00fcr Fans klassischer Technik: die <strong>Oldtimer Praxis 01\/2011<\/strong>.<\/p>\n<h2>\ud83d\udccc Titelthema dieser Ausgabe<\/h2>\n<ul>\n<li><strong>Porsche 911 <\/strong>\u2013 1972er &#8218;\u00d6lklappe&#8216; in Bestform!<\/li>\n<\/ul>\n<h2>\ud83c\udfcd\ufe0f Motorr\u00e4der &amp; Zweir\u00e4der in dieser Ausgabe<\/h2>\n<ul>\n<li><strong>NSU Konsul 500<\/strong> \u2013 Perfektioniert: eine Wiederbelebung<\/li>\n<li><strong>Motoms 50er-Viertakter<\/strong> \u2013 Seziert: Motoms 50er-Viertakter<\/li>\n<li><strong>Moto Morini 500 Sei-V<\/strong> \u2013 Restauriert: Schraubererfahrungen<\/li>\n<\/ul>\n<h2>\ud83d\ude97 Weitere Oldtimer-Themen<\/h2>\n<ul>\n<li><strong>Opel Kadett B Coup\u00e9<\/strong> \u2013 F\u00fcnf Jahre restauriert: Der ideale Einstiegs-Oldie?<\/li>\n<li><strong>Willys Knight<\/strong> \u2013 Das unbekannte Wesen: Mit H\u00fclsenschieber-Motor<\/li>\n<li><strong>Plymouth Barracuda <\/strong>\u2013 Halbzeit: &#8217;67er Plymouth Barracuda<\/li>\n<li><strong>Alfa Romeo 164<\/strong> \u2013 Youngtimer-Tipp: Alfas 164er im Alltagseinsatz<\/li>\n<li><strong>Mini Mayfair<\/strong> \u2013 aus einem braven Mayfair wurde eine hei\u00dfe Kiste<\/li>\n<li><strong>Werkstattheizungen<\/strong> \u2013 Tipps: Werkstattheizungen<\/li>\n<li><strong>Nockenwellen-Kunde<\/strong> \u2013 Technik<\/li>\n<\/ul>\n<h2>\ud83d\udca1 Tipp<\/h2>\n<ul>\n<li>Eine Oldtimer-Zeitschrift kann auch eine willkommene \u00dcberraschung sein, f\u00fcr Liebhaber klassischer Autos und Motorr\u00e4der \u2013 zum Verschenken von Erinnerungen und Tr\u00e4umen.<\/li>\n<\/ul>\n<h2>\ud83d\udce6 Versand &amp; Service<\/h2>\n<ul>\n<li>Kostenloser Versand in Deutschland, Auslandsversand f\u00fcr eine geringe Pauschale<\/li>\n<li>Erfahrung aus weit \u00fcber 30.000 erfolgreichen Sendungen<\/li>\n<li>Ihre Zeitschrift wird sicher und liebevoll verpackt<\/li>\n<\/ul>\n<h2>\ud83c\udf0d Zustand der Zeitschrift<\/h2>\n<ul>\n<li>Gebraucht, weil gelesen, durchgebl\u00e4ttert, gestapelt, alles original \ud83d\ude09<\/li>\n<\/ul>\n","protected":false},"excerpt":{"rendered":"<p>Hier wird noch selbst geschraubt: Oldtimer Praxis liefert das n\u00f6tige Wissen f\u00fcr die Garage. Von der Wartung bis zur Komplettrestaurierung \u2013 echte Hilfe f\u00fcr alle, die ihre Klassiker auf der Stra\u00dfe halten wollen.<\/p>\n","protected":false},"featured_media":13928,"template":"","meta":{"iawp_total_views":1},"product_brand":[],"product_cat":[10216],"product_tag":[12663,12664,11336,11674,12633,12634,12635,12636,12637],"class_list":{"0":"post-13922","1":"product","2":"type-product","3":"status-publish","4":"has-post-thumbnail","6":"product_cat-oldtimer-praxis","7":"product_tag-alfa-romeo-164","8":"product_tag-mini-mayfair","9":"product_tag-nockenwellen","10":"product_tag-opel-kadett-b","11":"product_tag-nsu-konsul-500","12":"product_tag-plymouth-barracuda","13":"product_tag-porsche-911-oelklappe","14":"product_tag-werkstattheizungen","15":"product_tag-willys-knight","17":"first","18":"instock","19":"shipping-taxable","20":"purchasable","21":"product-type-simple"},"_links":{"self":[{"href":"https:\/\/motorrad-erinnerungen.de\/shop\/wp-json\/wp\/v2\/product\/13922","targetHints":{"allow":["GET"]}}],"collection":[{"href":"https:\/\/motorrad-erinnerungen.de\/shop\/wp-json\/wp\/v2\/product"}],"about":[{"href":"https:\/\/motorrad-erinnerungen.de\/shop\/wp-json\/wp\/v2\/types\/product"}],"wp:featuredmedia":[{"embeddable":true,"href":"https:\/\/motorrad-erinnerungen.de\/shop\/wp-json\/wp\/v2\/media\/13928"}],"wp:attachment":[{"href":"https:\/\/motorrad-erinnerungen.de\/shop\/wp-json\/wp\/v2\/media?parent=13922"}],"wp:term":[{"taxonomy":"product_brand","embeddable":true,"href":"https:\/\/motorrad-erinnerungen.de\/shop\/wp-json\/wp\/v2\/product_brand?post=13922"},{"taxonomy":"product_cat","embeddable":true,"href":"https:\/\/motorrad-erinnerungen.de\/shop\/wp-json\/wp\/v2\/product_cat?post=13922"},{"taxonomy":"product_tag","embeddable":true,"href":"https:\/\/motorrad-erinnerungen.de\/shop\/wp-json\/wp\/v2\/product_tag?post=13922"}],"curies":[{"name":"wp","href":"https:\/\/api.w.org\/{rel}","templated":true}]}}