{"id":13923,"date":"2026-01-30T12:59:14","date_gmt":"2026-01-30T11:59:14","guid":{"rendered":"https:\/\/motorrad-erinnerungen.de\/shop\/produkt\/oldtimer-praxis-02-2011-citroen-ds-23-ie-hercules-ultra-sanglas-single\/"},"modified":"2026-02-14T10:35:32","modified_gmt":"2026-02-14T09:35:32","slug":"oldtimer-praxis-02-2011-citroen-ds-23-ie-hercules-ultra-sanglas-single","status":"publish","type":"product","link":"https:\/\/motorrad-erinnerungen.de\/shop\/produkt\/oldtimer-praxis-02-2011-citroen-ds-23-ie-hercules-ultra-sanglas-single\/","title":{"rendered":"Oldtimer Praxis 02\/2011 \u2013 Citro\u00ebn DS 23 IE; Hercules Ultra; Sanglas-Single"},"content":{"rendered":"<p>Ein St\u00fcck Zeitgeschichte f\u00fcr Fans klassischer Technik: die <strong>Oldtimer Praxis 02\/2011<\/strong>.<\/p>\n<h2>\ud83d\udccc Titelthema dieser Ausgabe<\/h2>\n<ul>\n<li><strong>Citro\u00ebn DS 23 IE<\/strong> \u2013 Eine G\u00f6ttin, restauriert mit Blick aufs Budget<\/li>\n<\/ul>\n<h2>\ud83c\udfcd\ufe0f Motorr\u00e4der &amp; Zweir\u00e4der in dieser Ausgabe<\/h2>\n<ul>\n<li><strong>Hercules Ultra<\/strong> \u2013 50-Kubik-Kult: Erfahrungen<\/li>\n<li><strong>Sanglas-Single<\/strong> \u2013 Der urige 500-Kubik-Einzylinder unter der Lupe<\/li>\n<li><strong>Yamaha XS 750<\/strong> \u2013 Schraubertipps, der ideale Einstieg in die Welt der Japan-Oldies<\/li>\n<\/ul>\n<h2>\ud83d\ude97 Weitere Oldtimer-Themen<\/h2>\n<ul>\n<li><strong>Mercedes 170V Roadster<\/strong> \u2013 Auf allerbestem Wege<\/li>\n<li><strong>Jaguar XJ 40<\/strong> \u2013 Was taugt der Billig-Jag? Mit dem Jaguar XJ 40 durch den Alltag<\/li>\n<li><strong>Audi Ur-Quattro<\/strong> \u2013 Der Ur-Quattro \u2013 nur ein Fall f\u00fcr Experten? Audis Allrad-Pionier<\/li>\n<li><strong>Autobianchi A112<\/strong> \u2013 Fahrtenbuch: 675.000 Kilometer (!) mit dem Autobianchi A112<\/li>\n<li><strong>Leistungspr\u00fcfstand<\/strong> \u2013 Auf der Rolle: Sinnvolle Aktion oder nur Spielerei?<\/li>\n<li><strong>NSU Prinz II<\/strong> \u2013 Restauriert<\/li>\n<\/ul>\n<h2>\ud83d\udca1 Tipp<\/h2>\n<ul>\n<li>Eine Oldtimer-Zeitschrift kann auch eine willkommene \u00dcberraschung sein, f\u00fcr Liebhaber klassischer Autos und Motorr\u00e4der \u2013 zum Verschenken von Erinnerungen und Tr\u00e4umen.<\/li>\n<\/ul>\n<h2>\ud83d\udce6 Versand &amp; Service<\/h2>\n<ul>\n<li>Kostenloser Versand in Deutschland, Auslandsversand f\u00fcr eine geringe Pauschale<\/li>\n<li>Erfahrung aus weit \u00fcber 30.000 erfolgreichen Sendungen<\/li>\n<li>Ihre Zeitschrift wird sicher und liebevoll verpackt<\/li>\n<\/ul>\n<h2>\ud83c\udf0d Zustand der Zeitschrift<\/h2>\n<ul>\n<li>Gebraucht, weil gelesen, durchgebl\u00e4ttert, gestapelt, alles original \ud83d\ude09<\/li>\n<\/ul>\n","protected":false},"excerpt":{"rendered":"<p>Hier wird noch selbst geschraubt: Oldtimer Praxis liefert das n\u00f6tige Wissen f\u00fcr die Garage. Von der Wartung bis zur Komplettrestaurierung \u2013 echte Hilfe f\u00fcr alle, die ihre Klassiker auf der Stra\u00dfe halten wollen.<\/p>\n","protected":false},"featured_media":13929,"template":"","meta":{"iawp_total_views":1},"product_brand":[],"product_cat":[10216],"product_tag":[12639,12640,12641,12642,4636,11024,12638],"class_list":{"0":"post-13923","1":"product","2":"type-product","3":"status-publish","4":"has-post-thumbnail","6":"product_cat-oldtimer-praxis","7":"product_tag-citroen-ds-23-ie","8":"product_tag-jaguar-xj-40","9":"product_tag-leistungspruefstand","10":"product_tag-mercedes-170v","11":"product_tag-hercules-ultra","12":"product_tag-autobianchi-a112","13":"product_tag-audi-ur-quattro","15":"first","16":"instock","17":"shipping-taxable","18":"purchasable","19":"product-type-simple"},"_links":{"self":[{"href":"https:\/\/motorrad-erinnerungen.de\/shop\/wp-json\/wp\/v2\/product\/13923","targetHints":{"allow":["GET"]}}],"collection":[{"href":"https:\/\/motorrad-erinnerungen.de\/shop\/wp-json\/wp\/v2\/product"}],"about":[{"href":"https:\/\/motorrad-erinnerungen.de\/shop\/wp-json\/wp\/v2\/types\/product"}],"wp:featuredmedia":[{"embeddable":true,"href":"https:\/\/motorrad-erinnerungen.de\/shop\/wp-json\/wp\/v2\/media\/13929"}],"wp:attachment":[{"href":"https:\/\/motorrad-erinnerungen.de\/shop\/wp-json\/wp\/v2\/media?parent=13923"}],"wp:term":[{"taxonomy":"product_brand","embeddable":true,"href":"https:\/\/motorrad-erinnerungen.de\/shop\/wp-json\/wp\/v2\/product_brand?post=13923"},{"taxonomy":"product_cat","embeddable":true,"href":"https:\/\/motorrad-erinnerungen.de\/shop\/wp-json\/wp\/v2\/product_cat?post=13923"},{"taxonomy":"product_tag","embeddable":true,"href":"https:\/\/motorrad-erinnerungen.de\/shop\/wp-json\/wp\/v2\/product_tag?post=13923"}],"curies":[{"name":"wp","href":"https:\/\/api.w.org\/{rel}","templated":true}]}}