{"id":13951,"date":"2026-01-31T17:05:45","date_gmt":"2026-01-31T16:05:45","guid":{"rendered":"https:\/\/motorrad-erinnerungen.de\/shop\/produkt\/oldtimer-praxis-07-2011-mercedes-280-e-w114-honda-cb-750-heinkels-tourist-motor\/"},"modified":"2026-01-31T17:17:03","modified_gmt":"2026-01-31T16:17:03","slug":"oldtimer-praxis-07-2011-mercedes-280-e-w114-honda-cb-750-heinkels-tourist-motor","status":"publish","type":"product","link":"https:\/\/motorrad-erinnerungen.de\/shop\/produkt\/oldtimer-praxis-07-2011-mercedes-280-e-w114-honda-cb-750-heinkels-tourist-motor\/","title":{"rendered":"Oldtimer Praxis 07\/2011 \u2013 Mercedes 280 E (W114); Honda CB 750 Four K0; NSU Spezialmax"},"content":{"rendered":"<p>Ein St\u00fcck Zeitgeschichte f\u00fcr Fans klassischer Technik: die <strong>Oldtimer Praxis 07\/2011<\/strong>.<\/p>\n<h2>\ud83d\udccc Titelthema dieser Ausgabe<\/h2>\n<ul>\n<li><strong>Mercedes 280 E (W114)<\/strong> \u2013 Der K\u00f6nig der Strichachter!<\/li>\n<\/ul>\n<h2>\ud83c\udfcd\ufe0f Motorr\u00e4der &amp; Zweir\u00e4der in dieser Ausgabe<\/h2>\n<ul>\n<li><strong>Honda CB 750<\/strong> \u2013 hier die Four K0, ein rares Erstserien-Exemplar<\/li>\n<li><strong>Heinkels Tourist-Motor<\/strong> \u2013 Seziert: Heinkels 175er Viertakter<\/li>\n<li><strong>NSU Spezialmax<\/strong> \u2013 Erfahrungen mit einem kleinen Technik-Wunder<\/li>\n<\/ul>\n<h2>\ud83d\ude97 Weitere Oldtimer-Themen<\/h2>\n<ul>\n<li><strong>Austin Healey 3000 BJ8<\/strong> \u2013 Halbzeit: Ein Big Healey wird zur Rallye-Replika<\/li>\n<li><strong>Oldies und Anh\u00e4nger<\/strong> \u2013 Im Schlepptau: Eine Sache mit Haken<\/li>\n<li><strong>Trabant 601 Hycomat<\/strong> \u2013 Ganz automatisch: Perfekt restauriert!<\/li>\n<li><strong>VW K\u00e4fer<\/strong> \u2013 25 Jahre mit einem modifizierten VW 1200<\/li>\n<li><\/li>\n<li><strong>Gleich- und Drehstrom<\/strong> \u2013 Technik: Gleich- und Drehstrom im Vergleich<\/li>\n<li><strong>Zylinderkopf-Tipps<\/strong> \u2013 Redaktions-Werkstatt: Zylinderkopf-Tipps<\/li>\n<\/ul>\n<h2>\ud83d\udca1 Tipp<\/h2>\n<ul>\n<li>Eine Oldtimer-Zeitschrift kann auch eine willkommene \u00dcberraschung sein, f\u00fcr Liebhaber klassischer Autos und Motorr\u00e4der \u2013 zum Verschenken von Erinnerungen und Tr\u00e4umen.<\/li>\n<\/ul>\n<h2>\ud83d\udce6 Versand &amp; Service<\/h2>\n<ul>\n<li>Kostenloser Versand in Deutschland, Auslandsversand f\u00fcr eine geringe Pauschale<\/li>\n<li>Erfahrung aus weit \u00fcber 30.000 erfolgreichen Sendungen<\/li>\n<li>Ihre Zeitschrift wird sicher und liebevoll verpackt<\/li>\n<\/ul>\n<h2>\ud83c\udf0d Zustand der Zeitschrift<\/h2>\n<ul>\n<li>Gebraucht, weil gelesen, durchgebl\u00e4ttert, gestapelt, alles original \ud83d\ude09<\/li>\n<\/ul>\n","protected":false},"excerpt":{"rendered":"<p>Hier wird noch selbst geschraubt: Oldtimer Praxis liefert das n\u00f6tige Wissen f\u00fcr die Garage. Von der Wartung bis zur Komplettrestaurierung \u2013 echte Hilfe f\u00fcr alle, die ihre Klassiker auf der Stra\u00dfe halten wollen.<\/p>\n","protected":false},"featured_media":13934,"template":"","meta":{"iawp_total_views":0},"product_brand":[],"product_cat":[10216],"product_tag":[12669,12670,12699,327,10282,11174,11422,11598],"class_list":{"0":"post-13951","1":"product","2":"type-product","3":"status-publish","4":"has-post-thumbnail","6":"product_cat-oldtimer-praxis","7":"product_tag-mercedes-280-e","8":"product_tag-trabant-601-hycomat","9":"product_tag-austin-healey-3000","10":"product_tag-honda-cb-750","11":"product_tag-nsu-spezialmax","12":"product_tag-vw-kaefer","13":"product_tag-zylinderkopf","14":"product_tag-lichtmaschine","16":"first","17":"instock","18":"shipping-taxable","19":"purchasable","20":"product-type-simple"},"_links":{"self":[{"href":"https:\/\/motorrad-erinnerungen.de\/shop\/wp-json\/wp\/v2\/product\/13951","targetHints":{"allow":["GET"]}}],"collection":[{"href":"https:\/\/motorrad-erinnerungen.de\/shop\/wp-json\/wp\/v2\/product"}],"about":[{"href":"https:\/\/motorrad-erinnerungen.de\/shop\/wp-json\/wp\/v2\/types\/product"}],"wp:featuredmedia":[{"embeddable":true,"href":"https:\/\/motorrad-erinnerungen.de\/shop\/wp-json\/wp\/v2\/media\/13934"}],"wp:attachment":[{"href":"https:\/\/motorrad-erinnerungen.de\/shop\/wp-json\/wp\/v2\/media?parent=13951"}],"wp:term":[{"taxonomy":"product_brand","embeddable":true,"href":"https:\/\/motorrad-erinnerungen.de\/shop\/wp-json\/wp\/v2\/product_brand?post=13951"},{"taxonomy":"product_cat","embeddable":true,"href":"https:\/\/motorrad-erinnerungen.de\/shop\/wp-json\/wp\/v2\/product_cat?post=13951"},{"taxonomy":"product_tag","embeddable":true,"href":"https:\/\/motorrad-erinnerungen.de\/shop\/wp-json\/wp\/v2\/product_tag?post=13951"}],"curies":[{"name":"wp","href":"https:\/\/api.w.org\/{rel}","templated":true}]}}