{"id":13952,"date":"2026-01-31T17:05:45","date_gmt":"2026-01-31T16:05:45","guid":{"rendered":"https:\/\/motorrad-erinnerungen.de\/shop\/produkt\/oldtimer-praxis-08-2011-fiat-124-abarth-guzzis-nuovo-falcone-bsa-b40-trial\/"},"modified":"2026-01-31T17:21:40","modified_gmt":"2026-01-31T16:21:40","slug":"oldtimer-praxis-08-2011-fiat-124-abarth-guzzis-nuovo-falcone-bsa-b40-trial","status":"publish","type":"product","link":"https:\/\/motorrad-erinnerungen.de\/shop\/produkt\/oldtimer-praxis-08-2011-fiat-124-abarth-guzzis-nuovo-falcone-bsa-b40-trial\/","title":{"rendered":"Oldtimer Praxis 08\/2011 \u2013 Fiat 124 Abarth; Guzzis Nuovo Falcone; BSA B40 Trial"},"content":{"rendered":"<p>Ein St\u00fcck Zeitgeschichte f\u00fcr Fans klassischer Technik: die <strong>Oldtimer Praxis 08\/2011<\/strong>.<\/p>\n<h2>\ud83d\udccc Titelthema dieser Ausgabe<\/h2>\n<ul>\n<li><strong>Fiat 124 Abarth<\/strong> \u2013 Rallyepiste statt Boulevard!<\/li>\n<\/ul>\n<h2>\ud83c\udfcd\ufe0f Motorr\u00e4der &amp; Zweir\u00e4der in dieser Ausgabe<\/h2>\n<ul>\n<li><strong>Moto Guzzi Nuovo Falcone<\/strong> \u2013 der Einzylinder auf der Werkbank<\/li>\n<li><strong>BSA B40 Trial<\/strong> \u2013 Leichter genie\u00dfen: BSA B40 Trial<\/li>\n<li><strong>DKW Hobby<\/strong> \u2013 Fein restauriert: Ein Erfahrungsbericht<\/li>\n<\/ul>\n<h2>\ud83d\ude97 Weitere Oldtimer-Themen<\/h2>\n<ul>\n<li><strong>Citro\u00ebn 11 CV<\/strong> \u2013 Seit Jahren im Alltags-Einsatz: Langstrecken-Fahrtenbuch<\/li>\n<li><strong>Turner Sports 950<\/strong> \u2013 Rarer Sportler: Voll bei der Sache<\/li>\n<li><strong>Subaru SVX<\/strong> \u2013 Youngtimer-Coup\u00e9 f\u00fcr Kenner: Hightech und Alltag<\/li>\n<li><strong>Opel Ascona A Voyage<\/strong> \u2013 Fast vergessen: Begegnung mit einem so gut wie ausgestorbenen Kombi<\/li>\n<li><strong>Leichtmetallr\u00e4der<\/strong> \u2013 Technik-Infos: Leichtmetallr\u00e4der instandsetzen<\/li>\n<li><strong>Lima-Umbauten<\/strong> \u2013 Praxis-Tipps: Lima-Umbauten<\/li>\n<\/ul>\n<h2>\ud83d\udca1 Tipp<\/h2>\n<ul>\n<li>Eine Oldtimer-Zeitschrift kann auch eine willkommene \u00dcberraschung sein, f\u00fcr Liebhaber klassischer Autos und Motorr\u00e4der \u2013 zum Verschenken von Erinnerungen und Tr\u00e4umen.<\/li>\n<\/ul>\n<h2>\ud83d\udce6 Versand &amp; Service<\/h2>\n<ul>\n<li>Kostenloser Versand in Deutschland, Auslandsversand f\u00fcr eine geringe Pauschale<\/li>\n<li>Erfahrung aus weit \u00fcber 30.000 erfolgreichen Sendungen<\/li>\n<li>Ihre Zeitschrift wird sicher und liebevoll verpackt<\/li>\n<\/ul>\n<h2>\ud83c\udf0d Zustand der Zeitschrift<\/h2>\n<ul>\n<li>Gebraucht, weil gelesen, durchgebl\u00e4ttert, gestapelt, alles original \ud83d\ude09<\/li>\n<\/ul>\n","protected":false},"excerpt":{"rendered":"<p>Hier wird noch selbst geschraubt: Oldtimer Praxis liefert das n\u00f6tige Wissen f\u00fcr die Garage. Von der Wartung bis zur Komplettrestaurierung \u2013 echte Hilfe f\u00fcr alle, die ihre Klassiker auf der Stra\u00dfe halten wollen.<\/p>\n","protected":false},"featured_media":13935,"template":"","meta":{"iawp_total_views":0},"product_brand":[],"product_cat":[10216],"product_tag":[12675,12676,4804,11332,11598,12672,12673,12674],"class_list":{"0":"post-13952","1":"product","2":"type-product","3":"status-publish","4":"has-post-thumbnail","6":"product_cat-oldtimer-praxis","7":"product_tag-subaru-svx","8":"product_tag-turner-sports-950","9":"product_tag-moto-guzzi-nuovo-falcone","10":"product_tag-citroen-11-cv","11":"product_tag-lichtmaschine","12":"product_tag-fiat-124-abarth","13":"product_tag-leichtmetallraeder","14":"product_tag-opel-ascona-a-voyage","16":"first","17":"instock","18":"shipping-taxable","19":"purchasable","20":"product-type-simple"},"_links":{"self":[{"href":"https:\/\/motorrad-erinnerungen.de\/shop\/wp-json\/wp\/v2\/product\/13952","targetHints":{"allow":["GET"]}}],"collection":[{"href":"https:\/\/motorrad-erinnerungen.de\/shop\/wp-json\/wp\/v2\/product"}],"about":[{"href":"https:\/\/motorrad-erinnerungen.de\/shop\/wp-json\/wp\/v2\/types\/product"}],"wp:featuredmedia":[{"embeddable":true,"href":"https:\/\/motorrad-erinnerungen.de\/shop\/wp-json\/wp\/v2\/media\/13935"}],"wp:attachment":[{"href":"https:\/\/motorrad-erinnerungen.de\/shop\/wp-json\/wp\/v2\/media?parent=13952"}],"wp:term":[{"taxonomy":"product_brand","embeddable":true,"href":"https:\/\/motorrad-erinnerungen.de\/shop\/wp-json\/wp\/v2\/product_brand?post=13952"},{"taxonomy":"product_cat","embeddable":true,"href":"https:\/\/motorrad-erinnerungen.de\/shop\/wp-json\/wp\/v2\/product_cat?post=13952"},{"taxonomy":"product_tag","embeddable":true,"href":"https:\/\/motorrad-erinnerungen.de\/shop\/wp-json\/wp\/v2\/product_tag?post=13952"}],"curies":[{"name":"wp","href":"https:\/\/api.w.org\/{rel}","templated":true}]}}