{"id":13955,"date":"2026-01-31T17:05:45","date_gmt":"2026-01-31T16:05:45","guid":{"rendered":"https:\/\/motorrad-erinnerungen.de\/shop\/produkt\/oldtimer-praxis-11-2011-karmann-typ-34-bsa-gold-star-yamaha-rd-250\/"},"modified":"2026-01-31T18:28:17","modified_gmt":"2026-01-31T17:28:17","slug":"oldtimer-praxis-11-2011-karmann-typ-34-bsa-gold-star-yamaha-rd-250","status":"publish","type":"product","link":"https:\/\/motorrad-erinnerungen.de\/shop\/produkt\/oldtimer-praxis-11-2011-karmann-typ-34-bsa-gold-star-yamaha-rd-250\/","title":{"rendered":"Oldtimer Praxis 11\/2011 \u2013 Karmann Typ 34; BSA Gold Star; Yamaha RD 250"},"content":{"rendered":"<p>Ein St\u00fcck Zeitgeschichte f\u00fcr Fans klassischer Technik: die <strong>Oldtimer Praxis 11\/2011<\/strong>.<\/p>\n<h2>\ud83d\udccc Titelthema dieser Ausgabe<\/h2>\n<ul>\n<li><strong>VW Karmann Ghia Typ 34<\/strong> \u2013 Die Story eines 23-Jahre-Projekts<\/li>\n<\/ul>\n<h2>\ud83c\udfcd\ufe0f Motorr\u00e4der &amp; Zweir\u00e4der in dieser Ausgabe<\/h2>\n<ul>\n<li><strong>BSA Gold Star<\/strong> \u2013 Die Caf\u00e9-Racer-Ikone<\/li>\n<li><strong>Yamaha RD 250<\/strong> \u2013 Seziert: der wassergek\u00fchlte Motor auf der Werkbank<\/li>\n<li><strong>Velosolex<\/strong> \u2013 Rollendes Minimum<\/li>\n<\/ul>\n<h2>\ud83d\ude97 Weitere Oldtimer-Themen<\/h2>\n<ul>\n<li><strong>Rover 14 hp Special<\/strong> \u2013 Ein sehr spezielles Vergn\u00fcgen! Wie ein Autotraum entstand<\/li>\n<li><strong>Citro\u00ebn 2CV Kastenente<\/strong> \u2013 Globetrotter-Fahrtenbuch: Aus dem Leben einer weltreisenden Ente<\/li>\n<li><strong>Suzuki Swift GTI<\/strong> \u2013 101 PS &#8211; und nur 700 Kilo! Ein hei\u00dfer Youngtimer-Tipp!<\/li>\n<li><strong>Zastava 1100<\/strong> \u2013 Familienst\u00fcck: 26 Jahre Alltag, zwei Jahre Restaurierung<\/li>\n<li><strong>Scheibeneinbau<\/strong> \u2013 Technik-Knowhow: Alles zum Scheibeneinbau<\/li>\n<li><strong>Plastigauge<\/strong> \u2013 Werkstatt-Tipps: Messen mit Plastigauge<\/li>\n<\/ul>\n<h2>\ud83d\udca1 Tipp<\/h2>\n<ul>\n<li>Eine Oldtimer-Zeitschrift kann auch eine willkommene \u00dcberraschung sein, f\u00fcr Liebhaber klassischer Autos und Motorr\u00e4der \u2013 zum Verschenken von Erinnerungen und Tr\u00e4umen.<\/li>\n<\/ul>\n<h2>\ud83d\udce6 Versand &amp; Service<\/h2>\n<ul>\n<li>Kostenloser Versand in Deutschland, Auslandsversand f\u00fcr eine geringe Pauschale<\/li>\n<li>Erfahrung aus weit \u00fcber 30.000 erfolgreichen Sendungen<\/li>\n<li>Ihre Zeitschrift wird sicher und liebevoll verpackt<\/li>\n<\/ul>\n<h2>\ud83c\udf0d Zustand der Zeitschrift<\/h2>\n<ul>\n<li>Gebraucht, weil gelesen, durchgebl\u00e4ttert, gestapelt, alles original \ud83d\ude09<\/li>\n<\/ul>\n","protected":false},"excerpt":{"rendered":"<p>Hier wird noch selbst geschraubt: Oldtimer Praxis liefert das n\u00f6tige Wissen f\u00fcr die Garage. Von der Wartung bis zur Komplettrestaurierung \u2013 echte Hilfe f\u00fcr alle, die ihre Klassiker auf der Stra\u00dfe halten wollen.<\/p>\n","protected":false},"featured_media":13938,"template":"","meta":{"iawp_total_views":0},"product_brand":[],"product_cat":[10216],"product_tag":[12017,12688,12690,12691,12692,12707,12708,4390],"class_list":{"0":"post-13955","1":"product","2":"type-product","3":"status-publish","4":"has-post-thumbnail","6":"product_cat-oldtimer-praxis","7":"product_tag-vw-karmann-ghia","8":"product_tag-plastigauge","9":"product_tag-scheibeneinbau","10":"product_tag-suzuki-swift-gti","11":"product_tag-zastava-1100","12":"product_tag-citroen2cv-kastenente","13":"product_tag-rover-14-hp-special","14":"product_tag-bsa-gold-star","16":"first","17":"instock","18":"shipping-taxable","19":"purchasable","20":"product-type-simple"},"_links":{"self":[{"href":"https:\/\/motorrad-erinnerungen.de\/shop\/wp-json\/wp\/v2\/product\/13955","targetHints":{"allow":["GET"]}}],"collection":[{"href":"https:\/\/motorrad-erinnerungen.de\/shop\/wp-json\/wp\/v2\/product"}],"about":[{"href":"https:\/\/motorrad-erinnerungen.de\/shop\/wp-json\/wp\/v2\/types\/product"}],"wp:featuredmedia":[{"embeddable":true,"href":"https:\/\/motorrad-erinnerungen.de\/shop\/wp-json\/wp\/v2\/media\/13938"}],"wp:attachment":[{"href":"https:\/\/motorrad-erinnerungen.de\/shop\/wp-json\/wp\/v2\/media?parent=13955"}],"wp:term":[{"taxonomy":"product_brand","embeddable":true,"href":"https:\/\/motorrad-erinnerungen.de\/shop\/wp-json\/wp\/v2\/product_brand?post=13955"},{"taxonomy":"product_cat","embeddable":true,"href":"https:\/\/motorrad-erinnerungen.de\/shop\/wp-json\/wp\/v2\/product_cat?post=13955"},{"taxonomy":"product_tag","embeddable":true,"href":"https:\/\/motorrad-erinnerungen.de\/shop\/wp-json\/wp\/v2\/product_tag?post=13955"}],"curies":[{"name":"wp","href":"https:\/\/api.w.org\/{rel}","templated":true}]}}