{"id":13979,"date":"2026-01-31T20:37:50","date_gmt":"2026-01-31T19:37:50","guid":{"rendered":"https:\/\/motorrad-erinnerungen.de\/shop\/produkt\/oldtimer-praxis-04-2012-renault-caravelle-laverda-100-suzuki-gt-750\/"},"modified":"2026-01-31T22:06:02","modified_gmt":"2026-01-31T21:06:02","slug":"oldtimer-praxis-04-2012-renault-caravelle-laverda-100-suzuki-gt-750","status":"publish","type":"product","link":"https:\/\/motorrad-erinnerungen.de\/shop\/produkt\/oldtimer-praxis-04-2012-renault-caravelle-laverda-100-suzuki-gt-750\/","title":{"rendered":"Oldtimer Praxis 04\/2012 \u2013 Renault Caravelle 1100 S; Laverda 100; Suzuki GT 750"},"content":{"rendered":"<p>Ein St\u00fcck Zeitgeschichte f\u00fcr Fans klassischer Technik: die <strong>Oldtimer Praxis 04\/2012<\/strong>.<\/p>\n<h2>\ud83d\udccc Titelthema dieser Ausgabe<\/h2>\n<ul>\n<li><strong>Renault Caravelle 1100 S<\/strong> \u2013 Winter ade! Franz\u00f6sische Alternative<\/li>\n<\/ul>\n<h2>\ud83c\udfcd\ufe0f Motorr\u00e4der &amp; Zweir\u00e4der in dieser Ausgabe<\/h2>\n<ul>\n<li><strong>Laverda 100<\/strong> \u2013 Ein kleines rotes Sportmotorrad aus Italien<\/li>\n<li><strong>Suzuki GT 750<\/strong> \u2013 Der Wasserb\u00fcffel wurde von einem Experten seziert<\/li>\n<li><strong>BSA-A65-Serie<\/strong> \u2013 Praxis-Ratgeber<\/li>\n<\/ul>\n<h2>\ud83d\ude97 Weitere Oldtimer-Themen<\/h2>\n<ul>\n<li><strong>Jaguar E-Type<\/strong> \u2013 Durch Dick und D\u00fcnn: Die Ikone im Alltag<\/li>\n<li><strong>Tatra 613<\/strong> \u2013 Hightech im Heck: Zwischenstand Tatra-613-Tipps<\/li>\n<li><strong>Wartburg 353 S Kombi<\/strong> \u2013 1000 Stunden Arbeit: Tourist in Topform!<\/li>\n<li><strong>R\u00fcckleuchten<\/strong> \u2013 Einfach zu machen: R\u00fcckleuchten aufarbeiten<\/li>\n<li><strong>Servolenkungen<\/strong> \u2013 Lenkers Knecht: Funktion, Wartung, Nachr\u00fcstung<\/li>\n<\/ul>\n<h2>\ud83d\udca1 Tipp<\/h2>\n<ul>\n<li>Eine Oldtimer-Zeitschrift kann auch eine willkommene \u00dcberraschung sein, f\u00fcr Liebhaber klassischer Autos und Motorr\u00e4der \u2013 zum Verschenken von Erinnerungen und Tr\u00e4umen.<\/li>\n<\/ul>\n<h2>\ud83d\udce6 Versand &amp; Service<\/h2>\n<ul>\n<li>Kostenloser Versand in Deutschland, Auslandsversand f\u00fcr eine geringe Pauschale<\/li>\n<li>Erfahrung aus weit \u00fcber 30.000 erfolgreichen Sendungen<\/li>\n<li>Ihre Zeitschrift wird sicher und liebevoll verpackt<\/li>\n<\/ul>\n<h2>\ud83c\udf0d Zustand der Zeitschrift<\/h2>\n<ul>\n<li>Gebraucht, weil gelesen, durchgebl\u00e4ttert, gestapelt, alles original \ud83d\ude09<\/li>\n<\/ul>\n","protected":false},"excerpt":{"rendered":"<p>Hier wird noch selbst geschraubt: Oldtimer Praxis liefert das n\u00f6tige Wissen f\u00fcr die Garage. Von der Wartung bis zur Komplettrestaurierung \u2013 echte Hilfe f\u00fcr alle, die ihre Klassiker auf der Stra\u00dfe halten wollen.<\/p>\n","protected":false},"featured_media":13966,"template":"","meta":{"iawp_total_views":0},"product_brand":[],"product_cat":[10216],"product_tag":[12726,12727,12743,12744,446,10798,11649,12725],"class_list":{"0":"post-13979","1":"product","2":"type-product","3":"status-publish","4":"has-post-thumbnail","6":"product_cat-oldtimer-praxis","7":"product_tag-rueckleuchten","8":"product_tag-servolenkung","9":"product_tag-renault-caravelle-1100-s","10":"product_tag-wartburg-353-s-kombi","11":"product_tag-suzuki-gt-750","12":"product_tag-jaguar-e-type","13":"product_tag-tatra-613","14":"product_tag-laverda-100","16":"first","17":"instock","18":"shipping-taxable","19":"purchasable","20":"product-type-simple"},"_links":{"self":[{"href":"https:\/\/motorrad-erinnerungen.de\/shop\/wp-json\/wp\/v2\/product\/13979","targetHints":{"allow":["GET"]}}],"collection":[{"href":"https:\/\/motorrad-erinnerungen.de\/shop\/wp-json\/wp\/v2\/product"}],"about":[{"href":"https:\/\/motorrad-erinnerungen.de\/shop\/wp-json\/wp\/v2\/types\/product"}],"wp:featuredmedia":[{"embeddable":true,"href":"https:\/\/motorrad-erinnerungen.de\/shop\/wp-json\/wp\/v2\/media\/13966"}],"wp:attachment":[{"href":"https:\/\/motorrad-erinnerungen.de\/shop\/wp-json\/wp\/v2\/media?parent=13979"}],"wp:term":[{"taxonomy":"product_brand","embeddable":true,"href":"https:\/\/motorrad-erinnerungen.de\/shop\/wp-json\/wp\/v2\/product_brand?post=13979"},{"taxonomy":"product_cat","embeddable":true,"href":"https:\/\/motorrad-erinnerungen.de\/shop\/wp-json\/wp\/v2\/product_cat?post=13979"},{"taxonomy":"product_tag","embeddable":true,"href":"https:\/\/motorrad-erinnerungen.de\/shop\/wp-json\/wp\/v2\/product_tag?post=13979"}],"curies":[{"name":"wp","href":"https:\/\/api.w.org\/{rel}","templated":true}]}}