{"id":13981,"date":"2026-01-31T20:37:50","date_gmt":"2026-01-31T19:37:50","guid":{"rendered":"https:\/\/motorrad-erinnerungen.de\/shop\/produkt\/oldtimer-praxis-06-2012-ford-capri-ii-zuendapp-k500-hondas-cx-500-turbo\/"},"modified":"2026-01-31T22:46:24","modified_gmt":"2026-01-31T21:46:24","slug":"oldtimer-praxis-06-2012-ford-capri-ii-zuendapp-k500-hondas-cx-500-turbo","status":"publish","type":"product","link":"https:\/\/motorrad-erinnerungen.de\/shop\/produkt\/oldtimer-praxis-06-2012-ford-capri-ii-zuendapp-k500-hondas-cx-500-turbo\/","title":{"rendered":"Oldtimer Praxis 06\/2012 \u2013 Ford Capri II; Z\u00fcndapp K500; Hondas CX 500 Turbo"},"content":{"rendered":"<p>Ein St\u00fcck Zeitgeschichte f\u00fcr Fans klassischer Technik: die <strong>Oldtimer Praxis 06\/2012<\/strong>.<\/p>\n<h2>\ud83d\udccc Titelthema dieser Ausgabe<\/h2>\n<ul>\n<li><strong>Ford Capri II<\/strong> \u2013 Die zweite Generation<\/li>\n<\/ul>\n<h2>\ud83c\udfcd\ufe0f Motorr\u00e4der &amp; Zweir\u00e4der in dieser Ausgabe<\/h2>\n<ul>\n<li><strong>Z\u00fcndapp K 500<\/strong> \u2013 War das Arbeitstier in der Z\u00fcndapp-Boxer-Familie<\/li>\n<li><strong>Hondas CX 500 Turbo<\/strong> \u2013 Ein Blick ins Innere des aufgeladenen Motors<\/li>\n<li><strong>MZ RT 125\/3<\/strong> \u2013 Ideales Objekt in die Welt der Motorad-Oldtimer<\/li>\n<\/ul>\n<h2>\ud83d\ude97 Weitere Oldtimer-Themen<\/h2>\n<ul>\n<li><strong>BMW Z3 Coup\u00e9<\/strong> \u2013 Heisser Tipp: Nur gut 17.000 BMW Z3 Coup\u00e9s wurden gebaut<\/li>\n<li><strong>Austin-Healey Sprite Mk3<\/strong> \u2013 Halbzeit der Restauration<\/li>\n<li><strong>Studebaker Commander<\/strong> \u2013 Volldampf voraus! 600 PS! Studebaker-Panamericana-Racer<\/li>\n<li><strong>Goggomobil<\/strong> \u2013 Die kleinen Freuden: Sieben Jahre mit dem Goggomobil auf Achse<\/li>\n<li><strong>Reifen<\/strong> \u2013 Technik-Know-how: Alles \u00fcber Reifen<\/li>\n<\/ul>\n<h2>\ud83d\udca1 Tipp<\/h2>\n<ul>\n<li>Eine Oldtimer-Zeitschrift kann auch eine willkommene \u00dcberraschung sein, f\u00fcr Liebhaber klassischer Autos und Motorr\u00e4der \u2013 zum Verschenken von Erinnerungen und Tr\u00e4umen.<\/li>\n<\/ul>\n<h2>\ud83d\udce6 Versand &amp; Service<\/h2>\n<ul>\n<li>Kostenloser Versand in Deutschland, Auslandsversand f\u00fcr eine geringe Pauschale<\/li>\n<li>Erfahrung aus weit \u00fcber 30.000 erfolgreichen Sendungen<\/li>\n<li>Ihre Zeitschrift wird sicher und liebevoll verpackt<\/li>\n<\/ul>\n<h2>\ud83c\udf0d Zustand der Zeitschrift<\/h2>\n<ul>\n<li>Gebraucht, weil gelesen, durchgebl\u00e4ttert, gestapelt, alles original \ud83d\ude09<\/li>\n<\/ul>\n","protected":false},"excerpt":{"rendered":"<p>Hier wird noch selbst geschraubt: Oldtimer Praxis liefert das n\u00f6tige Wissen f\u00fcr die Garage. Von der Wartung bis zur Komplettrestaurierung \u2013 echte Hilfe f\u00fcr alle, die ihre Klassiker auf der Stra\u00dfe halten wollen.<\/p>\n","protected":false},"featured_media":13968,"template":"","meta":{"iawp_total_views":0},"product_brand":[],"product_cat":[10216],"product_tag":[12748,12749,8828,10804,11191,12070,12733,12734],"class_list":{"0":"post-13981","1":"product","2":"type-product","3":"status-publish","4":"has-post-thumbnail","6":"product_cat-oldtimer-praxis","7":"product_tag-mz-rt-125-3","8":"product_tag-studebaker-commander","9":"product_tag-reifen","10":"product_tag-goggomobil","11":"product_tag-austin-healey-sprite","12":"product_tag-zuendapp-k-500","13":"product_tag-bmw-z3-coupe","14":"product_tag-ford-capri-ii","16":"first","17":"instock","18":"shipping-taxable","19":"purchasable","20":"product-type-simple"},"_links":{"self":[{"href":"https:\/\/motorrad-erinnerungen.de\/shop\/wp-json\/wp\/v2\/product\/13981","targetHints":{"allow":["GET"]}}],"collection":[{"href":"https:\/\/motorrad-erinnerungen.de\/shop\/wp-json\/wp\/v2\/product"}],"about":[{"href":"https:\/\/motorrad-erinnerungen.de\/shop\/wp-json\/wp\/v2\/types\/product"}],"wp:featuredmedia":[{"embeddable":true,"href":"https:\/\/motorrad-erinnerungen.de\/shop\/wp-json\/wp\/v2\/media\/13968"}],"wp:attachment":[{"href":"https:\/\/motorrad-erinnerungen.de\/shop\/wp-json\/wp\/v2\/media?parent=13981"}],"wp:term":[{"taxonomy":"product_brand","embeddable":true,"href":"https:\/\/motorrad-erinnerungen.de\/shop\/wp-json\/wp\/v2\/product_brand?post=13981"},{"taxonomy":"product_cat","embeddable":true,"href":"https:\/\/motorrad-erinnerungen.de\/shop\/wp-json\/wp\/v2\/product_cat?post=13981"},{"taxonomy":"product_tag","embeddable":true,"href":"https:\/\/motorrad-erinnerungen.de\/shop\/wp-json\/wp\/v2\/product_tag?post=13981"}],"curies":[{"name":"wp","href":"https:\/\/api.w.org\/{rel}","templated":true}]}}