{"id":13990,"date":"2026-02-02T10:09:02","date_gmt":"2026-02-02T09:09:02","guid":{"rendered":"https:\/\/motorrad-erinnerungen.de\/shop\/produkt\/oldtimer-praxis-08-2012-jaguar-mk2-bmw-r50-ajs-model-31-csr\/"},"modified":"2026-02-02T10:25:13","modified_gmt":"2026-02-02T09:25:13","slug":"oldtimer-praxis-08-2012-jaguar-mk2-bmw-r50-ajs-model-31-csr","status":"publish","type":"product","link":"https:\/\/motorrad-erinnerungen.de\/shop\/produkt\/oldtimer-praxis-08-2012-jaguar-mk2-bmw-r50-ajs-model-31-csr\/","title":{"rendered":"Oldtimer Praxis 08\/2012 \u2013 Jaguar MK2; BMW R 50; IWL SR 59 &#8222;Stadtroller&#8220;"},"content":{"rendered":"<p>Ein St\u00fcck Zeitgeschichte f\u00fcr Fans klassischer Technik: die <strong>Oldtimer Praxis 08\/2012<\/strong>.<\/p>\n<h2>\ud83d\udccc Titelthema dieser Ausgabe<\/h2>\n<ul>\n<li><strong>Jaguar MK2<\/strong> \u2013 Gentleman und Sportler<\/li>\n<\/ul>\n<h2>\ud83c\udfcd\ufe0f Motorr\u00e4der &amp; Zweir\u00e4der in dieser Ausgabe<\/h2>\n<ul>\n<li><strong>BMW R 50<\/strong> \u2013 Richtig gut gemacht: Die robuste Vollschwingen-BMW<\/li>\n<li><strong>AJS Model 31 CSR<\/strong> \u2013 Seziert: Blick in das Innere<\/li>\n<li><strong>IWL SR 59 &#8222;Stadtroller&#8220;<\/strong>\u00a0\u2013 Piekfein: IWL-Berlin-Roller<\/li>\n<\/ul>\n<h2>\ud83d\ude97 Weitere Oldtimer-Themen<\/h2>\n<ul>\n<li><strong>Mercedes 230 SL<\/strong> \u2013 Fahrtenbuch: Drei Jahrzehnte 230 SL (100.000-km-Bilanz)<\/li>\n<li><strong>Porsche 968<\/strong> \u2013 Vier Zylinder und 240 PS: was er kann, was er kostet<\/li>\n<li><strong>Citro\u00ebn Ami 8<\/strong> \u2013 Gesicht in der Menge: Unterwegs mit der \u00dcber-Ente<\/li>\n<li><strong>Chevrolet Camaro Cabrio<\/strong> \u2013 Halbzeit: 67er Chevy-Camaro-Cabrio<\/li>\n<li><strong>Kunststoffreparaturen<\/strong> \u2013 Gewusst wie: Kunststoffreparaturen<\/li>\n<li><strong>Elektrik-Tipps<\/strong> \u2013 Das Bordnetz optimieren<\/li>\n<\/ul>\n<h2>\ud83d\udca1 Tipp<\/h2>\n<ul>\n<li>Eine Oldtimer-Zeitschrift kann auch eine willkommene \u00dcberraschung sein, f\u00fcr Liebhaber klassischer Autos und Motorr\u00e4der \u2013 zum Verschenken von Erinnerungen und Tr\u00e4umen.<\/li>\n<\/ul>\n<h2>\ud83d\udce6 Versand &amp; Service<\/h2>\n<ul>\n<li>Kostenloser Versand in Deutschland, Auslandsversand f\u00fcr eine geringe Pauschale<\/li>\n<li>Erfahrung aus weit \u00fcber 30.000 erfolgreichen Sendungen<\/li>\n<li>Ihre Zeitschrift wird sicher und liebevoll verpackt<\/li>\n<\/ul>\n<h2>\ud83c\udf0d Zustand der Zeitschrift<\/h2>\n<ul>\n<li>Gebraucht, weil gelesen, durchgebl\u00e4ttert, gestapelt, alles original \ud83d\ude09<\/li>\n<\/ul>\n","protected":false},"excerpt":{"rendered":"<p>Hier wird noch selbst geschraubt: Oldtimer Praxis liefert das n\u00f6tige Wissen f\u00fcr die Garage. Von der Wartung bis zur Komplettrestaurierung \u2013 echte Hilfe f\u00fcr alle, die ihre Klassiker auf der Stra\u00dfe halten wollen.<\/p>\n","protected":false},"featured_media":13970,"template":"","meta":{"iawp_total_views":1},"product_brand":[],"product_cat":[10216],"product_tag":[12757,12758,12759,12781,12782,106,10811,10857,11449],"class_list":{"0":"post-13990","1":"product","2":"type-product","3":"status-publish","4":"has-post-thumbnail","6":"product_cat-oldtimer-praxis","7":"product_tag-citroen-ami-8","8":"product_tag-kunststoffreparatur","9":"product_tag-porsche-968","10":"product_tag-chevrolet-camaro-cabrio","11":"product_tag-iwl-sr-59-stadtroller","12":"product_tag-bmw-r-50","13":"product_tag-mercedes-230-sl","14":"product_tag-jaguar-mk2","15":"product_tag-elektrik","17":"first","18":"instock","19":"shipping-taxable","20":"purchasable","21":"product-type-simple"},"_links":{"self":[{"href":"https:\/\/motorrad-erinnerungen.de\/shop\/wp-json\/wp\/v2\/product\/13990","targetHints":{"allow":["GET"]}}],"collection":[{"href":"https:\/\/motorrad-erinnerungen.de\/shop\/wp-json\/wp\/v2\/product"}],"about":[{"href":"https:\/\/motorrad-erinnerungen.de\/shop\/wp-json\/wp\/v2\/types\/product"}],"wp:featuredmedia":[{"embeddable":true,"href":"https:\/\/motorrad-erinnerungen.de\/shop\/wp-json\/wp\/v2\/media\/13970"}],"wp:attachment":[{"href":"https:\/\/motorrad-erinnerungen.de\/shop\/wp-json\/wp\/v2\/media?parent=13990"}],"wp:term":[{"taxonomy":"product_brand","embeddable":true,"href":"https:\/\/motorrad-erinnerungen.de\/shop\/wp-json\/wp\/v2\/product_brand?post=13990"},{"taxonomy":"product_cat","embeddable":true,"href":"https:\/\/motorrad-erinnerungen.de\/shop\/wp-json\/wp\/v2\/product_cat?post=13990"},{"taxonomy":"product_tag","embeddable":true,"href":"https:\/\/motorrad-erinnerungen.de\/shop\/wp-json\/wp\/v2\/product_tag?post=13990"}],"curies":[{"name":"wp","href":"https:\/\/api.w.org\/{rel}","templated":true}]}}