{"id":13993,"date":"2026-02-02T10:09:03","date_gmt":"2026-02-02T09:09:03","guid":{"rendered":"https:\/\/motorrad-erinnerungen.de\/shop\/produkt\/oldtimer-praxis-11-2012-ferrari-365-gt4-bb-honda-cb-750-ame-h7-aermacchi-cafe-racer\/"},"modified":"2026-02-02T10:43:13","modified_gmt":"2026-02-02T09:43:13","slug":"oldtimer-praxis-11-2012-ferrari-365-gt4-bb-honda-cb-750-ame-h7-aermacchi-cafe-racer","status":"publish","type":"product","link":"https:\/\/motorrad-erinnerungen.de\/shop\/produkt\/oldtimer-praxis-11-2012-ferrari-365-gt4-bb-honda-cb-750-ame-h7-aermacchi-cafe-racer\/","title":{"rendered":"Oldtimer Praxis 11\/2012 \u2013 Ferrari 365 GT4 BB; Honda CB 750 AME H7; AMF Harley-Davidson 350 SS"},"content":{"rendered":"<p>Ein St\u00fcck Zeitgeschichte f\u00fcr Fans klassischer Technik: die <strong>Oldtimer Praxis 11\/2012<\/strong>.<\/p>\n<h2>\ud83d\udccc Titelthema dieser Ausgabe<\/h2>\n<ul>\n<li><strong>Ferrari 365 GT4 BB<\/strong> \u2013 Technik-Traum: ein fantastischer Mitelmotor-Ferrari<\/li>\n<\/ul>\n<h2>\ud83c\udfcd\ufe0f Motorr\u00e4der &amp; Zweir\u00e4der in dieser Ausgabe<\/h2>\n<ul>\n<li><strong>Honda CB 750 AME H7<\/strong> \u2013 Honda CB 750 \u2013 mal ganz anders! AME H7<\/li>\n<li><b>AMF Harley-Davidson 350 SS <\/b>\u2013 Es lebe der Sport! Die Entstehung eines richtig feinen Aermacchi-Caf\u00e9-Racers<\/li>\n<li><strong>NSU-Fox-Viertaktmotor<\/strong> \u2013 Seziert: Wie sieht es im Inneren des wackeren Triebwerks aus?<\/li>\n<\/ul>\n<h2>\ud83d\ude97 Weitere Oldtimer-Themen<\/h2>\n<ul>\n<li><strong>Mercedes W140<\/strong> \u2013 Praxis-Check: Ist die S-Klasse nur gro\u00df oder gro\u00dfartig?<\/li>\n<li><strong>Daimler Dart SP 250<\/strong> \u2013 Skurril, interessant \u2013 toprestauriert!<\/li>\n<li><strong>VW K\u00e4fer<\/strong> \u2013 Das lange Leben eines Ovali<\/li>\n<li><strong>Saab 99<\/strong> \u2013 Ein Auto, so solide wie sein Ruf<\/li>\n<li><strong>Alfa Romeo Doppelnocker<\/strong> \u2013 Der Motor unter der Lupe<\/li>\n<li><strong>Karosseriebau<\/strong> \u2013 Grundkurs: Karosseriebau<\/li>\n<li><strong>Bremsanlagen<\/strong> \u2013 Know-how: Bremsanlagen<\/li>\n<\/ul>\n<h2>\ud83d\udca1 Tipp<\/h2>\n<ul>\n<li>Eine Oldtimer-Zeitschrift kann auch eine willkommene \u00dcberraschung sein, f\u00fcr Liebhaber klassischer Autos und Motorr\u00e4der \u2013 zum Verschenken von Erinnerungen und Tr\u00e4umen.<\/li>\n<\/ul>\n<h2>\ud83d\udce6 Versand &amp; Service<\/h2>\n<ul>\n<li>Kostenloser Versand in Deutschland, Auslandsversand f\u00fcr eine geringe Pauschale<\/li>\n<li>Erfahrung aus weit \u00fcber 30.000 erfolgreichen Sendungen<\/li>\n<li>Ihre Zeitschrift wird sicher und liebevoll verpackt<\/li>\n<\/ul>\n<h2>\ud83c\udf0d Zustand der Zeitschrift<\/h2>\n<ul>\n<li>Gebraucht, weil gelesen, durchgebl\u00e4ttert, gestapelt, alles original \ud83d\ude09<\/li>\n<\/ul>\n","protected":false},"excerpt":{"rendered":"<p>Hier wird noch selbst geschraubt: Oldtimer Praxis liefert das n\u00f6tige Wissen f\u00fcr die Garage. Von der Wartung bis zur Komplettrestaurierung \u2013 echte Hilfe f\u00fcr alle, die ihre Klassiker auf der Stra\u00dfe halten wollen.<\/p>\n","protected":false},"featured_media":13973,"template":"","meta":{"iawp_total_views":1},"product_brand":[],"product_cat":[10216],"product_tag":[12784,12785,12786,12787,11431,11446,11488,12768,12769,12770,12771],"class_list":{"0":"post-13993","1":"product","2":"type-product","3":"status-publish","4":"has-post-thumbnail","6":"product_cat-oldtimer-praxis","7":"product_tag-daimler-dart-sp-250","8":"product_tag-alfa-romeo-doppelnocker","9":"product_tag-nsu-fox-viertaktmotor","10":"product_tag-amf-harley-davidson-350-ss","11":"product_tag-bremsen","12":"product_tag-karosseriebau","13":"product_tag-vw-kaefer-ovali","14":"product_tag-ferrari-365-gt4-bb","15":"product_tag-honda-cb-750-chopper","16":"product_tag-mercedes-w140","17":"product_tag-saab-99","19":"first","20":"instock","21":"shipping-taxable","22":"purchasable","23":"product-type-simple"},"_links":{"self":[{"href":"https:\/\/motorrad-erinnerungen.de\/shop\/wp-json\/wp\/v2\/product\/13993","targetHints":{"allow":["GET"]}}],"collection":[{"href":"https:\/\/motorrad-erinnerungen.de\/shop\/wp-json\/wp\/v2\/product"}],"about":[{"href":"https:\/\/motorrad-erinnerungen.de\/shop\/wp-json\/wp\/v2\/types\/product"}],"wp:featuredmedia":[{"embeddable":true,"href":"https:\/\/motorrad-erinnerungen.de\/shop\/wp-json\/wp\/v2\/media\/13973"}],"wp:attachment":[{"href":"https:\/\/motorrad-erinnerungen.de\/shop\/wp-json\/wp\/v2\/media?parent=13993"}],"wp:term":[{"taxonomy":"product_brand","embeddable":true,"href":"https:\/\/motorrad-erinnerungen.de\/shop\/wp-json\/wp\/v2\/product_brand?post=13993"},{"taxonomy":"product_cat","embeddable":true,"href":"https:\/\/motorrad-erinnerungen.de\/shop\/wp-json\/wp\/v2\/product_cat?post=13993"},{"taxonomy":"product_tag","embeddable":true,"href":"https:\/\/motorrad-erinnerungen.de\/shop\/wp-json\/wp\/v2\/product_tag?post=13993"}],"curies":[{"name":"wp","href":"https:\/\/api.w.org\/{rel}","templated":true}]}}