{"id":13994,"date":"2026-02-02T10:09:03","date_gmt":"2026-02-02T09:09:03","guid":{"rendered":"https:\/\/motorrad-erinnerungen.de\/shop\/produkt\/oldtimer-praxis-12-2012-vw-t1-doka-jawa-360-mit-velorex-boot-moto-morini-camel\/"},"modified":"2026-02-02T10:49:53","modified_gmt":"2026-02-02T09:49:53","slug":"oldtimer-praxis-12-2012-vw-t1-doka-jawa-360-mit-velorex-boot-moto-morini-camel","status":"publish","type":"product","link":"https:\/\/motorrad-erinnerungen.de\/shop\/produkt\/oldtimer-praxis-12-2012-vw-t1-doka-jawa-360-mit-velorex-boot-moto-morini-camel\/","title":{"rendered":"Oldtimer Praxis 12\/2012 \u2013 VW T1 Doka; Jawa 360 mit Velorex-Boot; Moto Morini Camel 500"},"content":{"rendered":"<p>Ein St\u00fcck Zeitgeschichte f\u00fcr Fans klassischer Technik: die <strong>Oldtimer Praxis 12\/2012<\/strong>.<\/p>\n<h2>\ud83d\udccc Titelthema dieser Ausgabe<\/h2>\n<ul>\n<li><strong>VW T1 Doka<\/strong> \u2013 Kult-Transporter: Fahrzeuge aus den USA m\u00fcssen nicht automatisch ohne Rost sein<\/li>\n<\/ul>\n<h2>\ud83c\udfcd\ufe0f Motorr\u00e4der &amp; Zweir\u00e4der in dieser Ausgabe<\/h2>\n<ul>\n<li><strong>Jawa 360 mit Velorex-Boot<\/strong> \u2013 Das dritte Rad: Feines Gespann zum fairen Preis<\/li>\n<li><strong>Moto Morini Camel 500<\/strong> \u2013 Die unbekannte V2-Enduro<\/li>\n<li><strong>Horex-Imperator-Motor<\/strong> \u2013 Seziert: Das Zweizylinder-Herz im Detail<\/li>\n<\/ul>\n<h2>\ud83d\ude97 Weitere Oldtimer-Themen<\/h2>\n<ul>\n<li><strong>Mercedes 200 D<\/strong> (W110) \u2013 Am Anfang stand ein echtes Wrack!<\/li>\n<li><strong>Lotus Elise<\/strong> \u2013 Fahrspa\u00df pur \u2013 zu welchem Preis?<\/li>\n<li><strong>BMW 326<\/strong> \u2013 Dauertest: BMW 326 (Von 45.000 flotten Kilometern)<\/li>\n<li><strong>Alfa Romeo GTC<\/strong> \u2013 Pr\u00e4dikat: bodenlos (Halbzeitstand: Die Story eines richtig rostigen Alfa GTC)<\/li>\n<li><strong>Wilson-Preselector-Getriebe<\/strong> \u2013 So funktioniert&#8217;s: Das Wilson-Preselector-Getriebe im Detail<\/li>\n<li><strong>Z\u00fcndkabel fertigen<\/strong> \u2013 Praxis: Z\u00fcndkabel fertigen<\/li>\n<\/ul>\n<h2>\ud83d\udca1 Tipp<\/h2>\n<ul>\n<li>Eine Oldtimer-Zeitschrift kann auch eine willkommene \u00dcberraschung sein, f\u00fcr Liebhaber klassischer Autos und Motorr\u00e4der \u2013 zum Verschenken von Erinnerungen und Tr\u00e4umen.<\/li>\n<\/ul>\n<h2>\ud83d\udce6 Versand &amp; Service<\/h2>\n<ul>\n<li>Kostenloser Versand in Deutschland, Auslandsversand f\u00fcr eine geringe Pauschale<\/li>\n<li>Erfahrung aus weit \u00fcber 30.000 erfolgreichen Sendungen<\/li>\n<li>Ihre Zeitschrift wird sicher und liebevoll verpackt<\/li>\n<\/ul>\n<h2>\ud83c\udf0d Zustand der Zeitschrift<\/h2>\n<ul>\n<li>Gebraucht, weil gelesen, durchgebl\u00e4ttert, gestapelt, alles original \ud83d\ude09<\/li>\n<\/ul>\n","protected":false},"excerpt":{"rendered":"<p>Hier wird noch selbst geschraubt: Oldtimer Praxis liefert das n\u00f6tige Wissen f\u00fcr die Garage. Von der Wartung bis zur Komplettrestaurierung \u2013 echte Hilfe f\u00fcr alle, die ihre Klassiker auf der Stra\u00dfe halten wollen.<\/p>\n","protected":false},"featured_media":13974,"template":"","meta":{"iawp_total_views":1},"product_brand":[],"product_cat":[10216],"product_tag":[12788,12090,12772,12773,12774,12775,12776,12777,12778],"class_list":{"0":"post-13994","1":"product","2":"type-product","3":"status-publish","4":"has-post-thumbnail","6":"product_cat-oldtimer-praxis","7":"product_tag-moto-morini-camel-500","8":"product_tag-alfa-romeo-gtc","9":"product_tag-bmw-326","10":"product_tag-jawa-360","11":"product_tag-lotus-elise","12":"product_tag-mercedes-200-d","13":"product_tag-vw-t1-doka","14":"product_tag-wilson-getriebe","15":"product_tag-zuendkabel","17":"first","18":"instock","19":"shipping-taxable","20":"purchasable","21":"product-type-simple"},"_links":{"self":[{"href":"https:\/\/motorrad-erinnerungen.de\/shop\/wp-json\/wp\/v2\/product\/13994","targetHints":{"allow":["GET"]}}],"collection":[{"href":"https:\/\/motorrad-erinnerungen.de\/shop\/wp-json\/wp\/v2\/product"}],"about":[{"href":"https:\/\/motorrad-erinnerungen.de\/shop\/wp-json\/wp\/v2\/types\/product"}],"wp:featuredmedia":[{"embeddable":true,"href":"https:\/\/motorrad-erinnerungen.de\/shop\/wp-json\/wp\/v2\/media\/13974"}],"wp:attachment":[{"href":"https:\/\/motorrad-erinnerungen.de\/shop\/wp-json\/wp\/v2\/media?parent=13994"}],"wp:term":[{"taxonomy":"product_brand","embeddable":true,"href":"https:\/\/motorrad-erinnerungen.de\/shop\/wp-json\/wp\/v2\/product_brand?post=13994"},{"taxonomy":"product_cat","embeddable":true,"href":"https:\/\/motorrad-erinnerungen.de\/shop\/wp-json\/wp\/v2\/product_cat?post=13994"},{"taxonomy":"product_tag","embeddable":true,"href":"https:\/\/motorrad-erinnerungen.de\/shop\/wp-json\/wp\/v2\/product_tag?post=13994"}],"curies":[{"name":"wp","href":"https:\/\/api.w.org\/{rel}","templated":true}]}}