{"id":14032,"date":"2026-02-03T15:34:09","date_gmt":"2026-02-03T14:34:09","guid":{"rendered":"https:\/\/motorrad-erinnerungen.de\/shop\/produkt\/oldtimer-praxis-04-2013-steyr-baby-honda-cbx-1000-gueldner-ohv-einzylinder\/"},"modified":"2026-03-18T09:02:06","modified_gmt":"2026-03-18T08:02:06","slug":"oldtimer-praxis-04-2013-steyr-baby-honda-cbx-1000-gueldner-ohv-einzylinder","status":"publish","type":"product","link":"https:\/\/motorrad-erinnerungen.de\/shop\/produkt\/oldtimer-praxis-04-2013-steyr-baby-honda-cbx-1000-gueldner-ohv-einzylinder\/","title":{"rendered":"Oldtimer Praxis 04\/2013 \u2013 Steyr Baby; Honda CBX 1000; Simson Sperber und Habicht"},"content":{"rendered":"<p>Ein St\u00fcck Zeitgeschichte f\u00fcr Fans klassischer Technik: die <strong>Oldtimer Praxis 04\/2013<\/strong>.<\/p>\n<h2>\ud83d\udccc Titelthema dieser Ausgabe<\/h2>\n<ul>\n<li><strong>Steyr Baby<\/strong> \u2013 Austrias Volkswagen, das Protokoll einer Grundsanierung<\/li>\n<\/ul>\n<h2>\ud83c\udfcd\ufe0f Motorr\u00e4der &amp; Zweir\u00e4der in dieser Ausgabe<\/h2>\n<ul>\n<li><strong>Honda CBX 1000<\/strong> \u2013 Hightech-Paket: Schrauben an der Honda CBX 1000<\/li>\n<li><strong>G\u00fcldner-ohv-Einzylinder<\/strong> \u2013 Seziert<\/li>\n<li><strong>Simson Sperber und Habicht<\/strong>\u00a0\u2013 Restauriert: Simson Sperber &amp; Co.<\/li>\n<\/ul>\n<h2>\ud83d\ude97 Weitere Oldtimer-Themen<\/h2>\n<ul>\n<li><strong>Mercedes Benz W124 Kombi<\/strong> \u2013 Die letzten Guten&#8230; sind auf dem Markt<\/li>\n<li><strong>Ford FK 1000 Fensterbus<\/strong> \u2013 Rare Alternative<\/li>\n<li><strong>MG Magnette<\/strong> \u2013 Die englische Art: Im Langzeittest<\/li>\n<li><strong>Fiat 600<\/strong> \u2013 Putzmunter: Ein Fiat 600 und seine Leistungskur<\/li>\n<li><strong>Audi Quattro<\/strong> \u2013 Halbzeit beim kompletten Neuaufbau<\/li>\n<li><strong>Bosch-Dynastarter<\/strong> \u2013 seziert<\/li>\n<li><\/li>\n<li><strong>Kotfl\u00fcgel<\/strong> \u2013 Karosseriebau: Wurde auch Zeit: Unser Kotfl\u00fcgel ist beinahe fertig!<\/li>\n<li><strong>Wellenreparaturh\u00fclsen<\/strong> \u2013 Tipps: Wellenreparaturh\u00fclsen<\/li>\n<\/ul>\n<h2>\ud83d\udca1 Tipp<\/h2>\n<ul>\n<li>Eine Oldtimer-Zeitschrift kann auch eine willkommene \u00dcberraschung sein, f\u00fcr Liebhaber klassischer Autos und Motorr\u00e4der \u2013 zum Verschenken von Erinnerungen und Tr\u00e4umen.<\/li>\n<\/ul>\n<h2>\ud83d\udce6 Versand &amp; Service<\/h2>\n<ul>\n<li>Kostenloser Versand in Deutschland, Auslandsversand f\u00fcr eine geringe Pauschale<\/li>\n<li>Erfahrung aus weit \u00fcber 30.000 erfolgreichen Sendungen<\/li>\n<li>Ihre Zeitschrift wird sicher und liebevoll verpackt<\/li>\n<\/ul>\n<h2>\ud83c\udf0d Zustand der Zeitschrift<\/h2>\n<ul>\n<li>Gebraucht, weil gelesen, durchgebl\u00e4ttert, gestapelt, alles original \ud83d\ude09<\/li>\n<\/ul>\n","protected":false},"excerpt":{"rendered":"<p>Hier wird noch selbst geschraubt: Oldtimer Praxis liefert das n\u00f6tige Wissen f\u00fcr die Garage. Von der Wartung bis zur Komplettrestaurierung \u2013 echte Hilfe f\u00fcr alle, die ihre Klassiker auf der Stra\u00dfe halten wollen.<\/p>\n","protected":false},"featured_media":14038,"template":"","meta":{"iawp_total_views":1},"product_brand":[],"product_cat":[10216],"product_tag":[11446,11644,11707,12854,12857,12883,12884,12885,12886,986],"class_list":{"0":"post-14032","1":"product","2":"type-product","3":"status-publish","4":"has-post-thumbnail","6":"product_cat-oldtimer-praxis","7":"product_tag-karosseriebau","8":"product_tag-mg-magnette","9":"product_tag-fiat-600","10":"product_tag-ford-fk-1000","11":"product_tag-steyr-baby","12":"product_tag-mercedes-benz-w124-kombi","13":"product_tag-audi-quattro","14":"product_tag-bosch-dynastarter","15":"product_tag-simson-sperber-und-habicht","16":"product_tag-honda-cbx-1000","18":"first","19":"instock","20":"shipping-taxable","21":"purchasable","22":"product-type-simple"},"_links":{"self":[{"href":"https:\/\/motorrad-erinnerungen.de\/shop\/wp-json\/wp\/v2\/product\/14032","targetHints":{"allow":["GET"]}}],"collection":[{"href":"https:\/\/motorrad-erinnerungen.de\/shop\/wp-json\/wp\/v2\/product"}],"about":[{"href":"https:\/\/motorrad-erinnerungen.de\/shop\/wp-json\/wp\/v2\/types\/product"}],"wp:featuredmedia":[{"embeddable":true,"href":"https:\/\/motorrad-erinnerungen.de\/shop\/wp-json\/wp\/v2\/media\/14038"}],"wp:attachment":[{"href":"https:\/\/motorrad-erinnerungen.de\/shop\/wp-json\/wp\/v2\/media?parent=14032"}],"wp:term":[{"taxonomy":"product_brand","embeddable":true,"href":"https:\/\/motorrad-erinnerungen.de\/shop\/wp-json\/wp\/v2\/product_brand?post=14032"},{"taxonomy":"product_cat","embeddable":true,"href":"https:\/\/motorrad-erinnerungen.de\/shop\/wp-json\/wp\/v2\/product_cat?post=14032"},{"taxonomy":"product_tag","embeddable":true,"href":"https:\/\/motorrad-erinnerungen.de\/shop\/wp-json\/wp\/v2\/product_tag?post=14032"}],"curies":[{"name":"wp","href":"https:\/\/api.w.org\/{rel}","templated":true}]}}