{"id":14033,"date":"2026-02-03T15:34:09","date_gmt":"2026-02-03T14:34:09","guid":{"rendered":"https:\/\/motorrad-erinnerungen.de\/shop\/produkt\/oldtimer-praxis-05-2013-vw-kaefer-ducati-750-imola-yamaha-ty-trialer\/"},"modified":"2026-03-27T13:22:59","modified_gmt":"2026-03-27T12:22:59","slug":"oldtimer-praxis-05-2013-vw-kaefer-ducati-750-imola-yamaha-ty-trialer","status":"publish","type":"product","link":"https:\/\/motorrad-erinnerungen.de\/shop\/produkt\/oldtimer-praxis-05-2013-vw-kaefer-ducati-750-imola-yamaha-ty-trialer\/","title":{"rendered":"Oldtimer Praxis 05\/2013 \u2013 VW K\u00e4fer; Ducati 750 Imola; Yamaha TY-Trialer"},"content":{"rendered":"<p>Ein St\u00fcck Zeitgeschichte f\u00fcr Fans klassischer Technik: die <strong>Oldtimer Praxis 05\/2013<\/strong>.<\/p>\n<h2>\ud83d\udccc Titelthema dieser Ausgabe<\/h2>\n<ul>\n<li><strong>VW K\u00e4fer<\/strong> \u2013 Ein Mann, 14 K\u00e4fer! Restaurieren im Akkord<\/li>\n<\/ul>\n<h2>\ud83c\udfcd\ufe0f Motorr\u00e4der &amp; Zweir\u00e4der in dieser Ausgabe<\/h2>\n<ul>\n<li><strong>Ducati 750 SS Imola<\/strong> \u2013 Kilometerstand: 328.000! Aus dem Leben einer besonderen Ducati<\/li>\n<li><strong>Yamaha TY 125<\/strong>\u00a0\u2013 Frei ab 16! Yamahas feine kleine TY-Trialer<\/li>\n<li><strong>Maico Taifun-Twin<\/strong> \u2013 Auf der Werkbank<\/li>\n<\/ul>\n<h2>\ud83d\ude97 Weitere Oldtimer-Themen<\/h2>\n<ul>\n<li><strong>BMW 2500<\/strong> \u2013 Auf Dauer gut? Fahrtenbuchnotizen<\/li>\n<li><strong>Alfa Romeo Alfasud<\/strong> \u2013 Das gibt&#8217;s wirklich: Ein perfekter Alfasud \u2013 ohne Rost!<\/li>\n<li><strong>Reliant Scimitar GTE<\/strong> \u2013 Rahmen-Blues: Halbzeit<\/li>\n<li><strong>DAF Variomatic<\/strong> \u2013 Technik im Detail: Dafs clevere Variomatic<\/li>\n<li><strong>Toyota MR 2<\/strong> \u2013 Youngtimer-Steckbrief<\/li>\n<li><\/li>\n<li><strong>Fr\u00fchjahrs-Check<\/strong> \u2013 Wie Sie die Technik Ihres Oldies zum Saisonstart topfit machen<\/li>\n<li><strong>Bremshydraulik \u00fcberholen<\/strong> \u2013 Werkstatt-Know-how<\/li>\n<\/ul>\n<h2>\ud83d\udca1 Tipp<\/h2>\n<ul>\n<li>Eine Oldtimer-Zeitschrift kann auch eine willkommene \u00dcberraschung sein, f\u00fcr Liebhaber klassischer Autos und Motorr\u00e4der \u2013 zum Verschenken von Erinnerungen und Tr\u00e4umen.<\/li>\n<\/ul>\n<h2>\ud83d\udce6 Versand &amp; Service<\/h2>\n<ul>\n<li>Kostenloser Versand in Deutschland, Auslandsversand f\u00fcr eine geringe Pauschale<\/li>\n<li>Erfahrung aus weit \u00fcber 30.000 erfolgreichen Sendungen<\/li>\n<li>Ihre Zeitschrift wird sicher und liebevoll verpackt<\/li>\n<\/ul>\n<h2>\ud83c\udf0d Zustand der Zeitschrift<\/h2>\n<ul>\n<li>Gebraucht, weil gelesen, durchgebl\u00e4ttert, gestapelt, alles original \ud83d\ude09<\/li>\n<\/ul>\n","protected":false},"excerpt":{"rendered":"<p>Hier wird noch selbst geschraubt: Oldtimer Praxis liefert das n\u00f6tige Wissen f\u00fcr die Garage. Von der Wartung bis zur Komplettrestaurierung \u2013 echte Hilfe f\u00fcr alle, die ihre Klassiker auf der Stra\u00dfe halten wollen.<\/p>\n","protected":false},"featured_media":14039,"template":"","meta":{"iawp_total_views":0},"product_brand":[],"product_cat":[10216],"product_tag":[12858,12859,12860,12861,12887,6358,14337,9898,10947,11174,12271],"class_list":{"0":"post-14033","1":"product","2":"type-product","3":"status-publish","4":"has-post-thumbnail","6":"product_cat-oldtimer-praxis","7":"product_tag-alfa-romeo-alfasud","8":"product_tag-bmw-2500","9":"product_tag-bremshydraulik","10":"product_tag-daf-variomatic","11":"product_tag-toyota-mr-2","12":"product_tag-yamaha-ty-125","13":"product_tag-ducati-supersport-600-750-800-1000","14":"product_tag-ducati-750-ss-imola","15":"product_tag-maico-taifun","16":"product_tag-vw-kaefer","17":"product_tag-reliant-scimitar","19":"first","20":"instock","21":"shipping-taxable","22":"purchasable","23":"product-type-simple"},"_links":{"self":[{"href":"https:\/\/motorrad-erinnerungen.de\/shop\/wp-json\/wp\/v2\/product\/14033","targetHints":{"allow":["GET"]}}],"collection":[{"href":"https:\/\/motorrad-erinnerungen.de\/shop\/wp-json\/wp\/v2\/product"}],"about":[{"href":"https:\/\/motorrad-erinnerungen.de\/shop\/wp-json\/wp\/v2\/types\/product"}],"wp:featuredmedia":[{"embeddable":true,"href":"https:\/\/motorrad-erinnerungen.de\/shop\/wp-json\/wp\/v2\/media\/14039"}],"wp:attachment":[{"href":"https:\/\/motorrad-erinnerungen.de\/shop\/wp-json\/wp\/v2\/media?parent=14033"}],"wp:term":[{"taxonomy":"product_brand","embeddable":true,"href":"https:\/\/motorrad-erinnerungen.de\/shop\/wp-json\/wp\/v2\/product_brand?post=14033"},{"taxonomy":"product_cat","embeddable":true,"href":"https:\/\/motorrad-erinnerungen.de\/shop\/wp-json\/wp\/v2\/product_cat?post=14033"},{"taxonomy":"product_tag","embeddable":true,"href":"https:\/\/motorrad-erinnerungen.de\/shop\/wp-json\/wp\/v2\/product_tag?post=14033"}],"curies":[{"name":"wp","href":"https:\/\/api.w.org\/{rel}","templated":true}]}}