{"id":14054,"date":"2026-02-03T20:36:27","date_gmt":"2026-02-03T19:36:27","guid":{"rendered":"https:\/\/motorrad-erinnerungen.de\/shop\/produkt\/oldtimer-praxis-07-2013-mercedes-300-se-heckflosse-sunbeam-s8-honda-cx-500\/"},"modified":"2026-02-03T20:43:51","modified_gmt":"2026-02-03T19:43:51","slug":"oldtimer-praxis-07-2013-mercedes-300-se-heckflosse-sunbeam-s8-honda-cx-500","status":"publish","type":"product","link":"https:\/\/motorrad-erinnerungen.de\/shop\/produkt\/oldtimer-praxis-07-2013-mercedes-300-se-heckflosse-sunbeam-s8-honda-cx-500\/","title":{"rendered":"Oldtimer Praxis 07\/2013 \u2013 Mercedes 300 SE; Sunbeam S8; Honda CX 500; Hoske-Horex"},"content":{"rendered":"<p>Ein St\u00fcck Zeitgeschichte f\u00fcr Fans klassischer Technik: die <strong>Oldtimer Praxis 07\/2013<\/strong>.<\/p>\n<h2>\ud83d\udccc Titelthema dieser Ausgabe<\/h2>\n<ul>\n<li><strong>Mercedes 300 SE (Heckflosse)<\/strong> \u2013 W 112, die Gro\u00dfe Flosse: Ein Fall f\u00fcr Kenner!<\/li>\n<\/ul>\n<h2>\ud83c\udfcd\ufe0f Motorr\u00e4der &amp; Zweir\u00e4der in dieser Ausgabe<\/h2>\n<ul>\n<li><strong>Sunbeam S8<\/strong> \u2013 Mal was Anderes: Auf Tour mit einer Sunbeam S8<\/li>\n<li><strong>Honda CX 500<\/strong> \u2013 Seziert: Hondas ganz erstaunlicher CX-500-Motor<\/li>\n<li><strong>Hoske-Horex<\/strong> \u2013 Gr\u00fc\u00dfe aus der Rennabteilung: Die Story einiger sehr eiliger Horex<\/li>\n<\/ul>\n<h2>\ud83d\ude97 Weitere Oldtimer-Themen<\/h2>\n<ul>\n<li><strong>Alfa Romeo Spider<\/strong> \u2013 Ab 2000 Euro! Das bietet der Alfa Spider der 916er Serie f\u00fcrs Geld<\/li>\n<li><strong>Porsche 911<\/strong> \u2013 Der ewige Traum: Aus dem Fahrtenbuch eines 911ers<\/li>\n<li><strong>Wolga M22<\/strong> \u2013 Russen-Rarit\u00e4t: Wolga M22 \u2013 der vergessene Kombi<\/li>\n<li><strong>Peugeot 301 D<\/strong> \u2013 Halbzeit bei der Restauration<\/li>\n<li><strong>Borgward Arabella<\/strong> \u2013 Eine durch und durch morsche Arabella wurde restauriert<\/li>\n<li><strong>Lotus-Doppelnocker<\/strong> \u2013 Renntechnik pur: Der Lotus-Doppelnocker seziert<\/li>\n<li><strong>Antriebswellen<\/strong> \u2013 Technik-Know-how: Gelenkig: Alles \u00fcber Antriebswellen<\/li>\n<li><strong>Vergaserprofi<\/strong> \u2013 Probleml\u00f6sung: Ein Vergaserprofi hilft<\/li>\n<\/ul>\n<h2>\ud83d\udca1 Tipp<\/h2>\n<ul>\n<li>Eine Oldtimer-Zeitschrift kann auch eine willkommene \u00dcberraschung sein, f\u00fcr Liebhaber klassischer Autos und Motorr\u00e4der \u2013 zum Verschenken von Erinnerungen und Tr\u00e4umen.<\/li>\n<\/ul>\n<h2>\ud83d\udce6 Versand &amp; Service<\/h2>\n<ul>\n<li>Kostenloser Versand in Deutschland, Auslandsversand f\u00fcr eine geringe Pauschale<\/li>\n<li>Erfahrung aus weit \u00fcber 30.000 erfolgreichen Sendungen<\/li>\n<li>Ihre Zeitschrift wird sicher und liebevoll verpackt<\/li>\n<\/ul>\n<h2>\ud83c\udf0d Zustand der Zeitschrift<\/h2>\n<ul>\n<li>Gebraucht, weil gelesen, durchgebl\u00e4ttert, gestapelt, alles original \ud83d\ude09<\/li>\n<\/ul>\n","protected":false},"excerpt":{"rendered":"<p>Hier wird noch selbst geschraubt: Oldtimer Praxis liefert das n\u00f6tige Wissen f\u00fcr die Garage. Von der Wartung bis zur Komplettrestaurierung \u2013 echte Hilfe f\u00fcr alle, die ihre Klassiker auf der Stra\u00dfe halten wollen.<\/p>\n","protected":false},"featured_media":14041,"template":"","meta":{"iawp_total_views":3},"product_brand":[],"product_cat":[10216],"product_tag":[12893,12894,689,12895,6450,12926,12927,11053,12928,11260,11456,11549,12891,12892],"class_list":{"0":"post-14054","1":"product","2":"type-product","3":"status-publish","4":"has-post-thumbnail","6":"product_cat-oldtimer-praxis","7":"product_tag-mercedes-300-se","8":"product_tag-sunbeam-s8","9":"product_tag-honda-cx-500","10":"product_tag-wolga-m22","11":"product_tag-horex","12":"product_tag-peugeot-301-d","13":"product_tag-borgward-arabella","14":"product_tag-porsche-911","15":"product_tag-hoske-horex","16":"product_tag-antriebswellen","17":"product_tag-vergaser","18":"product_tag-alfa-romeo-spider","19":"product_tag-heckflosse","20":"product_tag-lotus-twin-cam","22":"first","23":"instock","24":"shipping-taxable","25":"purchasable","26":"product-type-simple"},"_links":{"self":[{"href":"https:\/\/motorrad-erinnerungen.de\/shop\/wp-json\/wp\/v2\/product\/14054","targetHints":{"allow":["GET"]}}],"collection":[{"href":"https:\/\/motorrad-erinnerungen.de\/shop\/wp-json\/wp\/v2\/product"}],"about":[{"href":"https:\/\/motorrad-erinnerungen.de\/shop\/wp-json\/wp\/v2\/types\/product"}],"wp:featuredmedia":[{"embeddable":true,"href":"https:\/\/motorrad-erinnerungen.de\/shop\/wp-json\/wp\/v2\/media\/14041"}],"wp:attachment":[{"href":"https:\/\/motorrad-erinnerungen.de\/shop\/wp-json\/wp\/v2\/media?parent=14054"}],"wp:term":[{"taxonomy":"product_brand","embeddable":true,"href":"https:\/\/motorrad-erinnerungen.de\/shop\/wp-json\/wp\/v2\/product_brand?post=14054"},{"taxonomy":"product_cat","embeddable":true,"href":"https:\/\/motorrad-erinnerungen.de\/shop\/wp-json\/wp\/v2\/product_cat?post=14054"},{"taxonomy":"product_tag","embeddable":true,"href":"https:\/\/motorrad-erinnerungen.de\/shop\/wp-json\/wp\/v2\/product_tag?post=14054"}],"curies":[{"name":"wp","href":"https:\/\/api.w.org\/{rel}","templated":true}]}}