{"id":14056,"date":"2026-02-03T20:36:28","date_gmt":"2026-02-03T19:36:28","guid":{"rendered":"https:\/\/motorrad-erinnerungen.de\/shop\/produkt\/oldtimer-praxis-09-2013-bmw-1600-2-cabrio-moto-guzzi-v2-hercules-k125-military\/"},"modified":"2026-02-03T20:55:15","modified_gmt":"2026-02-03T19:55:15","slug":"oldtimer-praxis-09-2013-bmw-1600-2-cabrio-moto-guzzi-v2-hercules-k125-military","status":"publish","type":"product","link":"https:\/\/motorrad-erinnerungen.de\/shop\/produkt\/oldtimer-praxis-09-2013-bmw-1600-2-cabrio-moto-guzzi-v2-hercules-k125-military\/","title":{"rendered":"Oldtimer Praxis 09\/2013 \u2013 BMW 1600-2 Cabrio; Nimbus 750; Hercules-K125-Military"},"content":{"rendered":"<p>Ein St\u00fcck Zeitgeschichte f\u00fcr Fans klassischer Technik: die <strong>Oldtimer Praxis 09\/2013<\/strong>.<\/p>\n<h2>\ud83d\udccc Titelthema dieser Ausgabe<\/h2>\n<ul>\n<li><strong>BMW 1600-2 Cabrio<\/strong> \u2013 Sonnige Zeiten: aufger\u00fcstet mit der Technik des 2002<\/li>\n<\/ul>\n<h2>\ud83c\udfcd\ufe0f Motorr\u00e4der &amp; Zweir\u00e4der in dieser Ausgabe<\/h2>\n<ul>\n<li><strong>Moto Guzzi V2<\/strong> \u2013 Seziert: Guzzis gro\u00dfer V2 unter der Lupe<\/li>\n<li><strong>Hercules K 125 Military<\/strong> \u2013 Zivildienst statt Bund: Hercules-K125-Military-Tipps<\/li>\n<li><strong>Nimbus 750<\/strong> \u2013 Vier Zylinder, drei R\u00e4der: Was die Nimbus 750 so au\u00dfergew\u00f6hnlich macht<\/li>\n<\/ul>\n<h2>\ud83d\ude97 Weitere Oldtimer-Themen<\/h2>\n<ul>\n<li><strong>Porsche 996<\/strong> \u2013 Wasser marsch! Serie 996 \u2013 der Einstiegs 911er?<\/li>\n<li><strong>Dacia 1300<\/strong> \u2013 Alte Liebe: Rum\u00e4nien-Renault: Dacia 1300<\/li>\n<li><strong>Jaguar Mk 8<\/strong> \u2013 Halbzeit-Stand: Viel Auto, viel Arbeit: Jaguar Mk 8<\/li>\n<li><strong>Cadillac Sedan de Ville<\/strong> \u2013 Der grandiose Flossen-Ami<\/li>\n<li><\/li>\n<li><strong>NSU Ro 80-Wankel<\/strong> \u2013 Technik seziert: So sieht der Ro-80-Wankel innen aus<\/li>\n<li><strong>Gurte nachr\u00fcsten<\/strong> \u2013 Technik-Know-how: Gurte nachr\u00fcsten<\/li>\n<li><strong>Kolben beschichten<\/strong> \u2013 Die Rettung? Wie es geht, was es bringt, was es kostet<\/li>\n<\/ul>\n<h2>\ud83d\udca1 Tipp<\/h2>\n<ul>\n<li>Eine Oldtimer-Zeitschrift kann auch eine willkommene \u00dcberraschung sein, f\u00fcr Liebhaber klassischer Autos und Motorr\u00e4der \u2013 zum Verschenken von Erinnerungen und Tr\u00e4umen.<\/li>\n<\/ul>\n<h2>\ud83d\udce6 Versand &amp; Service<\/h2>\n<ul>\n<li>Kostenloser Versand in Deutschland, Auslandsversand f\u00fcr eine geringe Pauschale<\/li>\n<li>Erfahrung aus weit \u00fcber 30.000 erfolgreichen Sendungen<\/li>\n<li>Ihre Zeitschrift wird sicher und liebevoll verpackt<\/li>\n<\/ul>\n<h2>\ud83c\udf0d Zustand der Zeitschrift<\/h2>\n<ul>\n<li>Gebraucht, weil gelesen, durchgebl\u00e4ttert, gestapelt, alles original \ud83d\ude09<\/li>\n<\/ul>\n","protected":false},"excerpt":{"rendered":"<p>Hier wird noch selbst geschraubt: Oldtimer Praxis liefert das n\u00f6tige Wissen f\u00fcr die Garage. Von der Wartung bis zur Komplettrestaurierung \u2013 echte Hilfe f\u00fcr alle, die ihre Klassiker auf der Stra\u00dfe halten wollen.<\/p>\n","protected":false},"featured_media":14043,"template":"","meta":{"iawp_total_views":0},"product_brand":[],"product_cat":[10216],"product_tag":[12910,12911,10907,12931,12051,12903,12904,12905,12906,12907,12908,12909],"class_list":{"0":"post-14056","1":"product","2":"type-product","3":"status-publish","4":"has-post-thumbnail","6":"product_cat-oldtimer-praxis","7":"product_tag-sicherheitsgurte","8":"product_tag-wankelmotor","9":"product_tag-nsu-ro-80","10":"product_tag-cadillac-sedan-de-ville","11":"product_tag-bmw-1600-2","12":"product_tag-dacia-1300","13":"product_tag-hercules-k125","14":"product_tag-jaguar-mk-8","15":"product_tag-kolbenbeschichtung","16":"product_tag-moto-guzzi-v2","17":"product_tag-nimbus-750","18":"product_tag-porsche-996","20":"first","21":"instock","22":"shipping-taxable","23":"purchasable","24":"product-type-simple"},"_links":{"self":[{"href":"https:\/\/motorrad-erinnerungen.de\/shop\/wp-json\/wp\/v2\/product\/14056","targetHints":{"allow":["GET"]}}],"collection":[{"href":"https:\/\/motorrad-erinnerungen.de\/shop\/wp-json\/wp\/v2\/product"}],"about":[{"href":"https:\/\/motorrad-erinnerungen.de\/shop\/wp-json\/wp\/v2\/types\/product"}],"wp:featuredmedia":[{"embeddable":true,"href":"https:\/\/motorrad-erinnerungen.de\/shop\/wp-json\/wp\/v2\/media\/14043"}],"wp:attachment":[{"href":"https:\/\/motorrad-erinnerungen.de\/shop\/wp-json\/wp\/v2\/media?parent=14056"}],"wp:term":[{"taxonomy":"product_brand","embeddable":true,"href":"https:\/\/motorrad-erinnerungen.de\/shop\/wp-json\/wp\/v2\/product_brand?post=14056"},{"taxonomy":"product_cat","embeddable":true,"href":"https:\/\/motorrad-erinnerungen.de\/shop\/wp-json\/wp\/v2\/product_cat?post=14056"},{"taxonomy":"product_tag","embeddable":true,"href":"https:\/\/motorrad-erinnerungen.de\/shop\/wp-json\/wp\/v2\/product_tag?post=14056"}],"curies":[{"name":"wp","href":"https:\/\/api.w.org\/{rel}","templated":true}]}}