{"id":14058,"date":"2026-02-03T20:36:29","date_gmt":"2026-02-03T19:36:29","guid":{"rendered":"https:\/\/motorrad-erinnerungen.de\/shop\/produkt\/oldtimer-praxis-11-2013-mga-suzuki-gt-750-ardie-bz-350\/"},"modified":"2026-02-03T21:08:24","modified_gmt":"2026-02-03T20:08:24","slug":"oldtimer-praxis-11-2013-mga-suzuki-gt-750-ardie-bz-350","status":"publish","type":"product","link":"https:\/\/motorrad-erinnerungen.de\/shop\/produkt\/oldtimer-praxis-11-2013-mga-suzuki-gt-750-ardie-bz-350\/","title":{"rendered":"Oldtimer Praxis 11\/2013 \u2013 MGA 1600; Suzuki GT 750; Ardie BZ 350"},"content":{"rendered":"<p>Ein St\u00fcck Zeitgeschichte f\u00fcr Fans klassischer Technik: die <strong>Oldtimer Praxis 11\/2013<\/strong>.<\/p>\n<h2>\ud83d\udccc Titelthema dieser Ausgabe<\/h2>\n<ul>\n<li><strong>MGA 1600<\/strong> \u2013 Doppelte Perfektion: Coup\u00e9 und Roadster<\/li>\n<\/ul>\n<h2>\ud83c\udfcd\ufe0f Motorr\u00e4der &amp; Zweir\u00e4der in dieser Ausgabe<\/h2>\n<ul>\n<li><strong>Suzuki GT 750<\/strong> \u2013 Zahmer B\u00fcffel: Aus dem Tagebuch eines Suzuki-GT-750-Schraubers<\/li>\n<li><strong>Ardie BZ 350<\/strong> \u2013 Unter der Lupe: Ardies erstaunlicher BZ-350-Zweitakt-Twin<\/li>\n<li><strong>Mofa-Rennteam<\/strong> \u2013 Vollgas: Zu Besuch bei einem Mofa-Rennteam<\/li>\n<\/ul>\n<h2>\ud83d\ude97 Weitere Oldtimer-Themen<\/h2>\n<ul>\n<li><strong>Youngtimer f\u00fcr Schrauber<\/strong> \u2013 10 Youngtimer f\u00fcr Schrauber (Golf GTI u.a.)<\/li>\n<li><strong>Ford A<\/strong> \u2013 Im Dauertest: 50.000 Kilometer mit dem Ford A<\/li>\n<li><strong>EMW 340-4 SanKra<\/strong> \u2013 Erste Hilfe: Superselten: EMW 340 \u201eSankra\u201c<\/li>\n<li><strong>BMW 507 V8<\/strong> \u2013 Auf dem Seziertisch: Wir zeigen den feinen V8 von BMW 507 und Barockengel im Detail<\/li>\n<li><strong>Hebeb\u00fchnen<\/strong> \u2013 Sie hebe hoch! Praxis-Tipps rund um Kauf und Aufbau von Hebeb\u00fchnen<\/li>\n<li><strong>Youngtimer aufbereiten<\/strong> \u2013 Wertsteigernd! Youngtimer perfekt aufbereiten<\/li>\n<\/ul>\n<h2>\ud83d\udca1 Tipp<\/h2>\n<ul>\n<li>Eine Oldtimer-Zeitschrift kann auch eine willkommene \u00dcberraschung sein, f\u00fcr Liebhaber klassischer Autos und Motorr\u00e4der \u2013 zum Verschenken von Erinnerungen und Tr\u00e4umen.<\/li>\n<\/ul>\n<h2>\ud83d\udce6 Versand &amp; Service<\/h2>\n<ul>\n<li>Kostenloser Versand in Deutschland, Auslandsversand f\u00fcr eine geringe Pauschale<\/li>\n<li>Erfahrung aus weit \u00fcber 30.000 erfolgreichen Sendungen<\/li>\n<li>Ihre Zeitschrift wird sicher und liebevoll verpackt<\/li>\n<\/ul>\n<h2>\ud83c\udf0d Zustand der Zeitschrift<\/h2>\n<ul>\n<li>Gebraucht, weil gelesen, durchgebl\u00e4ttert, gestapelt, alles original \ud83d\ude09<\/li>\n<\/ul>\n","protected":false},"excerpt":{"rendered":"<p>Hier wird noch selbst geschraubt: Oldtimer Praxis liefert das n\u00f6tige Wissen f\u00fcr die Garage. Von der Wartung bis zur Komplettrestaurierung \u2013 echte Hilfe f\u00fcr alle, die ihre Klassiker auf der Stra\u00dfe halten wollen.<\/p>\n","protected":false},"featured_media":14045,"template":"","meta":{"iawp_total_views":0},"product_brand":[],"product_cat":[10216],"product_tag":[12917,12918,12919,12936,12937,446,4319,10995,12010,12916],"class_list":{"0":"post-14058","1":"product","2":"type-product","3":"status-publish","4":"has-post-thumbnail","6":"product_cat-oldtimer-praxis","7":"product_tag-bmw-v8","8":"product_tag-fahrzeugaufbereitung","9":"product_tag-hebebuehne","10":"product_tag-mga-1600","11":"product_tag-emw-340-4-sankra","12":"product_tag-suzuki-gt-750","13":"product_tag-ardie-bz-350","14":"product_tag-vw-golf-gti","15":"product_tag-ford-a","16":"product_tag-bmw-507","18":"first","19":"instock","20":"shipping-taxable","21":"purchasable","22":"product-type-simple"},"_links":{"self":[{"href":"https:\/\/motorrad-erinnerungen.de\/shop\/wp-json\/wp\/v2\/product\/14058","targetHints":{"allow":["GET"]}}],"collection":[{"href":"https:\/\/motorrad-erinnerungen.de\/shop\/wp-json\/wp\/v2\/product"}],"about":[{"href":"https:\/\/motorrad-erinnerungen.de\/shop\/wp-json\/wp\/v2\/types\/product"}],"wp:featuredmedia":[{"embeddable":true,"href":"https:\/\/motorrad-erinnerungen.de\/shop\/wp-json\/wp\/v2\/media\/14045"}],"wp:attachment":[{"href":"https:\/\/motorrad-erinnerungen.de\/shop\/wp-json\/wp\/v2\/media?parent=14058"}],"wp:term":[{"taxonomy":"product_brand","embeddable":true,"href":"https:\/\/motorrad-erinnerungen.de\/shop\/wp-json\/wp\/v2\/product_brand?post=14058"},{"taxonomy":"product_cat","embeddable":true,"href":"https:\/\/motorrad-erinnerungen.de\/shop\/wp-json\/wp\/v2\/product_cat?post=14058"},{"taxonomy":"product_tag","embeddable":true,"href":"https:\/\/motorrad-erinnerungen.de\/shop\/wp-json\/wp\/v2\/product_tag?post=14058"}],"curies":[{"name":"wp","href":"https:\/\/api.w.org\/{rel}","templated":true}]}}