{"id":14059,"date":"2026-02-03T20:36:29","date_gmt":"2026-02-03T19:36:29","guid":{"rendered":"https:\/\/motorrad-erinnerungen.de\/shop\/produkt\/oldtimer-praxis-12-2013-vw-t2-westfalia-triumph-sst-500-monkey-co\/"},"modified":"2026-02-03T21:13:04","modified_gmt":"2026-02-03T20:13:04","slug":"oldtimer-praxis-12-2013-vw-t2-westfalia-triumph-sst-500-monkey-co","status":"publish","type":"product","link":"https:\/\/motorrad-erinnerungen.de\/shop\/produkt\/oldtimer-praxis-12-2013-vw-t2-westfalia-triumph-sst-500-monkey-co\/","title":{"rendered":"Oldtimer Praxis 12\/2013 \u2013 VW T2 Westfalia; Triumph SST 500; Honda Monkey"},"content":{"rendered":"<p>Ein St\u00fcck Zeitgeschichte f\u00fcr Fans klassischer Technik: die <strong>Oldtimer Praxis 12\/2013<\/strong>.<\/p>\n<h2>\ud83d\udccc Titelthema dieser Ausgabe<\/h2>\n<ul>\n<li><strong>VW T2 Westfalia<\/strong> \u2013 Sommer, Sonne, Freiheit: Unterwegs daheim<\/li>\n<\/ul>\n<h2>\ud83c\udfcd\ufe0f Motorr\u00e4der &amp; Zweir\u00e4der in dieser Ausgabe<\/h2>\n<ul>\n<li><strong>Triumph SST 500<\/strong> \u2013 Richtig rar, richtig viel Dampf!<\/li>\n<li><strong>Honda Monkey<\/strong>\u00a0\u2013 Kleine Freuden: Monkey &amp; Co<\/li>\n<li><strong>MV Agusta 750 S<\/strong> \u2013 Eine Legende seziert: MV Agustas toller Vierzylinder<\/li>\n<\/ul>\n<h2>\ud83d\ude97 Weitere Oldtimer-Themen<\/h2>\n<ul>\n<li><strong>Jaguar Mk2<\/strong> \u2013 Tat\u00fctata! In vollem Polizei-Ornat: Jaguar Mk2<\/li>\n<li><strong>Auto Union 1000 Coup\u00e9<\/strong> \u2013 Perfekt gemacht: Hochzeit<\/li>\n<li><strong>Ford Granada<\/strong> \u2013 Knapp kalkuliert: Fords gro\u00dfer Granada in Bestform<\/li>\n<li><strong>Peugeot 406 Coup\u00e9<\/strong> \u2013 Youngtimer-Steckbrief<\/li>\n<li><\/li>\n<li><strong>Fiat Lampredi-Motor<\/strong> \u2013 Im Detail betrachtet: Fiats Lampredi-dohc-Motor<\/li>\n<li><strong>Wagenheber-Praxis<\/strong> \u2013 Technik-Tipps: 20 Tipps f\u00fcr die Winterpause<\/li>\n<li><strong>Beulendoktor<\/strong> \u2013 Glatt gegangen: Unser 7er BMW beim Beulen-Zauberer<\/li>\n<\/ul>\n<h2>\ud83d\udca1 Tipp<\/h2>\n<ul>\n<li>Eine Oldtimer-Zeitschrift kann auch eine willkommene \u00dcberraschung sein, f\u00fcr Liebhaber klassischer Autos und Motorr\u00e4der \u2013 zum Verschenken von Erinnerungen und Tr\u00e4umen.<\/li>\n<\/ul>\n<h2>\ud83d\udce6 Versand &amp; Service<\/h2>\n<ul>\n<li>Kostenloser Versand in Deutschland, Auslandsversand f\u00fcr eine geringe Pauschale<\/li>\n<li>Erfahrung aus weit \u00fcber 30.000 erfolgreichen Sendungen<\/li>\n<li>Ihre Zeitschrift wird sicher und liebevoll verpackt<\/li>\n<\/ul>\n<h2>\ud83c\udf0d Zustand der Zeitschrift<\/h2>\n<ul>\n<li>Gebraucht, weil gelesen, durchgebl\u00e4ttert, gestapelt, alles original \ud83d\ude09<\/li>\n<\/ul>\n","protected":false},"excerpt":{"rendered":"<p>Hier wird noch selbst geschraubt: Oldtimer Praxis liefert das n\u00f6tige Wissen f\u00fcr die Garage. Von der Wartung bis zur Komplettrestaurierung \u2013 echte Hilfe f\u00fcr alle, die ihre Klassiker auf der Stra\u00dfe halten wollen.<\/p>\n","protected":false},"featured_media":14046,"template":"","meta":{"iawp_total_views":0},"product_brand":[],"product_cat":[10216],"product_tag":[11045,12920,12921,12922,12923,12924,12925,363,8145,10857],"class_list":{"0":"post-14059","1":"product","2":"type-product","3":"status-publish","4":"has-post-thumbnail","6":"product_cat-oldtimer-praxis","7":"product_tag-ford-granada","8":"product_tag-auto-union-1000","9":"product_tag-beulendoktor","10":"product_tag-fiat-twin-cam","11":"product_tag-triumph-sst-500","12":"product_tag-vw-t2-westfalia","13":"product_tag-wagenheber","14":"product_tag-mv-agusta-750-s","15":"product_tag-honda-monkey","16":"product_tag-jaguar-mk2","18":"first","19":"instock","20":"shipping-taxable","21":"purchasable","22":"product-type-simple"},"_links":{"self":[{"href":"https:\/\/motorrad-erinnerungen.de\/shop\/wp-json\/wp\/v2\/product\/14059","targetHints":{"allow":["GET"]}}],"collection":[{"href":"https:\/\/motorrad-erinnerungen.de\/shop\/wp-json\/wp\/v2\/product"}],"about":[{"href":"https:\/\/motorrad-erinnerungen.de\/shop\/wp-json\/wp\/v2\/types\/product"}],"wp:featuredmedia":[{"embeddable":true,"href":"https:\/\/motorrad-erinnerungen.de\/shop\/wp-json\/wp\/v2\/media\/14046"}],"wp:attachment":[{"href":"https:\/\/motorrad-erinnerungen.de\/shop\/wp-json\/wp\/v2\/media?parent=14059"}],"wp:term":[{"taxonomy":"product_brand","embeddable":true,"href":"https:\/\/motorrad-erinnerungen.de\/shop\/wp-json\/wp\/v2\/product_brand?post=14059"},{"taxonomy":"product_cat","embeddable":true,"href":"https:\/\/motorrad-erinnerungen.de\/shop\/wp-json\/wp\/v2\/product_cat?post=14059"},{"taxonomy":"product_tag","embeddable":true,"href":"https:\/\/motorrad-erinnerungen.de\/shop\/wp-json\/wp\/v2\/product_tag?post=14059"}],"curies":[{"name":"wp","href":"https:\/\/api.w.org\/{rel}","templated":true}]}}