{"id":14068,"date":"2026-02-03T21:20:45","date_gmt":"2026-02-03T20:20:45","guid":{"rendered":"https:\/\/motorrad-erinnerungen.de\/shop\/produkt\/oldtimer-praxis-02-2014-mercedes-220-se-coupe-dkw-rt-350-s-guzzi-falcone\/"},"modified":"2026-02-03T21:46:30","modified_gmt":"2026-02-03T20:46:30","slug":"oldtimer-praxis-02-2014-mercedes-220-se-coupe-dkw-rt-350-s-guzzi-falcone","status":"publish","type":"product","link":"https:\/\/motorrad-erinnerungen.de\/shop\/produkt\/oldtimer-praxis-02-2014-mercedes-220-se-coupe-dkw-rt-350-s-guzzi-falcone\/","title":{"rendered":"Oldtimer Praxis 02\/2014 \u2013 Mercedes 220 SE Coup\u00e9; DKW RT 350 S; Moto Guzzi Falcone"},"content":{"rendered":"<p>Ein St\u00fcck Zeitgeschichte f\u00fcr Fans klassischer Technik: die <strong>Oldtimer Praxis 02\/2014<\/strong>.<\/p>\n<h2>\ud83d\udccc Titelthema dieser Ausgabe<\/h2>\n<ul>\n<li><strong>Mercedes 220 SE Coup\u00e9<\/strong> \u2013 Der pure Luxus! Ausschlie\u00dflich mit Originalteilen neu entstanden<\/li>\n<\/ul>\n<h2>\ud83c\udfcd\ufe0f Motorr\u00e4der &amp; Zweir\u00e4der in dieser Ausgabe<\/h2>\n<ul>\n<li><strong>DKW RT 350 S<\/strong> \u2013 Topmodell: Restauriert, Werkstatterfahrungen<\/li>\n<li><strong>Moto Guzzi Falcone<\/strong> \u2013 Guzzis Einzylinder-Ikone: Ein Falcone-Restaurierer erz\u00e4hlt<\/li>\n<li><strong>Honda XL 500<\/strong> \u2013 Hightech-Single: Seziert: Hondas XL-500-Vierventiler<\/li>\n<\/ul>\n<h2>\ud83d\ude97 Weitere Oldtimer-Themen<\/h2>\n<ul>\n<li><strong>Ford Mustang Mach 1<\/strong> \u2013 American Dream: Gro\u00dfbaustelle<\/li>\n<li><strong>Opel Rekord E Kombi<\/strong> \u2013 Einer f\u00fcr immer: Im Dauertest<\/li>\n<li><strong>Nissan GT-R<\/strong> \u2013 Power ohne Ende! Dampfmaschine: Nissan Skyline<\/li>\n<li><strong>Zastava 1100<\/strong> \u2013 Ein treuer Begleiter, restauriert<\/li>\n<li><strong>Porsche-911-Motor<\/strong> \u2013 Legende unter der Lupe: Der Porsche-911-Motor im Detail<\/li>\n<li><strong>Vergaser-Grundwissen<\/strong> \u2013 Aufgemischt: Grundwissen rund um den Vergaser<\/li>\n<li><strong>Limas im Detail<\/strong> \u2013 Praxis-Tipps<\/li>\n<\/ul>\n<h2>\ud83d\udca1 Tipp<\/h2>\n<ul>\n<li>Eine Oldtimer-Zeitschrift kann auch eine willkommene \u00dcberraschung sein, f\u00fcr Liebhaber klassischer Autos und Motorr\u00e4der \u2013 zum Verschenken von Erinnerungen und Tr\u00e4umen.<\/li>\n<\/ul>\n<h2>\ud83d\udce6 Versand &amp; Service<\/h2>\n<ul>\n<li>Kostenloser Versand in Deutschland, Auslandsversand f\u00fcr eine geringe Pauschale<\/li>\n<li>Erfahrung aus weit \u00fcber 30.000 erfolgreichen Sendungen<\/li>\n<li>Ihre Zeitschrift wird sicher und liebevoll verpackt<\/li>\n<\/ul>\n<h2>\ud83c\udf0d Zustand der Zeitschrift<\/h2>\n<ul>\n<li>Gebraucht, weil gelesen, durchgebl\u00e4ttert, gestapelt, alles original \ud83d\ude09<\/li>\n<\/ul>\n","protected":false},"excerpt":{"rendered":"<p>Hier wird noch selbst geschraubt: Oldtimer Praxis liefert das n\u00f6tige Wissen f\u00fcr die Garage. Von der Wartung bis zur Komplettrestaurierung \u2013 echte Hilfe f\u00fcr alle, die ihre Klassiker auf der Stra\u00dfe halten wollen.<\/p>\n","protected":false},"featured_media":14074,"template":"","meta":{"iawp_total_views":0},"product_brand":[],"product_cat":[10216],"product_tag":[11456,12692,12943,12944,12945,12946,12947,405,793,4488],"class_list":{"0":"post-14068","1":"product","2":"type-product","3":"status-publish","4":"has-post-thumbnail","6":"product_cat-oldtimer-praxis","7":"product_tag-vergaser","8":"product_tag-zastava-1100","9":"product_tag-ford-mustang-mach-1","10":"product_tag-mercedes-220-se-coupe","11":"product_tag-nissan-skyline","12":"product_tag-opel-rekord-e","13":"product_tag-porsche-911-motor","14":"product_tag-moto-guzzi-falcone","15":"product_tag-honda-xl-500","16":"product_tag-dkw-rt-350-s","18":"first","19":"instock","20":"shipping-taxable","21":"purchasable","22":"product-type-simple"},"_links":{"self":[{"href":"https:\/\/motorrad-erinnerungen.de\/shop\/wp-json\/wp\/v2\/product\/14068","targetHints":{"allow":["GET"]}}],"collection":[{"href":"https:\/\/motorrad-erinnerungen.de\/shop\/wp-json\/wp\/v2\/product"}],"about":[{"href":"https:\/\/motorrad-erinnerungen.de\/shop\/wp-json\/wp\/v2\/types\/product"}],"wp:featuredmedia":[{"embeddable":true,"href":"https:\/\/motorrad-erinnerungen.de\/shop\/wp-json\/wp\/v2\/media\/14074"}],"wp:attachment":[{"href":"https:\/\/motorrad-erinnerungen.de\/shop\/wp-json\/wp\/v2\/media?parent=14068"}],"wp:term":[{"taxonomy":"product_brand","embeddable":true,"href":"https:\/\/motorrad-erinnerungen.de\/shop\/wp-json\/wp\/v2\/product_brand?post=14068"},{"taxonomy":"product_cat","embeddable":true,"href":"https:\/\/motorrad-erinnerungen.de\/shop\/wp-json\/wp\/v2\/product_cat?post=14068"},{"taxonomy":"product_tag","embeddable":true,"href":"https:\/\/motorrad-erinnerungen.de\/shop\/wp-json\/wp\/v2\/product_tag?post=14068"}],"curies":[{"name":"wp","href":"https:\/\/api.w.org\/{rel}","templated":true}]}}