{"id":14072,"date":"2026-02-03T21:20:45","date_gmt":"2026-02-03T20:20:45","guid":{"rendered":"https:\/\/motorrad-erinnerungen.de\/shop\/produkt\/oldtimer-praxis-06-2014-citroen-ds-break-kawasaki-z900-iwl-pitty\/"},"modified":"2026-02-03T22:37:16","modified_gmt":"2026-02-03T21:37:16","slug":"oldtimer-praxis-06-2014-citroen-ds-break-kawasaki-z900-iwl-pitty","status":"publish","type":"product","link":"https:\/\/motorrad-erinnerungen.de\/shop\/produkt\/oldtimer-praxis-06-2014-citroen-ds-break-kawasaki-z900-iwl-pitty\/","title":{"rendered":"Oldtimer Praxis 06\/2014 \u2013 Citro\u00ebn DS Break; Kawasaki Z900; IWL Pitty"},"content":{"rendered":"<p>Ein St\u00fcck Zeitgeschichte f\u00fcr Fans klassischer Technik: die <strong>Oldtimer Praxis 06\/2014<\/strong>.<\/p>\n<h2>\ud83d\udccc Titelthema dieser Ausgabe<\/h2>\n<ul>\n<li><strong>Citro\u00ebn DS Break<\/strong> \u2013 Gro\u00dfraum-G\u00f6ttin: automobile Avantgarde<\/li>\n<\/ul>\n<h2>\ud83c\udfcd\ufe0f Motorr\u00e4der &amp; Zweir\u00e4der in dieser Ausgabe<\/h2>\n<ul>\n<li><strong>Kawasaki Z900<\/strong> \u2013 Eine der Sch\u00f6nsten: Kawasakis fantastische Z900 \u2013 in Bestform!<\/li>\n<li><strong>IWL Pitty<\/strong> \u2013 Rarer Roller: IWL Pitty \u2013 fein restauriert<\/li>\n<li><strong>D\u00fcrkopp MD150<\/strong> \u2013 Seziert: D\u00fcrkopps MD150-Motor<\/li>\n<\/ul>\n<h2>\ud83d\ude97 Weitere Oldtimer-Themen<\/h2>\n<ul>\n<li><strong>BMW 3er E30 Cabriolet<\/strong>\u2013 Im Sonderangebot: Jetzt kaufen? BMW E30 Cabrio<\/li>\n<li><strong>Volvo PV544<\/strong> \u2013 Schwedenrost: Er war richtig morsch<\/li>\n<li><strong>Ft Fiberfab Bonito<\/strong> \u2013 Moderne Plastik: Der flachste K\u00e4fer<\/li>\n<li><strong>Ford Fiesta L<\/strong> \u2013 Das gelbe Wunder, fr\u00fch gesehen werden, wurde restauriert<\/li>\n<li><strong>Opel cih-Motoren<\/strong> \u2013 Unverw\u00fcstlich: Die cih-Motoren von Opel unter der Lupe<\/li>\n<li><strong>Cabrioscheiben aufpolieren<\/strong> \u2013 Freie Sicht: wie Sie mit wenig Aufwand f\u00fcr Durchblick sorgen<\/li>\n<li><strong>Laserschwei\u00dfen<\/strong> \u2013 Letzte Rettung! So werden fast verlorene Motorenteile repariert<\/li>\n<\/ul>\n<h2>\ud83d\udca1 Tipp<\/h2>\n<ul>\n<li>Eine Oldtimer-Zeitschrift kann auch eine willkommene \u00dcberraschung sein, f\u00fcr Liebhaber klassischer Autos und Motorr\u00e4der \u2013 zum Verschenken von Erinnerungen und Tr\u00e4umen.<\/li>\n<\/ul>\n<h2>\ud83d\udce6 Versand &amp; Service<\/h2>\n<ul>\n<li>Kostenloser Versand in Deutschland, Auslandsversand f\u00fcr eine geringe Pauschale<\/li>\n<li>Erfahrung aus weit \u00fcber 30.000 erfolgreichen Sendungen<\/li>\n<li>Ihre Zeitschrift wird sicher und liebevoll verpackt<\/li>\n<\/ul>\n<h2>\ud83c\udf0d Zustand der Zeitschrift<\/h2>\n<ul>\n<li>Gebraucht, weil gelesen, durchgebl\u00e4ttert, gestapelt, alles original \ud83d\ude09<\/li>\n<\/ul>\n","protected":false},"excerpt":{"rendered":"<p>Hier wird noch selbst geschraubt: Oldtimer Praxis liefert das n\u00f6tige Wissen f\u00fcr die Garage. Von der Wartung bis zur Komplettrestaurierung \u2013 echte Hilfe f\u00fcr alle, die ihre Klassiker auf der Stra\u00dfe halten wollen.<\/p>\n","protected":false},"featured_media":14078,"template":"","meta":{"iawp_total_views":9},"product_brand":[],"product_cat":[10216],"product_tag":[12967,12969,12970,12971,12972,12983,8805,12984,12985,10794,12965,12966],"class_list":{"0":"post-14072","1":"product","2":"type-product","3":"status-publish","4":"has-post-thumbnail","6":"product_cat-oldtimer-praxis","7":"product_tag-duerkopp","8":"product_tag-iwl-pitty","9":"product_tag-laserschweissen","10":"product_tag-opel-cih","11":"product_tag-volvo-buckel","12":"product_tag-ford-fiesta-l","13":"product_tag-kawasaki-z900","14":"product_tag-ft-fiberfab-bonito","15":"product_tag-bmw-3er-e30-cabriolet","16":"product_tag-citroen-ds-break","17":"product_tag-bmw-e30-cabrio","18":"product_tag-cabrioscheibe","20":"first","21":"instock","22":"shipping-taxable","23":"purchasable","24":"product-type-simple"},"_links":{"self":[{"href":"https:\/\/motorrad-erinnerungen.de\/shop\/wp-json\/wp\/v2\/product\/14072","targetHints":{"allow":["GET"]}}],"collection":[{"href":"https:\/\/motorrad-erinnerungen.de\/shop\/wp-json\/wp\/v2\/product"}],"about":[{"href":"https:\/\/motorrad-erinnerungen.de\/shop\/wp-json\/wp\/v2\/types\/product"}],"wp:featuredmedia":[{"embeddable":true,"href":"https:\/\/motorrad-erinnerungen.de\/shop\/wp-json\/wp\/v2\/media\/14078"}],"wp:attachment":[{"href":"https:\/\/motorrad-erinnerungen.de\/shop\/wp-json\/wp\/v2\/media?parent=14072"}],"wp:term":[{"taxonomy":"product_brand","embeddable":true,"href":"https:\/\/motorrad-erinnerungen.de\/shop\/wp-json\/wp\/v2\/product_brand?post=14072"},{"taxonomy":"product_cat","embeddable":true,"href":"https:\/\/motorrad-erinnerungen.de\/shop\/wp-json\/wp\/v2\/product_cat?post=14072"},{"taxonomy":"product_tag","embeddable":true,"href":"https:\/\/motorrad-erinnerungen.de\/shop\/wp-json\/wp\/v2\/product_tag?post=14072"}],"curies":[{"name":"wp","href":"https:\/\/api.w.org\/{rel}","templated":true}]}}