{"id":1409,"date":"2025-09-05T10:09:05","date_gmt":"2025-09-05T08:09:05","guid":{"rendered":"https:\/\/motorrad-erinnerungen.de\/2026\/produkt\/motorrad-13-1986-test-ducati-750-paso-mit-54-kw-73-ps-im-test-honda-xl-600-lm-mit-32-kw-44-ps-im-vergleichstest\/"},"modified":"2025-12-19T10:55:15","modified_gmt":"2025-12-19T09:55:15","slug":"motorrad-13-1986-test-ducati-750-paso-mit-54-kw-73-ps-im-test-honda-xl-600-lm-mit-32-kw-44-ps-im-vergleichstest","status":"publish","type":"product","link":"https:\/\/motorrad-erinnerungen.de\/shop\/produkt\/motorrad-13-1986-test-ducati-750-paso-mit-54-kw-73-ps-im-test-honda-xl-600-lm-mit-32-kw-44-ps-im-vergleichstest\/","title":{"rendered":"MOTORRAD 13\/1986 \u2013 Test Ducati 750 Paso; Vergleich Yamaha RD 500 LC vs. Yamaha Vmax"},"content":{"rendered":"<p>Hier k\u00f6nnen Sie die <strong>Motorrad\u2011Zeitschrift &#8222;MOTORRAD 13\/1986&#8220;<\/strong> erwerben:<\/p>\n<h2>\ud83d\udcccInhalt dieser Ausgabe (u.a.):<\/h2>\n<ul>\n<li><strong>Ducati 750 Paso<\/strong> mit 54 kW (73 PS) im Test \u2013 Fahrbericht in Wort und Bild auf 4 Seiten<\/li>\n<li><strong>Honda XL 600 LM vs. Kawasaki KLR 600 E vs. Suzuki 600 Dakar vs. Yamaha 600 T\u00e9n\u00e9r\u00e9 <\/strong>\u2013 Enduro-Vergleichstest, Testbericht in Wort und Bild auf 8 Seiten<\/li>\n<li><strong>Honda VT 750 C<\/strong> mit 52 kW(70 PS) im Test \u2013 Fahrbericht in Wort und Bild auf 4 Seiten<\/li>\n<li><strong>Yamaha RD 500 LC vs. Yamaha Vmax <\/strong>\u2013 ungew\u00f6hnlicher Vergleich auf der Rennstrecke, Testbericht in Wort und Bild auf 8 Seiten<\/li>\n<li><strong>Bimota DB 1<\/strong> mit 52\/67 kW (70\/92 PS) im Vergleichstest \u2013 Serienversion vs. Rennmaschine, Testbericht in Wort und Bild auf 7 Seiten<\/li>\n<\/ul>\n<h2>\ud83c\udf0d Zustand der Zeitschrift<\/h2>\n<ul>\n<li><strong>Gebraucht, weil gelesen, durchgebl\u00e4ttert oder gestapelt \ud83d\ude09<\/strong>\u00a0dem Alter angemessen gut bis sehr gut erhalten.<\/li>\n<li>Alles original, Klebespuren von abgel\u00f6sten Abo-Versandaufklebern k\u00f6nnen vorhanden sein.<\/li>\n<\/ul>\n<h2>\ud83d\udce6 Versand &amp; Service<\/h2>\n<ul>\n<li>Kostenloser Versand innerhalb Deutschlands<\/li>\n<li>Versand auch ins Ausland m\u00f6glich<\/li>\n<li>Sicher verpackt \u2013 wir wissen, wie wertvoll diese Sch\u00e4tze sind!<\/li>\n<\/ul>\n","protected":false},"excerpt":{"rendered":"<p>Originalausgabe, wie es sie damals im Zeitschriftenkiosk zu kaufen gab \u2013 f\u00fcrs Wiederfinden der eigenen Motorrad\u2011Erinnerungen beim Bl\u00e4ttern.<\/p>\n","protected":false},"featured_media":1239,"template":"","meta":{"iawp_total_views":1},"product_brand":[],"product_cat":[23],"product_tag":[1474,1486,1487,1488,1489,1208,1235,1400,1425],"class_list":{"0":"post-1409","1":"product","2":"type-product","3":"status-publish","4":"has-post-thumbnail","6":"product_cat-motorrad","7":"product_tag-suzuki-dr-600-r-dakar","8":"product_tag-ducati-750-paso","9":"product_tag-honda-vt-750-c","10":"product_tag-bimota-db-1","11":"product_tag-suzuki-600-dakar","12":"product_tag-yamaha-xt-600-t","13":"product_tag-yamaha-rd-500-lc","14":"product_tag-kawasaki-klr-600-e","15":"product_tag-honda-xl-600-lm","17":"first","18":"instock","19":"shipping-taxable","20":"purchasable","21":"product-type-simple"},"_links":{"self":[{"href":"https:\/\/motorrad-erinnerungen.de\/shop\/wp-json\/wp\/v2\/product\/1409","targetHints":{"allow":["GET"]}}],"collection":[{"href":"https:\/\/motorrad-erinnerungen.de\/shop\/wp-json\/wp\/v2\/product"}],"about":[{"href":"https:\/\/motorrad-erinnerungen.de\/shop\/wp-json\/wp\/v2\/types\/product"}],"wp:featuredmedia":[{"embeddable":true,"href":"https:\/\/motorrad-erinnerungen.de\/shop\/wp-json\/wp\/v2\/media\/1239"}],"wp:attachment":[{"href":"https:\/\/motorrad-erinnerungen.de\/shop\/wp-json\/wp\/v2\/media?parent=1409"}],"wp:term":[{"taxonomy":"product_brand","embeddable":true,"href":"https:\/\/motorrad-erinnerungen.de\/shop\/wp-json\/wp\/v2\/product_brand?post=1409"},{"taxonomy":"product_cat","embeddable":true,"href":"https:\/\/motorrad-erinnerungen.de\/shop\/wp-json\/wp\/v2\/product_cat?post=1409"},{"taxonomy":"product_tag","embeddable":true,"href":"https:\/\/motorrad-erinnerungen.de\/shop\/wp-json\/wp\/v2\/product_tag?post=1409"}],"curies":[{"name":"wp","href":"https:\/\/api.w.org\/{rel}","templated":true}]}}