{"id":14094,"date":"2026-02-04T18:38:00","date_gmt":"2026-02-04T17:38:00","guid":{"rendered":"https:\/\/motorrad-erinnerungen.de\/shop\/produkt\/oldtimer-praxis-07-2014-sunbeam-v8-triumph-twin-bmw-r25-3\/"},"modified":"2026-02-04T19:43:02","modified_gmt":"2026-02-04T18:43:02","slug":"oldtimer-praxis-07-2014-sunbeam-v8-triumph-twin-bmw-r25-3","status":"publish","type":"product","link":"https:\/\/motorrad-erinnerungen.de\/shop\/produkt\/oldtimer-praxis-07-2014-sunbeam-v8-triumph-twin-bmw-r25-3\/","title":{"rendered":"Oldtimer Praxis 07\/2014 \u2013 Sunbeam Tiger 260; Triumph Bonneville 750; Maico MD 125"},"content":{"rendered":"<p>Ein St\u00fcck Zeitgeschichte f\u00fcr Fans klassischer Technik: die <strong>Oldtimer Praxis 07\/2014<\/strong>.<\/p>\n<h2>\ud83d\udccc Titelthema dieser Ausgabe<\/h2>\n<ul>\n<li><strong>Sunbeam Tiger 260<\/strong> \u2013 Der britische Tiger mit dem US-V8 unter der Haube<\/li>\n<\/ul>\n<h2>\ud83c\udfcd\ufe0f Motorr\u00e4der &amp; Zweir\u00e4der in dieser Ausgabe<\/h2>\n<ul>\n<li><strong>Triumph Bonneville 750 (T140V)<\/strong>\u00a0\u2013 Klassiker ab Werk: Tipps und Tricks rund um die letzten Triumph-Twins<\/li>\n<li><strong>BMW R 25\/3<\/strong> \u2013 Seziert: BMWs R25\/3-Einzylinder<\/li>\n<li><strong>Maico MD 125<\/strong> \u2013 Kraftrad! Hei\u00df, hei\u00dfer<\/li>\n<\/ul>\n<h2>\ud83d\ude97 Weitere Oldtimer-Themen<\/h2>\n<ul>\n<li><strong>Renault Estafette<\/strong> \u2013 Franzosen-Bulli! Mehr Service<\/li>\n<li><strong>Borgward Isabella<\/strong> \u2013 15 Jahre mit einer Kombi-Isabella: Borgwards Beste<\/li>\n<li><strong>Opel Tigra<\/strong> \u2013 Junger Wilder: Youngtimer-Fakten<\/li>\n<li><strong>Mercedes-Benz 300 SE (W112)<\/strong> \u2013 Halbzeit beim Aufbau einer gro\u00dfen Heckflosse<\/li>\n<li><strong>Turbo<\/strong> \u2013 Technik seziert: Der Turbo und seine Mitarbeiter im Detail<\/li>\n<li><strong>Heizung und L\u00fcftung<\/strong> \u2013 Technik-Know-how: Tipps f\u00fcr die gro\u00dfe Inspektion<\/li>\n<li><strong>Kardanwellen<\/strong> \u2013 Werkstatt-Tipps: Wenn&#8217;s unterm Auto wummert: So werden Kardanwellen \u00fcberholt<\/li>\n<\/ul>\n<h2>\ud83d\udca1 Tipp<\/h2>\n<ul>\n<li>Eine Oldtimer-Zeitschrift kann auch eine willkommene \u00dcberraschung sein, f\u00fcr Liebhaber klassischer Autos und Motorr\u00e4der \u2013 zum Verschenken von Erinnerungen und Tr\u00e4umen.<\/li>\n<\/ul>\n<h2>\ud83d\udce6 Versand &amp; Service<\/h2>\n<ul>\n<li>Kostenloser Versand in Deutschland, Auslandsversand f\u00fcr eine geringe Pauschale<\/li>\n<li>Erfahrung aus weit \u00fcber 30.000 erfolgreichen Sendungen<\/li>\n<li>Ihre Zeitschrift wird sicher und liebevoll verpackt<\/li>\n<\/ul>\n<h2>\ud83c\udf0d Zustand der Zeitschrift<\/h2>\n<ul>\n<li>Gebraucht, weil gelesen, durchgebl\u00e4ttert, gestapelt, alles original \ud83d\ude09<\/li>\n<\/ul>\n","protected":false},"excerpt":{"rendered":"<p>Hier wird noch selbst geschraubt: Oldtimer Praxis liefert das n\u00f6tige Wissen f\u00fcr die Garage. Von der Wartung bis zur Komplettrestaurierung \u2013 echte Hilfe f\u00fcr alle, die ihre Klassiker auf der Stra\u00dfe halten wollen.<\/p>\n","protected":false},"featured_media":14079,"template":"","meta":{"iawp_total_views":0},"product_brand":[],"product_cat":[10216],"product_tag":[12989,12990,12991,12992,748,13021,13022,11377,13023,11792,12986,12987,12988],"class_list":{"0":"post-14094","1":"product","2":"type-product","3":"status-publish","4":"has-post-thumbnail","6":"product_cat-oldtimer-praxis","7":"product_tag-opel-tigra","8":"product_tag-renault-estafette","9":"product_tag-sunbeam-v8","10":"product_tag-turbolader","11":"product_tag-triumph-bonneville-750","12":"product_tag-sunbeam-tiger-260","13":"product_tag-mercedes-benz-300-se-w112","14":"product_tag-kardanwelle","15":"product_tag-maico-md-125","16":"product_tag-borgward-isabella","17":"product_tag-bmw-r25-3","18":"product_tag-heizung","19":"product_tag-maico-125","21":"first","22":"instock","23":"shipping-taxable","24":"purchasable","25":"product-type-simple"},"_links":{"self":[{"href":"https:\/\/motorrad-erinnerungen.de\/shop\/wp-json\/wp\/v2\/product\/14094","targetHints":{"allow":["GET"]}}],"collection":[{"href":"https:\/\/motorrad-erinnerungen.de\/shop\/wp-json\/wp\/v2\/product"}],"about":[{"href":"https:\/\/motorrad-erinnerungen.de\/shop\/wp-json\/wp\/v2\/types\/product"}],"wp:featuredmedia":[{"embeddable":true,"href":"https:\/\/motorrad-erinnerungen.de\/shop\/wp-json\/wp\/v2\/media\/14079"}],"wp:attachment":[{"href":"https:\/\/motorrad-erinnerungen.de\/shop\/wp-json\/wp\/v2\/media?parent=14094"}],"wp:term":[{"taxonomy":"product_brand","embeddable":true,"href":"https:\/\/motorrad-erinnerungen.de\/shop\/wp-json\/wp\/v2\/product_brand?post=14094"},{"taxonomy":"product_cat","embeddable":true,"href":"https:\/\/motorrad-erinnerungen.de\/shop\/wp-json\/wp\/v2\/product_cat?post=14094"},{"taxonomy":"product_tag","embeddable":true,"href":"https:\/\/motorrad-erinnerungen.de\/shop\/wp-json\/wp\/v2\/product_tag?post=14094"}],"curies":[{"name":"wp","href":"https:\/\/api.w.org\/{rel}","templated":true}]}}