{"id":14096,"date":"2026-02-04T18:38:01","date_gmt":"2026-02-04T17:38:01","guid":{"rendered":"https:\/\/motorrad-erinnerungen.de\/shop\/produkt\/oldtimer-praxis-09-2014-alpine-a110-mz-es-gespann-honda-goldwing\/"},"modified":"2026-02-04T20:07:40","modified_gmt":"2026-02-04T19:07:40","slug":"oldtimer-praxis-09-2014-alpine-a110-mz-es-gespann-honda-goldwing","status":"publish","type":"product","link":"https:\/\/motorrad-erinnerungen.de\/shop\/produkt\/oldtimer-praxis-09-2014-alpine-a110-mz-es-gespann-honda-goldwing\/","title":{"rendered":"Oldtimer Praxis 09\/2014 \u2013 Renault Alpine A110; MZ-ES-Gespann; Honda GL 1000 Gold Wing"},"content":{"rendered":"<p>Ein St\u00fcck Zeitgeschichte f\u00fcr Fans klassischer Technik: die <strong>Oldtimer Praxis 09\/2014<\/strong>.<\/p>\n<h2>\ud83d\udccc Titelthema dieser Ausgabe<\/h2>\n<ul>\n<li><strong>Renault Alpine A110<\/strong> \u2013 Im Tiefflug: Alpine A110<\/li>\n<\/ul>\n<h2>\ud83c\udfcd\ufe0f Motorr\u00e4der &amp; Zweir\u00e4der in dieser Ausgabe<\/h2>\n<ul>\n<li><strong>MZ ES 250\/0 und ES 300<\/strong> \u2013 Patina und Perfektion: Zwei MZ-ES-Gespanne \u2013 zwei Restaurierungs-Philosophien!<\/li>\n<li><strong>Honda GL 1000 Gold Wing (K0)<\/strong> \u2013 Ist soviel Motorrad \u00fcberhaupt restaurierbar?<\/li>\n<li><strong>Velocettes 500er Venom-Single<\/strong> \u2013 Zerlegt<\/li>\n<\/ul>\n<h2>\ud83d\ude97 Weitere Oldtimer-Themen<\/h2>\n<ul>\n<li><strong>Rover P5B Coupe<\/strong> \u2013 Very british! Volks-Rolls oder Fiasko?<\/li>\n<li><strong>Goggomobil Furgoneta<\/strong> \u2013 Transport-Wesen: Auf Tour mit einem Lasten-Goggo<\/li>\n<li><strong>Volvo P 1800<\/strong> \u2013 Auf bestem Wege: Etappen eines Projekts<\/li>\n<li><strong>Ford Focus RS<\/strong> \u2013 4500 Exemplare, durchnummeriert<\/li>\n<li><strong>VW Typ 4 Boxer<\/strong> \u2013 Seziert: Der VW-Typ-4-Triebwerk<\/li>\n<li><strong>Unterbodenschutz<\/strong> \u2013 Werkstatt-Wissen: rund um das viel diskutierte Thema Unterbodenschutz<\/li>\n<li><strong>Bohrer<\/strong> \u2013 Bohrende Fragen: Warum der richtige Bohrer wichtig ist \u2013 und wie Sie ihn finden<\/li>\n<\/ul>\n<h2>\ud83d\udca1 Tipp<\/h2>\n<ul>\n<li>Eine Oldtimer-Zeitschrift kann auch eine willkommene \u00dcberraschung sein, f\u00fcr Liebhaber klassischer Autos und Motorr\u00e4der \u2013 zum Verschenken von Erinnerungen und Tr\u00e4umen.<\/li>\n<\/ul>\n<h2>\ud83d\udce6 Versand &amp; Service<\/h2>\n<ul>\n<li>Kostenloser Versand in Deutschland, Auslandsversand f\u00fcr eine geringe Pauschale<\/li>\n<li>Erfahrung aus weit \u00fcber 30.000 erfolgreichen Sendungen<\/li>\n<li>Ihre Zeitschrift wird sicher und liebevoll verpackt<\/li>\n<\/ul>\n<h2>\ud83c\udf0d Zustand der Zeitschrift<\/h2>\n<ul>\n<li>Gebraucht, weil gelesen, durchgebl\u00e4ttert, gestapelt, alles original \ud83d\ude09<\/li>\n<\/ul>\n","protected":false},"excerpt":{"rendered":"<p>Hier wird noch selbst geschraubt: Oldtimer Praxis liefert das n\u00f6tige Wissen f\u00fcr die Garage. Von der Wartung bis zur Komplettrestaurierung \u2013 echte Hilfe f\u00fcr alle, die ihre Klassiker auf der Stra\u00dfe halten wollen.<\/p>\n","protected":false},"featured_media":14081,"template":"","meta":{"iawp_total_views":0},"product_brand":[],"product_cat":[10216],"product_tag":[12998,13029,13030,484,13031,4656,13032,11569,11714,12190,12738,12754],"class_list":{"0":"post-14096","1":"product","2":"type-product","3":"status-publish","4":"has-post-thumbnail","6":"product_cat-oldtimer-praxis","7":"product_tag-bohrer","8":"product_tag-renault-alpine-a110","9":"product_tag-ford-focus-rs","10":"product_tag-honda-gl-1000-gold-wing","11":"product_tag-rover-p5b-coupe","12":"product_tag-velocette-venom","13":"product_tag-mz-es-250-0-und-es-300","14":"product_tag-mz-es-gespann","15":"product_tag-unterbodenschutz","16":"product_tag-volvo-p-1800","17":"product_tag-goggomobil-furgoneta","18":"product_tag-vw-typ-4","20":"first","21":"instock","22":"shipping-taxable","23":"purchasable","24":"product-type-simple"},"_links":{"self":[{"href":"https:\/\/motorrad-erinnerungen.de\/shop\/wp-json\/wp\/v2\/product\/14096","targetHints":{"allow":["GET"]}}],"collection":[{"href":"https:\/\/motorrad-erinnerungen.de\/shop\/wp-json\/wp\/v2\/product"}],"about":[{"href":"https:\/\/motorrad-erinnerungen.de\/shop\/wp-json\/wp\/v2\/types\/product"}],"wp:featuredmedia":[{"embeddable":true,"href":"https:\/\/motorrad-erinnerungen.de\/shop\/wp-json\/wp\/v2\/media\/14081"}],"wp:attachment":[{"href":"https:\/\/motorrad-erinnerungen.de\/shop\/wp-json\/wp\/v2\/media?parent=14096"}],"wp:term":[{"taxonomy":"product_brand","embeddable":true,"href":"https:\/\/motorrad-erinnerungen.de\/shop\/wp-json\/wp\/v2\/product_brand?post=14096"},{"taxonomy":"product_cat","embeddable":true,"href":"https:\/\/motorrad-erinnerungen.de\/shop\/wp-json\/wp\/v2\/product_cat?post=14096"},{"taxonomy":"product_tag","embeddable":true,"href":"https:\/\/motorrad-erinnerungen.de\/shop\/wp-json\/wp\/v2\/product_tag?post=14096"}],"curies":[{"name":"wp","href":"https:\/\/api.w.org\/{rel}","templated":true}]}}