{"id":14097,"date":"2026-02-04T18:38:01","date_gmt":"2026-02-04T17:38:01","guid":{"rendered":"https:\/\/motorrad-erinnerungen.de\/shop\/produkt\/oldtimer-praxis-10-2014-ford-taunus-p5-cabriolet-muench-4-aspes-navaho\/"},"modified":"2026-02-04T20:54:32","modified_gmt":"2026-02-04T19:54:32","slug":"oldtimer-praxis-10-2014-ford-taunus-p5-cabriolet-muench-4-aspes-navaho","status":"publish","type":"product","link":"https:\/\/motorrad-erinnerungen.de\/shop\/produkt\/oldtimer-praxis-10-2014-ford-taunus-p5-cabriolet-muench-4-aspes-navaho\/","title":{"rendered":"Oldtimer Praxis 10\/2014 \u2013 Ford P5 Cabriolet; M\u00fcnch 4; Aspes Navaho"},"content":{"rendered":"<p>Ein St\u00fcck Zeitgeschichte f\u00fcr Fans klassischer Technik: die <strong>Oldtimer Praxis 10\/2014<\/strong>.<\/p>\n<h2>\ud83d\udccc Titelthema dieser Ausgabe<\/h2>\n<ul>\n<li><strong>Ford 20m TS Deutsch-Cabrio<\/strong> \u2013 Ford fatal! P5-Cabriolet<\/li>\n<\/ul>\n<h2>\ud83c\udfcd\ufe0f Motorr\u00e4der &amp; Zweir\u00e4der in dieser Ausgabe<\/h2>\n<ul>\n<li><strong>M\u00fcnch 1200 TTS\/E<\/strong>\u00a0\u2013 Mehr Motorrad geht nicht: Von 30.000 Kilometern mit einer M\u00fcnch 4<\/li>\n<li><strong>Aspes Navaho RCR 50 II<\/strong>\u00a0\u2013 Ab in die B\u00fcsche! Piekfein<\/li>\n<li><strong>Lambretta SX-200<\/strong> \u2013 Seziert: Lambrettas LX-200-Motor<\/li>\n<\/ul>\n<h2>\ud83d\ude97 Weitere Oldtimer-Themen<\/h2>\n<ul>\n<li><strong>Corvette C3 &#8222;Small block&#8220;<\/strong> \u2013 Kult-Ami: Eine Corvette C3 im Dauertest<\/li>\n<li><strong>Citro\u00ebn 2CV<\/strong> \u2013 Schrauber-Traum: Ideal f\u00fcr Einsteiger<\/li>\n<li><strong>VW Polo 1 GT<\/strong> \u2013 Kleiner Knaller: Fast ausgestorben<\/li>\n<li><strong>Honda S 2000<\/strong> \u2013 ein sportlicher Youngtimer<\/li>\n<li><strong>Lancia Fulvia Motor<\/strong> \u2013 V4 oder Reihen-Vierer? Lancias Fulvia-Motor im Detail<\/li>\n<li><strong>Motorinspektion<\/strong> \u2013 Volles Programm: Vom \u00d6lwechsel bis zum Kompressionscheck<\/li>\n<li><strong>Unterbodenschutz<\/strong> \u2013 Schutz-Behauptung: die Zweite: retten, was zu retten ist, erneuern, wo es n\u00f6tig ist<\/li>\n<\/ul>\n<h2>\ud83d\udca1 Tipp<\/h2>\n<ul>\n<li>Eine Oldtimer-Zeitschrift kann auch eine willkommene \u00dcberraschung sein, f\u00fcr Liebhaber klassischer Autos und Motorr\u00e4der \u2013 zum Verschenken von Erinnerungen und Tr\u00e4umen.<\/li>\n<\/ul>\n<h2>\ud83d\udce6 Versand &amp; Service<\/h2>\n<ul>\n<li>Kostenloser Versand in Deutschland, Auslandsversand f\u00fcr eine geringe Pauschale<\/li>\n<li>Erfahrung aus weit \u00fcber 30.000 erfolgreichen Sendungen<\/li>\n<li>Ihre Zeitschrift wird sicher und liebevoll verpackt<\/li>\n<\/ul>\n<h2>\ud83c\udf0d Zustand der Zeitschrift<\/h2>\n<ul>\n<li>Gebraucht, weil gelesen, durchgebl\u00e4ttert, gestapelt, alles original \ud83d\ude09<\/li>\n<\/ul>\n","protected":false},"excerpt":{"rendered":"<p>Hier wird noch selbst geschraubt: Oldtimer Praxis liefert das n\u00f6tige Wissen f\u00fcr die Garage. Von der Wartung bis zur Komplettrestaurierung \u2013 echte Hilfe f\u00fcr alle, die ihre Klassiker auf der Stra\u00dfe halten wollen.<\/p>\n","protected":false},"featured_media":14082,"template":"","meta":{"iawp_total_views":0},"product_brand":[],"product_cat":[10216],"product_tag":[13005,13006,13033,13034,11048,13035,11596,11714,13000,13001,13002,13004],"class_list":{"0":"post-14097","1":"product","2":"type-product","3":"status-publish","4":"has-post-thumbnail","6":"product_cat-oldtimer-praxis","7":"product_tag-muench-4","8":"product_tag-vw-polo-1-gt","9":"product_tag-ford-20m-ts-deutsch-cabrio","10":"product_tag-lambretta-sx-200","11":"product_tag-citroen-2cv","12":"product_tag-honda-s-2000","13":"product_tag-lancia-fulvia","14":"product_tag-unterbodenschutz","15":"product_tag-aspes-navaho","16":"product_tag-corvette-c3","17":"product_tag-ford-taunus-p5","18":"product_tag-motorinspektion","20":"first","21":"instock","22":"shipping-taxable","23":"purchasable","24":"product-type-simple"},"_links":{"self":[{"href":"https:\/\/motorrad-erinnerungen.de\/shop\/wp-json\/wp\/v2\/product\/14097","targetHints":{"allow":["GET"]}}],"collection":[{"href":"https:\/\/motorrad-erinnerungen.de\/shop\/wp-json\/wp\/v2\/product"}],"about":[{"href":"https:\/\/motorrad-erinnerungen.de\/shop\/wp-json\/wp\/v2\/types\/product"}],"wp:featuredmedia":[{"embeddable":true,"href":"https:\/\/motorrad-erinnerungen.de\/shop\/wp-json\/wp\/v2\/media\/14082"}],"wp:attachment":[{"href":"https:\/\/motorrad-erinnerungen.de\/shop\/wp-json\/wp\/v2\/media?parent=14097"}],"wp:term":[{"taxonomy":"product_brand","embeddable":true,"href":"https:\/\/motorrad-erinnerungen.de\/shop\/wp-json\/wp\/v2\/product_brand?post=14097"},{"taxonomy":"product_cat","embeddable":true,"href":"https:\/\/motorrad-erinnerungen.de\/shop\/wp-json\/wp\/v2\/product_cat?post=14097"},{"taxonomy":"product_tag","embeddable":true,"href":"https:\/\/motorrad-erinnerungen.de\/shop\/wp-json\/wp\/v2\/product_tag?post=14097"}],"curies":[{"name":"wp","href":"https:\/\/api.w.org\/{rel}","templated":true}]}}