{"id":14098,"date":"2026-02-04T18:38:01","date_gmt":"2026-02-04T17:38:01","guid":{"rendered":"https:\/\/motorrad-erinnerungen.de\/shop\/produkt\/oldtimer-praxis-11-2014-fiat-dino-coupe-yamaha-xs-400-nsu-601-ts\/"},"modified":"2026-02-04T21:07:00","modified_gmt":"2026-02-04T20:07:00","slug":"oldtimer-praxis-11-2014-fiat-dino-coupe-yamaha-xs-400-nsu-601-ts","status":"publish","type":"product","link":"https:\/\/motorrad-erinnerungen.de\/shop\/produkt\/oldtimer-praxis-11-2014-fiat-dino-coupe-yamaha-xs-400-nsu-601-ts\/","title":{"rendered":"Oldtimer Praxis 11\/2014 \u2013 Fiat Dino 2400 Coup\u00e9; Yamaha XS 400; NSU 601 TS"},"content":{"rendered":"<p>Ein St\u00fcck Zeitgeschichte f\u00fcr Fans klassischer Technik: die <strong>Oldtimer Praxis 11\/2014<\/strong>.<\/p>\n<h2>\ud83d\udccc Titelthema dieser Ausgabe<\/h2>\n<ul>\n<li><strong>Fiat Dino 2400 Coup\u00e9<\/strong> \u2013 Fiats Feinster! Dino Coup\u00e9<\/li>\n<\/ul>\n<h2>\ud83c\udfcd\ufe0f Motorr\u00e4der &amp; Zweir\u00e4der in dieser Ausgabe<\/h2>\n<ul>\n<li><strong>Yamaha XS 400<\/strong> \u2013 Der Bestseller: Schraubererfahrungen<\/li>\n<li><strong>NSU 601 TS<\/strong> \u2013 Das gro\u00dfe Tourenmodell der Drei\u00dfiger, frisch restauriert<\/li>\n<li><strong>Laverda 750<\/strong> \u2013 Technik im Detail: Italo-Faszination: Der 750er Twin von Laverda<\/li>\n<\/ul>\n<h2>\ud83d\ude97 Weitere Oldtimer-Themen<\/h2>\n<ul>\n<li><strong>VW 1200 Taxi<\/strong> \u2013 Hallo Taxi! Wie ein viert\u00fcriger K\u00e4fer wieder auf die Stra\u00dfe kam<\/li>\n<li><strong>Riley Nine Special<\/strong> \u2013 Ganz speziell! Restverwertung<\/li>\n<li><strong>Opel Commodore B<\/strong> \u2013 Das Kult-Coup\u00e9: Fahrtenbuch<\/li>\n<li><strong>Peugeot 306 Cabriolet<\/strong> \u2013 die offene Variante f\u00fcr Frischluft-Freuden<\/li>\n<li><strong>Volvo B20-Motor<\/strong> \u2013 Genau hingeschaut: Was Volvos B20-Motor zum Dauerl\u00e4ufer macht<\/li>\n<li><strong>Zentralverriegelung<\/strong> \u2013 Was tun, wenn die Zentralverriegelung spinnt? Ein Experte leistet Erste Hilfe<\/li>\n<li><strong>Niederschraubventilen<\/strong> \u2013 Vom Lochkreis bis zum Niederschraubventilen: Jetzt geht&#8217;s rund! Tipps zu Rad und Reifen<\/li>\n<\/ul>\n<h2>\ud83d\udca1 Tipp<\/h2>\n<ul>\n<li>Eine Oldtimer-Zeitschrift kann auch eine willkommene \u00dcberraschung sein, f\u00fcr Liebhaber klassischer Autos und Motorr\u00e4der \u2013 zum Verschenken von Erinnerungen und Tr\u00e4umen.<\/li>\n<\/ul>\n<h2>\ud83d\udce6 Versand &amp; Service<\/h2>\n<ul>\n<li>Kostenloser Versand in Deutschland, Auslandsversand f\u00fcr eine geringe Pauschale<\/li>\n<li>Erfahrung aus weit \u00fcber 30.000 erfolgreichen Sendungen<\/li>\n<li>Ihre Zeitschrift wird sicher und liebevoll verpackt<\/li>\n<\/ul>\n<h2>\ud83c\udf0d Zustand der Zeitschrift<\/h2>\n<ul>\n<li>Gebraucht, weil gelesen, durchgebl\u00e4ttert, gestapelt, alles original \ud83d\ude09<\/li>\n<\/ul>\n","protected":false},"excerpt":{"rendered":"<p>Hier wird noch selbst geschraubt: Oldtimer Praxis liefert das n\u00f6tige Wissen f\u00fcr die Garage. Von der Wartung bis zur Komplettrestaurierung \u2013 echte Hilfe f\u00fcr alle, die ihre Klassiker auf der Stra\u00dfe halten wollen.<\/p>\n","protected":false},"featured_media":14083,"template":"","meta":{"iawp_total_views":0},"product_brand":[],"product_cat":[10216],"product_tag":[13012,13036,42,13037,4080,13038,11895,12239,13008,13009,13010,13011],"class_list":{"0":"post-14098","1":"product","2":"type-product","3":"status-publish","4":"has-post-thumbnail","6":"product_cat-oldtimer-praxis","7":"product_tag-zentralverriegelung","8":"product_tag-fiat-dino-2400-coupe","9":"product_tag-yamaha-xs-400","10":"product_tag-peugeot-306-cabriolet","11":"product_tag-laverda-750","12":"product_tag-vw-1200-taxi","13":"product_tag-volvo-b20","14":"product_tag-opel-commodore-b","15":"product_tag-nsu-601-ts","16":"product_tag-riley-nine","17":"product_tag-raeder","18":"product_tag-vw-kaefer-taxi","20":"first","21":"instock","22":"shipping-taxable","23":"purchasable","24":"product-type-simple"},"_links":{"self":[{"href":"https:\/\/motorrad-erinnerungen.de\/shop\/wp-json\/wp\/v2\/product\/14098","targetHints":{"allow":["GET"]}}],"collection":[{"href":"https:\/\/motorrad-erinnerungen.de\/shop\/wp-json\/wp\/v2\/product"}],"about":[{"href":"https:\/\/motorrad-erinnerungen.de\/shop\/wp-json\/wp\/v2\/types\/product"}],"wp:featuredmedia":[{"embeddable":true,"href":"https:\/\/motorrad-erinnerungen.de\/shop\/wp-json\/wp\/v2\/media\/14083"}],"wp:attachment":[{"href":"https:\/\/motorrad-erinnerungen.de\/shop\/wp-json\/wp\/v2\/media?parent=14098"}],"wp:term":[{"taxonomy":"product_brand","embeddable":true,"href":"https:\/\/motorrad-erinnerungen.de\/shop\/wp-json\/wp\/v2\/product_brand?post=14098"},{"taxonomy":"product_cat","embeddable":true,"href":"https:\/\/motorrad-erinnerungen.de\/shop\/wp-json\/wp\/v2\/product_cat?post=14098"},{"taxonomy":"product_tag","embeddable":true,"href":"https:\/\/motorrad-erinnerungen.de\/shop\/wp-json\/wp\/v2\/product_tag?post=14098"}],"curies":[{"name":"wp","href":"https:\/\/api.w.org\/{rel}","templated":true}]}}