{"id":14108,"date":"2026-02-04T22:05:31","date_gmt":"2026-02-04T21:05:31","guid":{"rendered":"https:\/\/motorrad-erinnerungen.de\/shop\/produkt\/oldtimer-praxis-02-2015-opel-rekord-c-sprint-kawasaki-z900-moto-guzzi-ercole\/"},"modified":"2026-02-04T22:40:58","modified_gmt":"2026-02-04T21:40:58","slug":"oldtimer-praxis-02-2015-opel-rekord-c-sprint-kawasaki-z900-moto-guzzi-ercole","status":"publish","type":"product","link":"https:\/\/motorrad-erinnerungen.de\/shop\/produkt\/oldtimer-praxis-02-2015-opel-rekord-c-sprint-kawasaki-z900-moto-guzzi-ercole\/","title":{"rendered":"Oldtimer Praxis 02\/2015 \u2013 Opel Rekord C Sprint; Kawasaki Z900; Moto Guzzi Ercole"},"content":{"rendered":"<p>Ein St\u00fcck Zeitgeschichte f\u00fcr Fans klassischer Technik: die <strong>Oldtimer Praxis 02\/2015<\/strong>.<\/p>\n<h2>\ud83d\udccc Titelthema dieser Ausgabe<\/h2>\n<ul>\n<li><strong>Opel Rekord C <\/strong>\u2013 Rekord-Fieber: Sanka, Coup\u00e9, Cabrio und Kat<\/li>\n<\/ul>\n<h2>\ud83c\udfcd\ufe0f Motorr\u00e4der &amp; Zweir\u00e4der in dieser Ausgabe<\/h2>\n<ul>\n<li><strong>Kawasaki Z900<\/strong> \u2013 Power pur! Restauriert und optimiert: Kawa Z1A<\/li>\n<li><strong>Moto Guzzi Ercole<\/strong> \u2013 Der Lastkradwagen<\/li>\n<li><strong>Velosolex 3800<\/strong>\u00a0\u2013 Seziert: Das Velosolex-Herz im Detail<\/li>\n<\/ul>\n<h2>\ud83d\ude97 Weitere Oldtimer-Themen<\/h2>\n<ul>\n<li><strong>Mercedes 190 Db<\/strong> \u2013 Au\u00dfen unber\u00fchrt&#8230; innen in Topform: Mercedes 190 Db<\/li>\n<li><strong>VW T2 Gro\u00dfraum-Pritsche<\/strong> \u2013 Harte Pritsche: Ein Arbeitstier in Arbeit<\/li>\n<li><strong>Audi A8<\/strong> \u2013 Chefsache \u2013 Reisen erster Klasse?<\/li>\n<li><strong>Ford Y<\/strong> \u2013 Genuss ohne Reue in der Vorkriegsklasse<\/li>\n<li><strong>Triumph TR6 Shooting Brake<\/strong> \u2013 ein Sport-Kombi in bester englischer Tradition<\/li>\n<li><strong>Wartburg 353<\/strong>\u00a0\u2013 Unter der Lupe: Wartburg-Motor<\/li>\n<li><strong>Kugelgelenk-Tipps<\/strong> \u2013 F\u00fchrungskr\u00e4fte: Kugelgelenk-Tipps<\/li>\n<li><strong>Bremskraftverst\u00e4rker<\/strong> \u2013 Halt mal eben! So wird ein Bremskraftverst\u00e4rker nachger\u00fcstet<\/li>\n<\/ul>\n<h2>\ud83d\udca1 Tipp<\/h2>\n<ul>\n<li>Eine Oldtimer-Zeitschrift kann auch eine willkommene \u00dcberraschung sein, f\u00fcr Liebhaber klassischer Autos und Motorr\u00e4der \u2013 zum Verschenken von Erinnerungen und Tr\u00e4umen.<\/li>\n<\/ul>\n<h2>\ud83d\udce6 Versand &amp; Service<\/h2>\n<ul>\n<li>Kostenloser Versand in Deutschland, Auslandsversand f\u00fcr eine geringe Pauschale<\/li>\n<li>Erfahrung aus weit \u00fcber 30.000 erfolgreichen Sendungen<\/li>\n<li>Ihre Zeitschrift wird sicher und liebevoll verpackt<\/li>\n<\/ul>\n<h2>\ud83c\udf0d Zustand der Zeitschrift<\/h2>\n<ul>\n<li>Gebraucht, weil gelesen, durchgebl\u00e4ttert, gestapelt, alles original \ud83d\ude09<\/li>\n<\/ul>\n","protected":false},"excerpt":{"rendered":"<p>Hier wird noch selbst geschraubt: Oldtimer Praxis liefert das n\u00f6tige Wissen f\u00fcr die Garage. Von der Wartung bis zur Komplettrestaurierung \u2013 echte Hilfe f\u00fcr alle, die ihre Klassiker auf der Stra\u00dfe halten wollen.<\/p>\n","protected":false},"featured_media":14114,"template":"","meta":{"iawp_total_views":1},"product_brand":[],"product_cat":[10216],"product_tag":[10893,11004,12728,13047,13048,13075,13076,13077,4666,13078,8805,13079],"class_list":{"0":"post-14108","1":"product","2":"type-product","3":"status-publish","4":"has-post-thumbnail","6":"product_cat-oldtimer-praxis","7":"product_tag-bremskraftverstaerker","8":"product_tag-opel-rekord-c","9":"product_tag-wartburg-353","10":"product_tag-audi-a8","11":"product_tag-kugelgelenk","12":"product_tag-velosolex-3800","13":"product_tag-mercedes-190-db","14":"product_tag-ford-y","15":"product_tag-moto-guzzi-ercole","16":"product_tag-triumph-tr6-shooting-brake","17":"product_tag-kawasaki-z900","18":"product_tag-vw-t2-grossraum-pritsche","20":"first","21":"instock","22":"shipping-taxable","23":"purchasable","24":"product-type-simple"},"_links":{"self":[{"href":"https:\/\/motorrad-erinnerungen.de\/shop\/wp-json\/wp\/v2\/product\/14108","targetHints":{"allow":["GET"]}}],"collection":[{"href":"https:\/\/motorrad-erinnerungen.de\/shop\/wp-json\/wp\/v2\/product"}],"about":[{"href":"https:\/\/motorrad-erinnerungen.de\/shop\/wp-json\/wp\/v2\/types\/product"}],"wp:featuredmedia":[{"embeddable":true,"href":"https:\/\/motorrad-erinnerungen.de\/shop\/wp-json\/wp\/v2\/media\/14114"}],"wp:attachment":[{"href":"https:\/\/motorrad-erinnerungen.de\/shop\/wp-json\/wp\/v2\/media?parent=14108"}],"wp:term":[{"taxonomy":"product_brand","embeddable":true,"href":"https:\/\/motorrad-erinnerungen.de\/shop\/wp-json\/wp\/v2\/product_brand?post=14108"},{"taxonomy":"product_cat","embeddable":true,"href":"https:\/\/motorrad-erinnerungen.de\/shop\/wp-json\/wp\/v2\/product_cat?post=14108"},{"taxonomy":"product_tag","embeddable":true,"href":"https:\/\/motorrad-erinnerungen.de\/shop\/wp-json\/wp\/v2\/product_tag?post=14108"}],"curies":[{"name":"wp","href":"https:\/\/api.w.org\/{rel}","templated":true}]}}