{"id":14111,"date":"2026-02-04T22:05:32","date_gmt":"2026-02-04T21:05:32","guid":{"rendered":"https:\/\/motorrad-erinnerungen.de\/shop\/produkt\/oldtimer-praxis-05-2015-audi-100-coupe-s-zuendapp-ks-175-adler-mb-250\/"},"modified":"2026-02-28T22:33:28","modified_gmt":"2026-02-28T21:33:28","slug":"oldtimer-praxis-05-2015-audi-100-coupe-s-zuendapp-ks-175-adler-mb-250","status":"publish","type":"product","link":"https:\/\/motorrad-erinnerungen.de\/shop\/produkt\/oldtimer-praxis-05-2015-audi-100-coupe-s-zuendapp-ks-175-adler-mb-250\/","title":{"rendered":"Oldtimer Praxis 05\/2015 \u2013 Audi 100 Coup\u00e9 S; Z\u00fcndapp KS 175; Adler MB 250"},"content":{"rendered":"<p>Ein St\u00fcck Zeitgeschichte f\u00fcr Fans klassischer Technik: die <strong>Oldtimer Praxis 05\/2015<\/strong>.<\/p>\n<h2>\ud83d\udccc Titelthema dieser Ausgabe<\/h2>\n<ul>\n<li><strong>Audi 100 Coup\u00e9 S<\/strong> \u2013 In bestechender Form!<\/li>\n<\/ul>\n<h2>\ud83c\udfcd\ufe0f Motorr\u00e4der &amp; Zweir\u00e4der in dieser Ausgabe<\/h2>\n<ul>\n<li><strong>Z\u00fcndapp KS 175<\/strong> \u2013 Der letzte Versuch: Auf Tour mit Z\u00fcndapps KS 175<\/li>\n<li><strong>Adler MBS 250 G<\/strong> \u2013 Klein aber oho: Ein Adler-Schrauber-Team und seine tolle GS-Replica<\/li>\n<li><strong>Triumph T100<\/strong> \u2013 Seziert: Triumphs T100-Kurzhub-Twin<\/li>\n<\/ul>\n<h2>\ud83d\ude97 Weitere Oldtimer-Themen<\/h2>\n<ul>\n<li><strong>Lancia Aurelia 2500 GT B20 S<\/strong> \u2013 Ewig sch\u00f6n! Fahrtenbuch<\/li>\n<li><strong>Opel 1290<\/strong> \u2013 Gerade in Arbeit: Herausforderung: Opel 1290<\/li>\n<li><strong>Barkas B 1000 Sanka<\/strong> \u2013 Der Ost-Bulli: Fein restauriert: Barkas B1000 Sanka<\/li>\n<li><strong>Piaggio Ape MP 550<\/strong> \u2013 Nachwuchs kommt: Von Vater, Sohn und drei Piaggio Ape<\/li>\n<li><strong>Suzuki Cappucino<\/strong> \u2013 Schwer, einen zu bekommen<\/li>\n<li><\/li>\n<li><strong>Saab 900 Motor<\/strong> \u2013 Der beste Vierzylinder? Der Saab-900-Motor im Detail<\/li>\n<li><strong>Schutzgasschwei\u00dfger\u00e4t<\/strong> \u2013 Kaufberatung: Was ein Schutzgasschwei\u00dfger\u00e4t k\u00f6nnen muss und kosten darf<\/li>\n<\/ul>\n<h2>\ud83d\udca1 Tipp<\/h2>\n<ul>\n<li>Eine Oldtimer-Zeitschrift kann auch eine willkommene \u00dcberraschung sein, f\u00fcr Liebhaber klassischer Autos und Motorr\u00e4der \u2013 zum Verschenken von Erinnerungen und Tr\u00e4umen.<\/li>\n<\/ul>\n<h2>\ud83d\udce6 Versand &amp; Service<\/h2>\n<ul>\n<li>Kostenloser Versand in Deutschland, Auslandsversand f\u00fcr eine geringe Pauschale<\/li>\n<li>Erfahrung aus weit \u00fcber 30.000 erfolgreichen Sendungen<\/li>\n<li>Ihre Zeitschrift wird sicher und liebevoll verpackt<\/li>\n<\/ul>\n<h2>\ud83c\udf0d Zustand der Zeitschrift<\/h2>\n<ul>\n<li>Gebraucht, weil gelesen, durchgebl\u00e4ttert, gestapelt, alles original \ud83d\ude09<\/li>\n<\/ul>\n","protected":false},"excerpt":{"rendered":"<p>Hier wird noch selbst geschraubt: Oldtimer Praxis liefert das n\u00f6tige Wissen f\u00fcr die Garage. Von der Wartung bis zur Komplettrestaurierung \u2013 echte Hilfe f\u00fcr alle, die ihre Klassiker auf der Stra\u00dfe halten wollen.<\/p>\n","protected":false},"featured_media":14117,"template":"","meta":{"iawp_total_views":1},"product_brand":[],"product_cat":[10216],"product_tag":[13069,13089,13090,13091,13092,686,13093,11722,13065,13067,13068],"class_list":{"0":"post-14111","1":"product","2":"type-product","3":"status-publish","4":"has-post-thumbnail","6":"product_cat-oldtimer-praxis","7":"product_tag-triumph-t100","8":"product_tag-suzuki-cappucino","9":"product_tag-piaggio-ape-mp-550","10":"product_tag-barkas-b-1000","11":"product_tag-adler-mbs-250-g","12":"product_tag-zuendapp-ks-175","13":"product_tag-lancia-aurelia-2500-gt","14":"product_tag-audi-100-coupe-s","15":"product_tag-opel-1290","16":"product_tag-saab-900-motor","17":"product_tag-schweissgeraet","19":"first","20":"instock","21":"shipping-taxable","22":"purchasable","23":"product-type-simple"},"_links":{"self":[{"href":"https:\/\/motorrad-erinnerungen.de\/shop\/wp-json\/wp\/v2\/product\/14111","targetHints":{"allow":["GET"]}}],"collection":[{"href":"https:\/\/motorrad-erinnerungen.de\/shop\/wp-json\/wp\/v2\/product"}],"about":[{"href":"https:\/\/motorrad-erinnerungen.de\/shop\/wp-json\/wp\/v2\/types\/product"}],"wp:featuredmedia":[{"embeddable":true,"href":"https:\/\/motorrad-erinnerungen.de\/shop\/wp-json\/wp\/v2\/media\/14117"}],"wp:attachment":[{"href":"https:\/\/motorrad-erinnerungen.de\/shop\/wp-json\/wp\/v2\/media?parent=14111"}],"wp:term":[{"taxonomy":"product_brand","embeddable":true,"href":"https:\/\/motorrad-erinnerungen.de\/shop\/wp-json\/wp\/v2\/product_brand?post=14111"},{"taxonomy":"product_cat","embeddable":true,"href":"https:\/\/motorrad-erinnerungen.de\/shop\/wp-json\/wp\/v2\/product_cat?post=14111"},{"taxonomy":"product_tag","embeddable":true,"href":"https:\/\/motorrad-erinnerungen.de\/shop\/wp-json\/wp\/v2\/product_tag?post=14111"}],"curies":[{"name":"wp","href":"https:\/\/api.w.org\/{rel}","templated":true}]}}