{"id":14112,"date":"2026-02-04T22:05:32","date_gmt":"2026-02-04T21:05:32","guid":{"rendered":"https:\/\/motorrad-erinnerungen.de\/shop\/produkt\/oldtimer-praxis-06-2015-alfa-romeo-duetto-mv-agusta-cento-valli-maicomobil\/"},"modified":"2026-02-04T23:28:17","modified_gmt":"2026-02-04T22:28:17","slug":"oldtimer-praxis-06-2015-alfa-romeo-duetto-mv-agusta-cento-valli-maicomobil","status":"publish","type":"product","link":"https:\/\/motorrad-erinnerungen.de\/shop\/produkt\/oldtimer-praxis-06-2015-alfa-romeo-duetto-mv-agusta-cento-valli-maicomobil\/","title":{"rendered":"Oldtimer Praxis 06\/2015 \u2013 Alfa Romeo Spider Duetto; MV Agusta Cento Valli; Maico Mobil"},"content":{"rendered":"<p>Ein St\u00fcck Zeitgeschichte f\u00fcr Fans klassischer Technik: die <strong>Oldtimer Praxis 06\/2015<\/strong>.<\/p>\n<h2>\ud83d\udccc Titelthema dieser Ausgabe<\/h2>\n<ul>\n<li><strong>Alfa Romeo Spider Duetto<\/strong>\u00a0\u2013 Fr\u00fchling auf R\u00e4dern: Alfa Duetto<\/li>\n<\/ul>\n<h2>\ud83c\udfcd\ufe0f Motorr\u00e4der &amp; Zweir\u00e4der in dieser Ausgabe<\/h2>\n<ul>\n<li><strong>MV Agusta Cento Valli<\/strong> \u2013 Unterwegs mit einer Motorrad-Legende<\/li>\n<li><strong>Maico Mobil<\/strong> \u2013 Riesen-Roller: Maicomobil in Topform<\/li>\n<li><strong>Simson Schwalbe<\/strong> \u2013 Seziert: Das Herz der Simson Schwalbe KR 51\/1<\/li>\n<\/ul>\n<h2>\ud83d\ude97 Weitere Oldtimer-Themen<\/h2>\n<ul>\n<li><strong>NSU TT<\/strong> \u2013 Renn-Tagebuch: Erfahrungen eines NSU-TT-Piloten<\/li>\n<li><strong>Mitsubishi 3000 GT<\/strong> \u2013 Fernost-Flunder: Mitsubishis hei\u00dfer 3000 GT<\/li>\n<li><strong>VW 1600 Variant<\/strong> \u2013 Richtig rar! Die Story eines Typ-3-Lieferwagens<\/li>\n<li><strong>Talbot Sunbeam 1600 Ti Gruppe A<\/strong> \u2013 wurde nach 25 Jahren Dornr\u00f6schenschlaf geweckt<\/li>\n<li><strong>Rover V8<\/strong> \u2013 Motortechnik: Rovers V8 im Detail<\/li>\n<li><strong>Schwei\u00dfen<\/strong> \u2013 Top-Tipps vom Profi: Die h\u00e4ufigsten Fehler beim Schwei\u00dfen<\/li>\n<li><strong>Innenkotfl\u00fcgel<\/strong> \u2013 Zugeschaut, mitgebaut: Wie Sie Ihrem Oldtimer fachgerecht einen Satz Innenkotfl\u00fcgel verpassen<\/li>\n<\/ul>\n<h2>\ud83d\udca1 Tipp<\/h2>\n<ul>\n<li>Eine Oldtimer-Zeitschrift kann auch eine willkommene \u00dcberraschung sein, f\u00fcr Liebhaber klassischer Autos und Motorr\u00e4der \u2013 zum Verschenken von Erinnerungen und Tr\u00e4umen.<\/li>\n<\/ul>\n<h2>\ud83d\udce6 Versand &amp; Service<\/h2>\n<ul>\n<li>Kostenloser Versand in Deutschland, Auslandsversand f\u00fcr eine geringe Pauschale<\/li>\n<li>Erfahrung aus weit \u00fcber 30.000 erfolgreichen Sendungen<\/li>\n<li>Ihre Zeitschrift wird sicher und liebevoll verpackt<\/li>\n<\/ul>\n<h2>\ud83c\udf0d Zustand der Zeitschrift<\/h2>\n<ul>\n<li>Gebraucht, weil gelesen, durchgebl\u00e4ttert, gestapelt, alles original \ud83d\ude09<\/li>\n<\/ul>\n","protected":false},"excerpt":{"rendered":"<p>Hier wird noch selbst geschraubt: Oldtimer Praxis liefert das n\u00f6tige Wissen f\u00fcr die Garage. Von der Wartung bis zur Komplettrestaurierung \u2013 echte Hilfe f\u00fcr alle, die ihre Klassiker auf der Stra\u00dfe halten wollen.<\/p>\n","protected":false},"featured_media":14118,"template":"","meta":{"iawp_total_views":2},"product_brand":[],"product_cat":[10216],"product_tag":[13094,302,13095,11063,11113,11651,11728,11878,13070,13071,13072],"class_list":{"0":"post-14112","1":"product","2":"type-product","3":"status-publish","4":"has-post-thumbnail","6":"product_cat-oldtimer-praxis","7":"product_tag-talbot-sunbeam-1600-ti-gruppe-a","8":"product_tag-mv-agusta","9":"product_tag-vw-1600-variant","10":"product_tag-nsu-tt","11":"product_tag-maicomobil","12":"product_tag-schweissen","13":"product_tag-simson-schwalbe","14":"product_tag-alfa-romeo-duetto","15":"product_tag-innenkotfluegel","16":"product_tag-mitsubishi-3000-gt","17":"product_tag-rover-v8","19":"first","20":"instock","21":"shipping-taxable","22":"purchasable","23":"product-type-simple"},"_links":{"self":[{"href":"https:\/\/motorrad-erinnerungen.de\/shop\/wp-json\/wp\/v2\/product\/14112","targetHints":{"allow":["GET"]}}],"collection":[{"href":"https:\/\/motorrad-erinnerungen.de\/shop\/wp-json\/wp\/v2\/product"}],"about":[{"href":"https:\/\/motorrad-erinnerungen.de\/shop\/wp-json\/wp\/v2\/types\/product"}],"wp:featuredmedia":[{"embeddable":true,"href":"https:\/\/motorrad-erinnerungen.de\/shop\/wp-json\/wp\/v2\/media\/14118"}],"wp:attachment":[{"href":"https:\/\/motorrad-erinnerungen.de\/shop\/wp-json\/wp\/v2\/media?parent=14112"}],"wp:term":[{"taxonomy":"product_brand","embeddable":true,"href":"https:\/\/motorrad-erinnerungen.de\/shop\/wp-json\/wp\/v2\/product_brand?post=14112"},{"taxonomy":"product_cat","embeddable":true,"href":"https:\/\/motorrad-erinnerungen.de\/shop\/wp-json\/wp\/v2\/product_cat?post=14112"},{"taxonomy":"product_tag","embeddable":true,"href":"https:\/\/motorrad-erinnerungen.de\/shop\/wp-json\/wp\/v2\/product_tag?post=14112"}],"curies":[{"name":"wp","href":"https:\/\/api.w.org\/{rel}","templated":true}]}}