{"id":14135,"date":"2026-02-06T14:30:55","date_gmt":"2026-02-06T13:30:55","guid":{"rendered":"https:\/\/motorrad-erinnerungen.de\/shop\/produkt\/oldtimer-praxis-07-2015-matra-bagheera-honda-mb8-bmw-r-60-2\/"},"modified":"2026-02-06T14:42:09","modified_gmt":"2026-02-06T13:42:09","slug":"oldtimer-praxis-07-2015-matra-bagheera-honda-mb8-bmw-r-60-2","status":"publish","type":"product","link":"https:\/\/motorrad-erinnerungen.de\/shop\/produkt\/oldtimer-praxis-07-2015-matra-bagheera-honda-mb8-bmw-r-60-2\/","title":{"rendered":"Oldtimer Praxis 07\/2015 \u2013 Matra Bagheera; Honda MB8; BMW R 60\/2"},"content":{"rendered":"<p>Ein St\u00fcck Zeitgeschichte f\u00fcr Fans klassischer Technik: die <strong>Oldtimer Praxis 07\/2015<\/strong>.<\/p>\n<h2>\ud83d\udccc Titelthema dieser Ausgabe<\/h2>\n<ul>\n<li><strong>Matra Bagheera<\/strong> \u2013 Plastik-Bausatz: Ein Fall f\u00fcr drei<\/li>\n<\/ul>\n<h2>\ud83c\udfcd\ufe0f Motorr\u00e4der &amp; Zweir\u00e4der in dieser Ausgabe<\/h2>\n<ul>\n<li><strong>Honda MB8<\/strong> \u2013 Damals, vor 35 Jahren! Honda MB8 \u2013 die Massen-Achtziger wird neu entdeckt<\/li>\n<li><strong>BMW R 60\/2<\/strong> \u2013 Spa\u00df hoch drei: Warum die BMW R 60\/2 und ein Steib das perfekte Duo sind<\/li>\n<li><strong>Pierce-Vierzylinder<\/strong> \u2013 Anno 1911! Der 688-Kubik-Vierzylinder von Pierce seziert<\/li>\n<\/ul>\n<h2>\ud83d\ude97 Weitere Oldtimer-Themen<\/h2>\n<ul>\n<li><strong>Saab 96 V4<\/strong> \u2013 Und l\u00e4uft&#8230; Fahrtenbuch: Im Saab 96 unterwegs<\/li>\n<li><strong>BMW M5 (E34)<\/strong> \u2013 Leistung satt! Youngtimer-Tipps: BMW M5 E34<\/li>\n<li><strong>Ford Mustang Fastback<\/strong> \u2013 Die Ami-Ikone: Mustang Fastback 1968 \u2013 fein restauriert<\/li>\n<li><strong>NSU Ro 80<\/strong> \u2013 Wird hier von einem ganzen Club restauriert, Halbzeit-Spezial<\/li>\n<li><strong>Hanomag Rekordwagen<\/strong> \u2013 Der vergessene Silberpfeil wird restauriert, Halbzeit<\/li>\n<li><strong>Goggomobil-Zweizylinder<\/strong> \u2013 Technik seziert: Der Goggomobil-Motor im Detail<\/li>\n<li><strong>Z\u00fcndanlage<\/strong> \u2013 Technik-Know-how: Grundkurs: Wir gehen mit einem Profi auf Fehlersuche in Sachen Z\u00fcndanlage<\/li>\n<li><strong>Lederpflege<\/strong> \u2013 Hautpflege-Tipps: Gutes Leder hat sieben Leben \u2013 wir zeigen, wie Sie einige davon retten!<\/li>\n<\/ul>\n<h2>\ud83d\udca1 Tipp<\/h2>\n<ul>\n<li>Eine Oldtimer-Zeitschrift kann auch eine willkommene \u00dcberraschung sein, f\u00fcr Liebhaber klassischer Autos und Motorr\u00e4der \u2013 zum Verschenken von Erinnerungen und Tr\u00e4umen.<\/li>\n<\/ul>\n<h2>\ud83d\udce6 Versand &amp; Service<\/h2>\n<ul>\n<li>Kostenloser Versand in Deutschland, Auslandsversand f\u00fcr eine geringe Pauschale<\/li>\n<li>Erfahrung aus weit \u00fcber 30.000 erfolgreichen Sendungen<\/li>\n<li>Ihre Zeitschrift wird sicher und liebevoll verpackt<\/li>\n<\/ul>\n<h2>\ud83c\udf0d Zustand der Zeitschrift<\/h2>\n<ul>\n<li>Gebraucht, weil gelesen, durchgebl\u00e4ttert, gestapelt, alles original \ud83d\ude09<\/li>\n<\/ul>\n","protected":false},"excerpt":{"rendered":"<p>Hier wird noch selbst geschraubt: Oldtimer Praxis liefert das n\u00f6tige Wissen f\u00fcr die Garage. Von der Wartung bis zur Komplettrestaurierung \u2013 echte Hilfe f\u00fcr alle, die ihre Klassiker auf der Stra\u00dfe halten wollen.<\/p>\n","protected":false},"featured_media":14119,"template":"","meta":{"iawp_total_views":2},"product_brand":[],"product_cat":[10216],"product_tag":[13129,10907,13130,11064,11183,11896,12128,12191,13096,13097,13098,13099],"class_list":{"0":"post-14135","1":"product","2":"type-product","3":"status-publish","4":"has-post-thumbnail","6":"product_cat-oldtimer-praxis","7":"product_tag-pierce","8":"product_tag-nsu-ro-80","9":"product_tag-hanomag-rekordwagen","10":"product_tag-matra-bagheera","11":"product_tag-zuendanlage","12":"product_tag-saab-96-v4","13":"product_tag-ford-mustang-fastback","14":"product_tag-lederpflege","15":"product_tag-bmw-m5-e34","16":"product_tag-bmw-r-60-2","17":"product_tag-goggomobil-motor","18":"product_tag-honda-mb8","20":"first","21":"instock","22":"shipping-taxable","23":"purchasable","24":"product-type-simple"},"_links":{"self":[{"href":"https:\/\/motorrad-erinnerungen.de\/shop\/wp-json\/wp\/v2\/product\/14135","targetHints":{"allow":["GET"]}}],"collection":[{"href":"https:\/\/motorrad-erinnerungen.de\/shop\/wp-json\/wp\/v2\/product"}],"about":[{"href":"https:\/\/motorrad-erinnerungen.de\/shop\/wp-json\/wp\/v2\/types\/product"}],"wp:featuredmedia":[{"embeddable":true,"href":"https:\/\/motorrad-erinnerungen.de\/shop\/wp-json\/wp\/v2\/media\/14119"}],"wp:attachment":[{"href":"https:\/\/motorrad-erinnerungen.de\/shop\/wp-json\/wp\/v2\/media?parent=14135"}],"wp:term":[{"taxonomy":"product_brand","embeddable":true,"href":"https:\/\/motorrad-erinnerungen.de\/shop\/wp-json\/wp\/v2\/product_brand?post=14135"},{"taxonomy":"product_cat","embeddable":true,"href":"https:\/\/motorrad-erinnerungen.de\/shop\/wp-json\/wp\/v2\/product_cat?post=14135"},{"taxonomy":"product_tag","embeddable":true,"href":"https:\/\/motorrad-erinnerungen.de\/shop\/wp-json\/wp\/v2\/product_tag?post=14135"}],"curies":[{"name":"wp","href":"https:\/\/api.w.org\/{rel}","templated":true}]}}