{"id":14137,"date":"2026-02-06T14:30:56","date_gmt":"2026-02-06T13:30:56","guid":{"rendered":"https:\/\/motorrad-erinnerungen.de\/shop\/produkt\/oldtimer-praxis-09-2015-bmw-2000-cs-honda-cb-750-four-iwl-wiesel\/"},"modified":"2026-02-06T15:13:55","modified_gmt":"2026-02-06T14:13:55","slug":"oldtimer-praxis-09-2015-bmw-2000-cs-honda-cb-750-four-iwl-wiesel","status":"publish","type":"product","link":"https:\/\/motorrad-erinnerungen.de\/shop\/produkt\/oldtimer-praxis-09-2015-bmw-2000-cs-honda-cb-750-four-iwl-wiesel\/","title":{"rendered":"Oldtimer Praxis 09\/2015 \u2013 BMW 2000 CS; Honda CB 750 Four; IWL SR 56 Wiesel; Moto Guzzi Nuovo Falcone"},"content":{"rendered":"<p>Ein St\u00fcck Zeitgeschichte f\u00fcr Fans klassischer Technik: die <strong>Oldtimer Praxis 09\/2015<\/strong>.<\/p>\n<h2>\ud83d\udccc Titelthema dieser Ausgabe<\/h2>\n<ul>\n<li><strong>BMW 2000 CS<\/strong> \u2013 Rar, elegant, unterbewertet<\/li>\n<\/ul>\n<h2>\ud83c\udfcd\ufe0f Motorr\u00e4der &amp; Zweir\u00e4der in dieser Ausgabe<\/h2>\n<ul>\n<li><strong>Honda CB 750 Four<\/strong> \u2013 Auf dem Seziertisch: der legend\u00e4re Motor im Detail<\/li>\n<li><strong>IWL SR 56 Wiesel<\/strong> \u2013 Ost-Roller: Auf Probefahrt mit einem IWL Wiesel<\/li>\n<li><strong>Moto Guzzi Nuovo Falcone<\/strong> \u2013 Wie ein Falke das Fliegen lernte<\/li>\n<li><\/li>\n<li><strong>BMW R 75\/6<\/strong> \u2013 im Tuning Spezial: BMW Caf\u00e9 Racer<\/li>\n<\/ul>\n<h2>\ud83d\ude97 Weitere Oldtimer-Themen<\/h2>\n<ul>\n<li><strong>DKW 1000<\/strong> \u2013 Im Dauertest: 50 Jahre (!) mit dem DKW 1000<\/li>\n<li><strong>American Rambler<\/strong> \u2013 In Arbeit: Halbzeit: American Rambler<\/li>\n<li><strong>Alfa Romeo SZ\/RZ<\/strong> \u2013 Im Check: Youngtimer-Tipp: Alfa SZ\/RZ<\/li>\n<li><strong>Jaguar V12<\/strong> \u2013 Nimm zw\u00f6lf! Jaguars V12 unter der Lupe<\/li>\n<li><strong>Auto Union 1000 S<\/strong> \u2013 Auch nach 53 Jahren keine ernsthaften Schw\u00e4chen!<\/li>\n<li><strong>NSU Typ 67 Rennwagen<\/strong> \u2013 Die Verzylinder-Prinzen waren schon in den Siebziger beliebte Sportger\u00e4te<\/li>\n<li><strong>Volvo 240 Turbo 2,3<\/strong> \u2013 Das Beste aus Schweden vereint<\/li>\n<li><strong>MGA 1600 Mk II Kompressor<\/strong> \u2013 Brite mit hei\u00dfem dohc-Herzen<\/li>\n<\/ul>\n<h2>\ud83d\udca1 Tipp<\/h2>\n<ul>\n<li>Eine Oldtimer-Zeitschrift kann auch eine willkommene \u00dcberraschung sein, f\u00fcr Liebhaber klassischer Autos und Motorr\u00e4der \u2013 zum Verschenken von Erinnerungen und Tr\u00e4umen.<\/li>\n<\/ul>\n<h2>\ud83d\udce6 Versand &amp; Service<\/h2>\n<ul>\n<li>Kostenloser Versand in Deutschland, Auslandsversand f\u00fcr eine geringe Pauschale<\/li>\n<li>Erfahrung aus weit \u00fcber 30.000 erfolgreichen Sendungen<\/li>\n<li>Ihre Zeitschrift wird sicher und liebevoll verpackt<\/li>\n<\/ul>\n<h2>\ud83c\udf0d Zustand der Zeitschrift<\/h2>\n<ul>\n<li>Gebraucht, weil gelesen, durchgebl\u00e4ttert, gestapelt, alles original \ud83d\ude09<\/li>\n<\/ul>\n","protected":false},"excerpt":{"rendered":"<p>Hier wird noch selbst geschraubt: Oldtimer Praxis liefert das n\u00f6tige Wissen f\u00fcr die Garage. Von der Wartung bis zur Komplettrestaurierung \u2013 echte Hilfe f\u00fcr alle, die ihre Klassiker auf der Stra\u00dfe halten wollen.<\/p>\n","protected":false},"featured_media":14121,"template":"","meta":{"iawp_total_views":4},"product_brand":[],"product_cat":[10216],"product_tag":[13135,13136,55,13137,4804,13138,13140,11353,13106,13107,13108,13110,13112],"class_list":{"0":"post-14137","1":"product","2":"type-product","3":"status-publish","4":"has-post-thumbnail","6":"product_cat-oldtimer-praxis","7":"product_tag-auto-union-1000-s","8":"product_tag-iwl-sr-56-wiesel","9":"product_tag-honda-cb-750-four","10":"product_tag-nsu-typ-67-rennwagen","11":"product_tag-moto-guzzi-nuovo-falcone","12":"product_tag-volvo-240-turbo-2","13":"product_tag-mga-1600-mk-ii-kompressor","14":"product_tag-bmw-2000-cs","15":"product_tag-amc-rambler","16":"product_tag-alfa-romeo-sz-rz","17":"product_tag-dkw-1000","18":"product_tag-jaguar-v12","19":"product_tag-tuning","21":"first","22":"instock","23":"shipping-taxable","24":"purchasable","25":"product-type-simple"},"_links":{"self":[{"href":"https:\/\/motorrad-erinnerungen.de\/shop\/wp-json\/wp\/v2\/product\/14137","targetHints":{"allow":["GET"]}}],"collection":[{"href":"https:\/\/motorrad-erinnerungen.de\/shop\/wp-json\/wp\/v2\/product"}],"about":[{"href":"https:\/\/motorrad-erinnerungen.de\/shop\/wp-json\/wp\/v2\/types\/product"}],"wp:featuredmedia":[{"embeddable":true,"href":"https:\/\/motorrad-erinnerungen.de\/shop\/wp-json\/wp\/v2\/media\/14121"}],"wp:attachment":[{"href":"https:\/\/motorrad-erinnerungen.de\/shop\/wp-json\/wp\/v2\/media?parent=14137"}],"wp:term":[{"taxonomy":"product_brand","embeddable":true,"href":"https:\/\/motorrad-erinnerungen.de\/shop\/wp-json\/wp\/v2\/product_brand?post=14137"},{"taxonomy":"product_cat","embeddable":true,"href":"https:\/\/motorrad-erinnerungen.de\/shop\/wp-json\/wp\/v2\/product_cat?post=14137"},{"taxonomy":"product_tag","embeddable":true,"href":"https:\/\/motorrad-erinnerungen.de\/shop\/wp-json\/wp\/v2\/product_tag?post=14137"}],"curies":[{"name":"wp","href":"https:\/\/api.w.org\/{rel}","templated":true}]}}